{"id":6,"date":"2016-07-19T12:56:40","date_gmt":"2016-07-19T10:56:40","guid":{"rendered":"http:\/\/www.2016.neostatic.com\/?page_id=6"},"modified":"2025-03-28T19:18:33","modified_gmt":"2025-03-28T18:18:33","slug":"antistatics","status":"publish","type":"page","link":"https:\/\/www.neostatic.com\/tr\/","title":{"rendered":"Antistatik"},"content":{"rendered":"<p><\/p>\n<h2 class=\"welcome\">Ho\u015f geldiniz!<\/h2>\n<p>NEOSTATIC Antistatik&#8217;e g\u00f6sterdi\u011finiz ilgi i\u00e7in te\u015fekk\u00fcr ederiz. Antistatik \u00fcr\u00fcnlerimizin t\u00fcm \u00f6nemli \u00f6zelliklerine genel bir bak\u0131\u015f. Antistatik\u2019lere genel bak\u0131\u015f <a href=\"#2\" class=\"link\">\u00dcr\u00fcnler<\/a> ba\u015fl\u0131\u011f\u0131 alt\u0131nda bulabilirsiniz.<\/p>\n<hr \/>\n<p class=\"anker\"><a name=\"1\">&nbsp;<\/a><\/p>\n<h3>NEOSTATIC<sup>&reg;<\/sup> &#8211; \u00d6zellikler<\/h3>\n<ul class=\"list\">\n<li>Plastiklerin antistatik kaplamas\u0131 i\u00e7in uygun<\/li>\n<li>EPS&#8217;de \u00f6zel i\u015fleme imkanlar\u0131<\/li>\n<li>Plastik y\u00fczeylerde elektrostatik y\u00fck\u00fc, y\u00fczey direncini azaltarak 10<sup>8<\/sup> \u2013 10<sup>9<\/sup> Ohm&#8217;a indirir<\/li>\n<li>Y\u00fcksek fayda &#8211; m\u00b2 ba\u015f\u0131na sadece 4-6 mg etken madde gereksinimi<\/li>\n<li>A\u015f\u0131r\u0131 derece d\u00fc\u015f\u00fck nemde bile etkili (%20 n. N.)<\/li>\n<li>En az 1 y\u0131l etkili &#8211; kuru ve s\u00fcrt\u00fcnme olmayan plastik y\u00fczeylerde<\/li>\n<li>Fizyolojik olarak zarars\u0131z, g\u0131da ambalaj\u0131 i\u00e7in uygun (<a href=\"#6\" class=\"link\">bk. S\u00fcreklilik<\/a>)<\/li>\n<li>\u00c7evre dostu, biyolojik olarak endojen maddelere \u00e7\u00f6z\u00fcn\u00fcr<\/li>\n<\/ul>\n<hr \/>\n<p class=\"toTop\"><a href=\"\">Yukar\u0131<\/a><\/p>\n<p class=\"anker\"><a name=\"2\">&nbsp;<\/a><\/p>\n<h3>\u00dcr\u00fcnler<\/h3>\n<div class=\"productLeft\">\n<p>NEOSTATIC<sup>&reg;<\/sup> Antistatik sprey<br \/>\n    kullan\u0131ma haz\u0131r, 400ml sprey kutusu<\/p>\n<p>    <img loading=\"lazy\" decoding=\"async\" src=\"\/wp-content\/uploads\/2020\/07\/Neostatic_Spraydose.jpg\" alt=\"Antistatikum Spray\" width=\"297\" height=\"403\" class=\"alignnone size-full wp-image-27\" \/>\n    <\/div>\n<div class=\"productRight\">\n<p>NEOSTATIC<sup>&reg;<\/sup> Antistatik HB 155<br \/>\n    Konsantre, 5 litre teneke kutu<\/p>\n<p>    <img loading=\"lazy\" decoding=\"async\" src=\"\/wp-content\/uploads\/2020\/07\/Neostatic_Kanister.jpg\" alt=\"Neostatic_Kanister\" width=\"297\" height=\"403\" class=\"alignnone size-full wp-image-56\" \/>\n    <\/div>\n<div class=\"cleaner\"><\/div>\n<hr \/>\n<p class=\"toTop\"><a href=\"\">Yukar\u0131<\/a><\/p>\n<p class=\"anker\"><a name=\"3\">&nbsp;<\/a><\/p>\n<h3>NEOSTATIC<sup>&reg;<\/sup> &#8211; Uygulama<\/h3>\n<p>    Antistatik y\u00fczey uygulama %1 oran\u0131nda NEOSTATIC \u00e7\u00f6zeltisini p\u00fcsk\u00fcrtme, dald\u0131rma veya haddeleme y\u00f6ntemiyle ger\u00e7ekle\u015fir.  Su veya dam\u0131t\u0131lm\u0131\u015f su\/alkol &#8211; kar\u0131\u015f\u0131m\u0131. Daha y\u00fcksek alkol oran\u0131 (azami %20) daha h\u0131zl\u0131 kuruma sa\u011flar.<\/p>\n<p>EPS&#8217;den mamul par\u00e7alar, \u00f6n k\u00f6p\u00fcrtme i\u015flemi s\u0131ras\u0131nda veya sonras\u0131nda NEOSTATIC prosed\u00fcr\u00fc ile antistatik olarak donat\u0131labilir.  Malzeme son k\u00f6p\u00fcrtme i\u015fleminden \u00f6nce antistatik i\u015flem g\u00f6r\u00fcr. EPS boncuk y\u00fczeyleri kal\u0131p par\u00e7alar\u0131n i\u00e7inde de antistatik olarak donat\u0131lm\u0131\u015ft\u0131r. <\/p>\n<p>Metal y\u00fczeylerle temas, korozyon hasar\u0131na neden olabilir.<\/p>\n<hr \/>\n<p class=\"toTop\"><a href=\"\">Yukar\u0131<\/a><\/p>\n<p class=\"anker\"><a name=\"4\">&nbsp;<\/a><\/p>\n<h1>Antistatik<\/h1>\n<p>    NEOSTATIC Antistatik plastik y\u00fczeyleri elektrostatik y\u00fcklemelere kar\u015f\u0131 korur. Bunun sonucunda \u00f6rn. toz \u00e7ekme, k\u0131v\u0131lc\u0131m sa\u00e7ma veya folyo, plastik par\u00e7a ve tekstillerin \u201cyap\u0131\u015fmas\u0131\u201d gibi y\u00fcklemenin istenmeyen etkileri de azal\u0131r.<\/p>\n<hr \/>\n<p class=\"toTop\"><a href=\"\">Yukar\u0131<\/a><\/p>\n<p class=\"anker\"><a name=\"5\">&nbsp;<\/a><\/p>\n<h3>Uygulama avantajlar\u0131<\/h3>\n<p>NEOSTATIC Antistatik\u2019ler, a\u015fa\u011f\u0131da belirtilen alanlarda ba\u015far\u0131l\u0131 bir \u015fekilde kullan\u0131lmaktad\u0131r.<\/p>\n<ul class=\"list\">\n<li>EPS ile yap\u0131lan i\u015flemlerde, i\u00e7 donan\u0131m ile antistatik etki uzun s\u00fcreli ve kal\u0131c\u0131 olarak korunur<\/li>\n<li>Y\u00fczey i\u015flemine tabi tutulmu\u015f plastik levha ve filmlerin daha sonra derine \u00e7ekilmesi m\u00fcmk\u00fcn. Bu s\u0131rada antistatik donan\u0131m korunur<\/li>\n<li>\u0130\u00e7erik s\u00fcrt\u00fcnme y\u00fck\u00fcnden korunur<\/li>\n<li>Plastik ambalajlarda, toz tabakas\u0131 (\u201dbuz billuru\u201d) ve b\u00f6ylece kirlenmeyi \u00f6nler<\/li>\n<li>Bask\u0131 i\u015flemlerinin optimizasyonu\n<ul>\n<li>Y\u00fczeyi daha \u00f6nce NEOSTATIC Antistatik ile i\u015flem g\u00f6ren plastik par\u00e7alarda (filmler, \u015fi\u015feler, ambalajlar, kapaklar vb.) iyi bask\u0131 yap\u0131labilmesi veya m\u00fcrekkebin yap\u0131\u015fmas\u0131<\/li>\n<li>Elektrostatik y\u00fckleme sayesinde kusursuz bask\u0131, boyada \u201cs\u0131f\u0131r p\u00fcsk\u00fcrtme hatas\u0131\u201d<\/li>\n<li>Bask\u0131 m\u00fcrekkebinin i\u015flenmesi \u00f6rn. kal\u0131c\u0131 iyi etiket yap\u0131\u015fkanlar\u0131nda ambalaj bask\u0131s\u0131<\/li>\n<\/ul>\n<\/li>\n<li>NEOSTATIC antistatik ile yap\u0131lan p\u00fcsk\u00fcrtme ve temizleme i\u015flemlerinde cam \u015feffafl\u0131\u011f\u0131ndaki PVC ve akrilik camda \u015feffafl\u0131k ve kristal berrakl\u0131\u011f\u0131 korunur.<\/li>\n<li>Film dald\u0131rma banyosunda da \u00e7izgi olu\u015fumu meydana gelmez<\/li>\n<li>G\u0131da ambalajlar\u0131nda kullan\u0131labilen katk\u0131 maddesi (<a href=\"#6\" class=\"link\">bk. S\u00fcreklilik<\/a>)<\/li>\n<li>Antistatik temizlikte, temizlik maddesi olarak (\u00f6rn. zemin kaplamalar\u0131, bina temizli\u011fi, plastik kap\u0131lar\u0131n \/ \u00e7er\u00e7evelerin temizlenmesi vb.) kullan\u0131l\u0131r<\/li>\n<\/ul>\n<p><em>Di\u011fer kullan\u0131m alanlar\u0131:<\/em><\/p>\n<ul class=\"list\">\n<li>S\u00fcre\u00e7 optimizasyonu i\u00e7in tekstiller, sentetik elyaflar ve kar\u0131\u015f\u0131k kuma\u015flarda<\/li>\n<li>Ka\u011f\u0131t, film kapl\u0131 ka\u011f\u0131tlarda yapraklar\u0131n daha iyi birbirinden ayr\u0131lmas\u0131 i\u00e7in<\/li>\n<li>Ticari fuar yap\u0131m\u0131nda, \u00f6r. parlak plastikler elde etmek ve temizlik d\u00f6nemlerini uzatmak i\u00e7in<\/li>\n<li>Yal\u0131t\u0131m malzemeleri ve dolgu malzemelerinin i\u015flenmesinde<\/li>\n<li>Plastiklerin kendili\u011finden da\u011f\u0131lma ve d\u00f6k\u00fclme yetene\u011finin korunmas\u0131nda<\/li>\n<li>Grafik end\u00fcstrisi i\u00e7in kimyasal \u00fcr\u00fcnler<\/li>\n<li>Plastik esasl\u0131 boyalar, sentetik re\u00e7ineler, boyalar ve di\u011fer plastik temelli y\u00fczey \u00e7al\u0131\u015fmalar\u0131nda<\/li>\n<\/ul>\n<p> Size dan\u0131\u015fmanl\u0131k yapmaktan ve projelerinizin ger\u00e7ekle\u015ftirilmesinde yard\u0131mc\u0131 olmaktan memnuniyet duyar\u0131z. <a href=\"#7\" class=\"link\">Bizimle ileti\u015fime ge\u00e7in<\/a><\/p>\n<hr \/>\n<p class=\"toTop\"><a href=\"\">Yukar\u0131<\/a><\/p>\n<p class=\"anker\"><a name=\"6\">&nbsp;<\/a><\/p>\n<h3>S\u00fcreklilik<\/h3>\n<p>    Laboratuvarda test edilmi\u015f analiz sertifikal\u0131 kalitemiz ve AB y\u00f6netmeliklerine uygun olarak yap\u0131lan \u00fcretim sayesinde NEOSTATIC HB 155\u2019i gelecekte de uzun s\u00fcre katk\u0131 maddesi olarak kullanmaya devam edebilirsiniz.<\/p>\n<p>NEOSTATIC HB 155 fizyolojik olarak zarars\u0131zd\u0131r, 10\/2011 no&#8217;lu AB d\u00fczenlemesinde yer almaktad\u0131r\u2028ve b\u00f6ylece g\u0131da ambalajlar\u0131nda katk\u0131 maddesi olarak kullan\u0131labilir \/ s\u0131n\u0131rlama 15 mg \/ m\u00b2<\/p>\n<p>Kimyasallar\u0131n tescili, de\u011ferlendirilmesi, yetkilendirilmesi ve k\u0131s\u0131tlanmas\u0131 ile ilgili 1907\/2006 no&#8217;lu AB d\u00fczenlemesi (REACH) uyar\u0131nca NEOSTATIC HB 155 NEOSTATIC HB 155 tescil edilmi\u015ftir. <\/p>\n<hr \/>\n<p class=\"toTop\"><a href=\"\">Yukar\u0131<\/a><\/p>\n<p class=\"anker\"><a name=\"7\">&nbsp;<\/a><\/p>\n<h3>\u0130leti\u015fim<\/h3>\n<h3>NEOSTATIC<sup>&reg;<\/sup>&#8211; K\u00fcnye<\/h3>\n<p>PETER H. URDAHL GmbH<br \/>\n    Grete-Nevermann-Weg 14<br \/> <br \/>\n    D-22559 Hamburg \/ Almanya<\/p>\n<p class=\"mobile-button\"><a href=\"tel:+4940812328\">Tel.: +49 (0)40 81 23 28<\/a><\/p>\n<p>Faks: +49 (0)40 81 30 67<\/p>\n<p class=\"mobile-button\"><script type=\"text\/javascript\">\n               <!--\n               var name = \"urdahl\";\n               var domain = \"neostatic.com\";\n               document.write('<a href=\"mailto:' + name + '&#64;' + domain + '\">E-posta: ');\n               document.write(name + '&#64;' + domain + '<\/a>');\n               \/\/ -->\n               <\/script><\/p>\n<p>Web sayfas\u0131: www.neostatic.com<\/p>\n<p>    Genel M\u00fcd\u00fcr: Jan Wappler, York Urdahl\u2028<br \/>\n    Vergi Kimlik No.: DE 812843649<br \/>\n   \u2028 Firma merkezi: Hamburg, Hamburg Asliye Hukuk Mahkemesi HRB 74452<\/p>\n<p>    Online uyu\u015fmazl\u0131k \u00e7\u00f6z\u00fcm\u00fc i\u00e7in Avrupa Komisyonu Platformu: <a href=\"https:\/\/ec.europa.eu\/consumers\/odr\" target=\"_blank\" rel=\"noopener\">https:\/\/ec.europa.eu\/consumers\/odr<\/a><br \/>\n    T\u00fcketici tahkim kurulu \u00f6ncesinde bir ihtilaf \u00e7\u00f6z\u00fcm\u00fc prosed\u00fcr\u00fcne kat\u0131lma y\u00fck\u00fcml\u00fcl\u00fc\u011f\u00fcm\u00fcz veya r\u0131zam\u0131z bulunmamaktad\u0131r.<\/p>\n<p><a href=\"\/nutzungsbedingungen\" class=\"link\">Kullan\u0131m \u015fartlar\u0131 \/ Site policy<\/a><br \/>\n    <a href=\"\/agb\" class=\"link\">Genel \u00e7al\u0131\u015fma ko\u015fullar\u0131<\/a><br \/>\n    <a href=\"\/datenschutz\" class=\"link\">Gizlilik<\/a>\n    <\/p>\n<p>    \n<div class=\"wpcf7 no-js\" id=\"wpcf7-f184-o25\" lang=\"de-DE\" dir=\"ltr\" data-wpcf7-id=\"184\">\n<div class=\"screen-reader-response\"><p role=\"status\" aria-live=\"polite\" aria-atomic=\"true\"><\/p> <ul><\/ul><\/div>\n<form action=\"\/tr\/wp-json\/wp\/v2\/pages\/6#wpcf7-f184-o25\" method=\"post\" class=\"wpcf7-form init\" aria-label=\"Kontaktformular\" novalidate=\"novalidate\" data-status=\"init\">\n<fieldset class=\"hidden-fields-container\"><input type=\"hidden\" name=\"_wpcf7\" value=\"184\" \/><input type=\"hidden\" name=\"_wpcf7_version\" value=\"6.1.5\" \/><input type=\"hidden\" name=\"_wpcf7_locale\" value=\"de_DE\" \/><input type=\"hidden\" name=\"_wpcf7_unit_tag\" value=\"wpcf7-f184-o25\" \/><input type=\"hidden\" name=\"_wpcf7_container_post\" value=\"0\" \/><input type=\"hidden\" name=\"_wpcf7_posted_data_hash\" value=\"\" \/>\n<\/fieldset>\n<div class=\"label1\">\n\t<p \/><label for=\"name\">Soy isim*<\/label>\n\t<\/p>\n\t<p><span class=\"wpcf7-form-control-wrap\" data-name=\"your-name\"><input size=\"40\" maxlength=\"400\" class=\"wpcf7-form-control wpcf7-text wpcf7-validates-as-required\" aria-required=\"true\" aria-invalid=\"false\" value=\"\" type=\"text\" name=\"your-name\" \/><\/span>\n\t<\/p>\n\t<p \/><label for=\"email\">E-posta*<\/label>\n\t<\/p>\n\t<p><span class=\"wpcf7-form-control-wrap\" data-name=\"your-email\"><input size=\"40\" maxlength=\"400\" class=\"wpcf7-form-control wpcf7-email wpcf7-validates-as-required wpcf7-text wpcf7-validates-as-email\" aria-required=\"true\" aria-invalid=\"false\" value=\"\" type=\"email\" name=\"your-email\" \/><\/span>\n\t<\/p>\n\t<p \/><label for=\"anwendung\">Kullan\u0131m alan\u0131<\/label>\n\t<\/p>\n\t<p><span class=\"wpcf7-form-control-wrap\" data-name=\"anwendungsgebiet\"><input size=\"40\" maxlength=\"400\" class=\"wpcf7-form-control wpcf7-text\" aria-invalid=\"false\" value=\"\" type=\"text\" name=\"anwendungsgebiet\" \/><\/span>\n\t<\/p>\n<\/div>\n<div class=\"label2\">\n\t<p \/><label for=\"firma\">Firma*<\/label>\n\t<\/p>\n\t<p><span class=\"wpcf7-form-control-wrap\" data-name=\"firma\"><input size=\"40\" maxlength=\"400\" class=\"wpcf7-form-control wpcf7-text wpcf7-validates-as-required\" aria-required=\"true\" aria-invalid=\"false\" value=\"\" type=\"text\" name=\"firma\" \/><\/span>\n\t<\/p>\n\t<p \/><label for=\"telefon\">Telefon*<\/label>\n\t<\/p>\n\t<p><span class=\"wpcf7-form-control-wrap\" data-name=\"telefon\"><input size=\"40\" maxlength=\"400\" class=\"wpcf7-form-control wpcf7-text wpcf7-validates-as-required\" aria-required=\"true\" aria-invalid=\"false\" value=\"\" type=\"text\" name=\"telefon\" \/><\/span>\n\t<\/p>\n\t<p \/><label for=\"typ\">Makine modeli<\/label>\n\t<\/p>\n\t<p><span class=\"wpcf7-form-control-wrap\" data-name=\"maschinentyp\"><input size=\"40\" maxlength=\"400\" class=\"wpcf7-form-control wpcf7-text\" aria-invalid=\"false\" value=\"\" type=\"text\" name=\"maschinentyp\" \/><\/span>\n\t<\/p>\n<\/div>\n<div class=\"label3\">\n\t<p \/><label for=\"text\"><b>Mesaj<\/b><\/label>\n\t<\/p>\n\t<p><span class=\"wpcf7-form-control-wrap\" data-name=\"your-message\"><textarea cols=\"40\" rows=\"10\" maxlength=\"2000\" class=\"wpcf7-form-control wpcf7-textarea\" aria-invalid=\"false\" name=\"your-message\"><\/textarea><\/span>\n\t<\/p>\n\t<p><span class=\"wpcf7-form-control-wrap\" data-name=\"ZustimmungDatenschutz\"><span class=\"wpcf7-form-control wpcf7-acceptance\"><span class=\"wpcf7-list-item\"><input type=\"checkbox\" name=\"ZustimmungDatenschutz\" value=\"1\" aria-invalid=\"false\" \/><\/span><\/span><\/span> &nbsp; G\u00f6nderilen veriler yaln\u0131zca talebinizin ger\u00e7ekle\u015ftirilmesi amac\u0131yla kullan\u0131l\u0131r. <a href=\"\/datenschutz\">Gizlilik politikas\u0131<\/a> hakk\u0131ndaki bilgilendirmeyi okudum ve onayl\u0131yorum.\n\t<\/p>\n\t<div class=\"cleaner\">\n\t<\/div>\n\t<p><input class=\"wpcf7-form-control wpcf7-submit has-spinner\" type=\"submit\" value=\"G\u00f6ndermek\" \/>\n\t<\/p>\n<\/div>\n<div class=\"cleaner\" style=\"margin:40px 0\">\n<\/div><div class=\"wpcf7-response-output\" aria-hidden=\"true\"><\/div>\n<\/form>\n<\/div>\n<\/p>","protected":false},"excerpt":{"rendered":"<p>Ho\u015f geldiniz! NEOSTATIC Antistatik&#8217;e g\u00f6sterdi\u011finiz ilgi i\u00e7in te\u015fekk\u00fcr ederiz. Antistatik \u00fcr\u00fcnlerimizin t\u00fcm \u00f6nemli \u00f6zelliklerine genel bir bak\u0131\u015f. Antistatik\u2019lere genel bak\u0131\u015f \u00dcr\u00fcnler ba\u015fl\u0131\u011f\u0131 alt\u0131nda bulabilirsiniz. &nbsp; NEOSTATIC&reg; &#8211; \u00d6zellikler Plastiklerin antistatik kaplamas\u0131 i\u00e7in uygun EPS&#8217;de \u00f6zel i\u015fleme imkanlar\u0131 Plastik y\u00fczeylerde elektrostatik y\u00fck\u00fc, y\u00fczey direncini azaltarak 108 \u2013 109 Ohm&#8217;a indirir Y\u00fcksek fayda &#8211; m\u00b2 ba\u015f\u0131na sadece &#8230; <a title=\"Antistatik\" class=\"read-more\" href=\"https:\/\/www.neostatic.com\/tr\/\" aria-label=\"Read more about Antistatik\">Read more<\/a><\/p>\n","protected":false},"author":1,"featured_media":0,"parent":0,"menu_order":0,"comment_status":"closed","ping_status":"closed","template":"","meta":{"generate_page_header":"","footnotes":""},"class_list":["post-6","page","type-page","status-publish"],"_links":{"self":[{"href":"https:\/\/www.neostatic.com\/tr\/wp-json\/wp\/v2\/pages\/6","targetHints":{"allow":["GET"]}}],"collection":[{"href":"https:\/\/www.neostatic.com\/tr\/wp-json\/wp\/v2\/pages"}],"about":[{"href":"https:\/\/www.neostatic.com\/tr\/wp-json\/wp\/v2\/types\/page"}],"author":[{"embeddable":true,"href":"https:\/\/www.neostatic.com\/tr\/wp-json\/wp\/v2\/users\/1"}],"replies":[{"embeddable":true,"href":"https:\/\/www.neostatic.com\/tr\/wp-json\/wp\/v2\/comments?post=6"}],"version-history":[{"count":8,"href":"https:\/\/www.neostatic.com\/tr\/wp-json\/wp\/v2\/pages\/6\/revisions"}],"predecessor-version":[{"id":284,"href":"https:\/\/www.neostatic.com\/tr\/wp-json\/wp\/v2\/pages\/6\/revisions\/284"}],"wp:attachment":[{"href":"https:\/\/www.neostatic.com\/tr\/wp-json\/wp\/v2\/media?parent=6"}],"curies":[{"name":"wp","href":"https:\/\/api.w.org\/{rel}","templated":true}]}}