{"id":6,"date":"2016-07-19T12:56:40","date_gmt":"2016-07-19T10:56:40","guid":{"rendered":"http:\/\/www.2016.neostatic.com\/?page_id=6"},"modified":"2025-03-28T19:18:33","modified_gmt":"2025-03-28T18:18:33","slug":"antistatics","status":"publish","type":"page","link":"https:\/\/www.neostatic.com\/sl\/","title":{"rendered":"Antistatik"},"content":{"rendered":"<p><\/p>\n<h2 class=\"welcome\">Dobrodo&#353;li<\/h2>\n<p>Zahvaljujemo se vam za va&#353;e zanimanje za izdelek NEOSTATIC antistatik. V nadaljevanju sledi pregled vseh pomembnih zna&#269;ilnosti na&#353;ih antistati&#269;nih izdelkov. Pregled na&#353;ih antistatikov lahko najdete v rubriki <a href=\"#2\" class=\"link\">izdelki<\/a>.<\/p>\n<p>Ta stran je le za va&#353;e splo&#353;ne informacije. Za dodatna vpra&#353;anja smo vam rade volje na razpolago. Prosimo vas za razumevanje, da korespondenco vodimo izklju&#269;no v nem&#353;&#269;ini in angle&#353;&#269;ini. Razpo&#353;iljanje po svetu organiziramo izklju&#269;no iz Hamburga, Nem&#269;ija.<\/p>\n<hr \/>\n<p class=\"anker\"><a name=\"1\">&nbsp;<\/a><\/p>\n<h3>NEOSTATIC<sup>&reg;<\/sup> &#8211; zna&#269;ilnosti<\/h3>\n<ul class=\"list\">\n<li>izdelek je primeren kot antistati\u010dna obdelava za vse umetne snovi <\/li>\n<li>posebna mo&#382;nost vnosa v EPS<\/li>\n<li>na umetnih povr&#353;inah zmanj&#353;a elektrostati&#269;ni naboj tako, da zni&#382;a upor povr&#353;ine na 10<sup>8<\/sup> &#8211; 10<sup>9<\/sup> ohmov<\/li>\n<li>velika u&#269;inkovitost &#8211; treba je nanesti le 4-6 mg snovi na m&sup2;<\/li>\n<li>u&#269;inkuje tudi pri zelo nizki vla&#382;nosti zraka (20 % r. v.)<\/li>\n<li>dolgotrajna u&#269;inkovitost, tj. vsaj 1 leto &#8211; na suhih in pred drgnjenjem za&#353;&#269;itenih umetnih povr&#353;inah<\/li>\n<li>fiziolo&#353;ko neopore&#269;en, dovoljen kot dodatek za embala\u017ee za \u017eivila (<a href=\"#6\" class=\"link\">glejte trajnost<\/a>)<\/li>\n<li>ekolo&#353;ko sprejemljiv, biolo&#353;ko razgradljiv v lastne snovi<\/li>\n<\/ul>\n<hr \/>\n<p class=\"toTop\"><a href=\"\">Gor<\/a><\/p>\n<p class=\"anker\"><a name=\"2\">&nbsp;<\/a><\/p>\n<h3>Izdelek<\/h3>\n<div class=\"productLeft\">\n<p>Razpr&#353;ilo NEOSTATIC<sup>&reg;<\/sup> Antistatik <br \/>\n    nared za uporabo, 400 ml razpr&#353;ilo<\/p>\n<p>    <img loading=\"lazy\" decoding=\"async\" src=\"\/wp-content\/uploads\/2020\/07\/Neostatic_Spraydose.jpg\" alt=\"Antistatikum Spray\" width=\"297\" height=\"403\" class=\"alignnone size-full wp-image-27\" \/>\n    <\/div>\n<div class=\"productRight\">\n<p>NEOSTATIC<sup>&reg;<\/sup> Antistat HB 155<br \/>\n    koncentrat, 5 L kanta<\/p>\n<p>    <img loading=\"lazy\" decoding=\"async\" src=\"\/wp-content\/uploads\/2020\/07\/Neostatic_Kanister.jpg\" alt=\"Neostatic_Kanister\" width=\"297\" height=\"403\" class=\"alignnone size-full wp-image-56\" \/>\n    <\/div>\n<div class=\"cleaner\"><\/div>\n<hr \/>\n<p class=\"toTop\"><a href=\"\">Gor<\/a><\/p>\n<p class=\"anker\"><a name=\"3\">&nbsp;<\/a><\/p>\n<h3>NEOSTATIC<sup>&reg;<\/sup> Uporaba<\/h3>\n<p>Antistati&#269;ni nanos na povr&#353;ino morate izvesti z razpr&#353;itvijo, potopitvijo ali valjanjem 1% raztopine izdelka NEOSTATIC v dest. vodi ali dest. me&#353;anici vodi\/alkohola. Vi&#353;ji dele&#382; alkohola (maks. 20%) vpliva na hitrej&#353;e su&#353;enje.<\/p>\n<p>Za dele iz EPS je mo&#382;no uporabiti antistati&#269;no obdelavo po NEOSTATIC postopku med ali po postopku predhodnega penjenja. Material se tako &#382;e pred zadnjim nanosom pene antistati&#269;no obdela. Povr\u0161ine EPS-krogolic so tako tudi v notranjosti dela antistati\u010dno obdelani.<\/p>\n<p>Pri stiku s kovinskimi povr&#353;inami se morebiti lahko pojavi &#353;koda zaradi korozije.<\/p>\n<hr \/>\n<p class=\"toTop\"><a href=\"\">Gor<\/a><\/p>\n<p class=\"anker\"><a name=\"4\">&nbsp;<\/a><\/p>\n<h1>Antistatik<\/h1>\n<p>Na&#353;i izdelki NEOSTATIC antistatik &#353;&#269;itijo umetne povr&#353;ine pred elektrostati&#269;nimi naboji. Zaradi tega pride do zni&#382;evanja ne&#382;elenih u&#269;inkov naboja, kot so npr. privla&#269;enje prahu, iskrenje ali &#8216;sprijemanje&#8217; folij, delov iz umetne snovi in blaga.<\/p>\n<hr \/>\n<p class=\"toTop\"><a href=\"\">Gor<\/a><\/p>\n<p class=\"anker\"><a name=\"5\">&nbsp;<\/a><\/p>\n<h3>Prednosti uporabe<\/h3>\n<p>Izdelki NEOSTATIC antistatik so bili uspe&#353;no uporabljeni &#382;e na naslednjih podro&#269;jih:<\/p>\n<ul class=\"list\">\n<li>pri obdelavi z EPS je zaradi notranje obdelave antistati&#269;ni u&#269;inek za&#353;&#269;iten in bo dolgotrajno deloval<\/li>\n<li>mo&#382;no je kasnej&#353;e globoko vle&#269;enje umetnih plo&#353;&#269; in folij, ki so bile povr&#353;insko obdelane. pri tem se antistati&#269;na obdelava ohrani<\/li>\n<li>za za&#353;&#269;ito povr&#353;ine pred naboji, ki nastanejo pri drgnjenju<\/li>\n<li>pri umetnih embala&#382;ah za prepre&#269;evanje nabiranja prahu (&#8222;vzorec ledene ro&#382;e&#8220;) in s tem umazanije<\/li>\n<li>za izbolj&#353;anje postopka tiskanja\n<ul>\n<li>dobro tiskanje oz. ohranjanje tiskarskih barv na umetno izdelanih delih (folije, prirobnice, embala&#382;a, zapiralo itd.), pri katerih ste predhodno obdelali povr&#353;ino z izdelkom NEOSTATIC antistatik<\/li>\n<li>natan&#269;no tiskana slika, ni &#8216;&#353;kropljenja&#8217; barve zaradi elektrostati&#269;nega naboja<\/li>\n<li>vnos v tiskarske barve npr. za tiskanje embala&#382; z jamstvom, da se etikete ne bodo spremenile<\/li>\n<\/ul>\n<\/li>\n<li>transparentnost in lesket izredno &#269;istega PVC in akrilnega stekla se pri pr&#353;enju ali &#269;i&#353;&#269;enju z izdelkom NEOSTATIC antistatik ohranita<\/li>\n<li>ne povzro&#269;a nastajanja lis, tudi pri potopitvi folij<\/li>\n<li>dopusten kot dodatek za embala&#382;e za &#382;ivila (<a href=\"#6\" class=\"link\">glejte trajnost<\/a>)<\/li>\n<li>pri antistati&#269;nem &#269;i&#353;&#269;enju, kot &#269;istilno sredstvo (npr. talna obloga, &#269;i&#353;&#269;enje zgradb, &#269;i&#353;&#269;enje umetnih vrat\/okvirov itd.)<\/li>\n<\/ul>\n<p><em>Nadaljnja podro&#269;ja uporabe:<\/em><\/p>\n<ul class=\"list\">\n<li>pri blagu, umetnih vlaknih in me&#353;anicah blaga za izbolj&#353;anje postopka<\/li>\n<li>pri papirju, papirju s folijo za bolj&#353;e lo&#269;evanje posameznih pol<\/li>\n<li>pri gradnji jedilnice za pridobitev npr. visoko sijo&#269;ega izgleda umetnih snovi in za podalj&#353;anje ciklov &#269;i&#353;&#269;enja<\/li>\n<li>pri obdelavi z izolacijskim sredstvom in polnilnimi materiali<\/li>\n<li>\u0161\u010diti, enostaven nanos s pr\u0161enjem na umetne snovi<\/li>\n<li>kemi&#269;ni izdelki za grafi&#269;no industrijo<\/li>\n<li>pri uporabi z laki, umetno smolo, barvami in pri drugih delih na umetnih povr&#353;inah<\/li>\n<\/ul>\n<p>Veselimo se, da vam bomo lahko svetovali in pomagali pri uresni&#269;evanju va&#353;ih na&#269;rtov. <a href=\"#7\" class=\"link\">Tukaj se obrnite na nas<\/a><\/p>\n<hr \/>\n<p class=\"toTop\"><a href=\"\">Gor<\/a><\/p>\n<p class=\"anker\"><a name=\"6\">&nbsp;<\/a><\/p>\n<h3>Trajnost<\/h3>\n<p>    Na&#353;a laboratorijsko preizku&#353;ena kakovost s certifikatom o analizi in na&#353;i izdelki, ki so v skladu z EU direktivami, vam omogo&#269;ajo, da tudi v prihodnje dolgoro&#269;no uporabite izdelek NEOSTATIC<sup>\u00ae<\/sup> HB 155 kot dodatek v va&#353;ih postopkih proizvodnje.<\/p>\n<p>    Izdelek NEOSTATIC<sup>\u00ae<\/sup> HB 155 je naveden v uredbi EU \u0161t. 10\/2011 in tako dovoljen kot dodatek za embala\u017ee za \u017eivila.<\/p>\n<p>    Izdelek NEOSTATIC<sup>\u00ae<\/sup> HB 155 je registriran v skladu z uredbo Evropske unije \u0161t. 1907\/2006 o registraciji, evalvaciji, avtorizaciji in omejevanju kemikalij (REACH).<\/p>\n<hr \/>\n<p class=\"toTop\"><a href=\"\">Gor<\/a><\/p>\n<p class=\"anker\"><a name=\"7\">&nbsp;<\/a><\/p>\n<h3>Kontakt<\/h3>\n<h3>NEOSTATIC<sup>&reg;<\/sup><\/h3>\n<p>PETER H. URDAHL GmbH<br \/>\n    Grete-Nevermann-Weg 14<br \/> <br \/>\n    D-22559 Hamburg \/ Germany<\/p>\n<p class=\"mobile-button\"><a href=\"tel:+4940812328\">Telefonska &#353;tevilka: +49 (0)40 81 23 28<\/a><\/p>\n<p>Faks: +49 (0)40 81 30 67<\/p>\n<p class=\"mobile-button\"><script type=\"text\/javascript\">\n               <!--\n               var name = \"urdahl\";\n               var domain = \"neostatic.com\";\n               document.write('<a href=\"mailto:' + name + '&#64;' + domain + '\">E-po&#353;tni naslov: ');\n               document.write(name + '&#64;' + domain + '<\/a>');\n               \/\/ -->\n               <\/script><\/p>\n<p>Spletna stran: www.neostatic.com<\/p>\n<p>Vodja dejavnosti: Jan Wappler, York Urdahl<br \/>\n    ID st. za DDV: DE 812843649 <br \/>\n    Sede&#382; dru&#382;be: Hamburg Amtsgericht Hamburg HRB 74452<\/p>\n<p>Platforma Evropske komisije za spletno re\u0161evanje sporov: <a href=\"https:\/\/ec.europa.eu\/consumers\/odr\" target=\"_blank\" rel=\"noopener\">https:\/\/ec.europa.eu\/consumers\/odr<\/a><\/p>\n<p><a href=\"\/en\/nutzungsbedingungen\" class=\"link\">Pogoji uporabe (v nem&#353;&#269;ini in angle&#353;&#269;ini)<\/a><br \/>\n    <a href=\"\/en\/agb\" class=\"link\">Splo&#353;ni pogoji uporabe (v nem&#353;&#269;ini in angle&#353;&#269;ini)<\/a><\/p>\n<p>\n<div class=\"wpcf7 no-js\" id=\"wpcf7-f52-o22\" lang=\"en-US\" dir=\"ltr\" data-wpcf7-id=\"52\">\n<div class=\"screen-reader-response\"><p role=\"status\" aria-live=\"polite\" aria-atomic=\"true\"><\/p> <ul><\/ul><\/div>\n<form action=\"\/sl\/wp-json\/wp\/v2\/pages\/6#wpcf7-f52-o22\" method=\"post\" class=\"wpcf7-form init\" aria-label=\"Contact form\" novalidate=\"novalidate\" data-status=\"init\">\n<fieldset class=\"hidden-fields-container\"><input type=\"hidden\" name=\"_wpcf7\" value=\"52\" \/><input type=\"hidden\" name=\"_wpcf7_version\" value=\"6.1.5\" \/><input type=\"hidden\" name=\"_wpcf7_locale\" value=\"en_US\" \/><input type=\"hidden\" name=\"_wpcf7_unit_tag\" value=\"wpcf7-f52-o22\" \/><input type=\"hidden\" name=\"_wpcf7_container_post\" value=\"0\" \/><input type=\"hidden\" name=\"_wpcf7_posted_data_hash\" value=\"\" \/>\n<\/fieldset>\n<div class=\"label1\">\n\t<p \/><label for=\"name\">Ime*<\/label>\n\t<\/p>\n\t<p><span class=\"wpcf7-form-control-wrap\" data-name=\"your-name\"><input size=\"40\" maxlength=\"400\" class=\"wpcf7-form-control wpcf7-text wpcf7-validates-as-required\" aria-required=\"true\" aria-invalid=\"false\" value=\"\" type=\"text\" name=\"your-name\" \/><\/span>\n\t<\/p>\n\t<p \/><label for=\"email\">E-po&#353;tni naslov*<\/label>\n\t<\/p>\n\t<p><span class=\"wpcf7-form-control-wrap\" data-name=\"your-email\"><input size=\"40\" maxlength=\"400\" class=\"wpcf7-form-control wpcf7-email wpcf7-validates-as-required wpcf7-text wpcf7-validates-as-email\" aria-required=\"true\" aria-invalid=\"false\" value=\"\" type=\"email\" name=\"your-email\" \/><\/span>\n\t<\/p>\n\t<p \/><label for=\"anwendung\">Podro&#269;je uporabe<\/label>\n\t<\/p>\n\t<p><span class=\"wpcf7-form-control-wrap\" data-name=\"anwendungsgebiet\"><input size=\"40\" maxlength=\"400\" class=\"wpcf7-form-control wpcf7-text\" aria-invalid=\"false\" value=\"\" type=\"text\" name=\"anwendungsgebiet\" \/><\/span>\n\t<\/p>\n<\/div>\n<div class=\"label2\">\n\t<p \/><label for=\"firma\">Podjetje*<\/label>\n\t<\/p>\n\t<p><span class=\"wpcf7-form-control-wrap\" data-name=\"firma\"><input size=\"40\" maxlength=\"400\" class=\"wpcf7-form-control wpcf7-text wpcf7-validates-as-required\" aria-required=\"true\" aria-invalid=\"false\" value=\"\" type=\"text\" name=\"firma\" \/><\/span>\n\t<\/p>\n\t<p \/><label for=\"telefon\">Telefonska &#353;tevilka*<\/label>\n\t<\/p>\n\t<p><span class=\"wpcf7-form-control-wrap\" data-name=\"telefon\"><input size=\"40\" maxlength=\"400\" class=\"wpcf7-form-control wpcf7-text wpcf7-validates-as-required\" aria-required=\"true\" aria-invalid=\"false\" value=\"\" type=\"text\" name=\"telefon\" \/><\/span>\n\t<\/p>\n\t<p \/><label for=\"typ\">Vrsta stroja<\/label>\n\t<\/p>\n\t<p><span class=\"wpcf7-form-control-wrap\" data-name=\"maschinentyp\"><input size=\"40\" maxlength=\"400\" class=\"wpcf7-form-control wpcf7-text\" aria-invalid=\"false\" value=\"\" type=\"text\" name=\"maschinentyp\" \/><\/span>\n\t<\/p>\n<\/div>\n<div class=\"label3\">\n\t<p \/><label for=\"text\"><b>Poro&#269;ilo<\/b><\/label>\n\t<\/p>\n\t<p><span class=\"wpcf7-form-control-wrap\" data-name=\"your-message\"><textarea cols=\"40\" rows=\"10\" maxlength=\"2000\" class=\"wpcf7-form-control wpcf7-textarea\" aria-invalid=\"false\" name=\"your-message\"><\/textarea><\/span>\n\t<\/p>\n\t<p><input class=\"wpcf7-form-control wpcf7-submit has-spinner\" type=\"submit\" value=\"Poslati\" \/>\n\t<\/p>\n<\/div>\n<div class=\"cleaner\" style=\"margin:40px 0\">\n<\/div><div class=\"wpcf7-response-output\" aria-hidden=\"true\"><\/div>\n<\/form>\n<\/div>\n<\/p>","protected":false},"excerpt":{"rendered":"<p>Dobrodo&#353;li Zahvaljujemo se vam za va&#353;e zanimanje za izdelek NEOSTATIC antistatik. V nadaljevanju sledi pregled vseh pomembnih zna&#269;ilnosti na&#353;ih antistati&#269;nih izdelkov. Pregled na&#353;ih antistatikov lahko najdete v rubriki izdelki. Ta stran je le za va&#353;e splo&#353;ne informacije. Za dodatna vpra&#353;anja smo vam rade volje na razpolago. Prosimo vas za razumevanje, da korespondenco vodimo izklju&#269;no v &#8230; <a title=\"Antistatik\" class=\"read-more\" href=\"https:\/\/www.neostatic.com\/sl\/\" aria-label=\"Read more about Antistatik\">Read more<\/a><\/p>\n","protected":false},"author":1,"featured_media":0,"parent":0,"menu_order":0,"comment_status":"closed","ping_status":"closed","template":"","meta":{"generate_page_header":"","footnotes":""},"class_list":["post-6","page","type-page","status-publish"],"_links":{"self":[{"href":"https:\/\/www.neostatic.com\/sl\/wp-json\/wp\/v2\/pages\/6","targetHints":{"allow":["GET"]}}],"collection":[{"href":"https:\/\/www.neostatic.com\/sl\/wp-json\/wp\/v2\/pages"}],"about":[{"href":"https:\/\/www.neostatic.com\/sl\/wp-json\/wp\/v2\/types\/page"}],"author":[{"embeddable":true,"href":"https:\/\/www.neostatic.com\/sl\/wp-json\/wp\/v2\/users\/1"}],"replies":[{"embeddable":true,"href":"https:\/\/www.neostatic.com\/sl\/wp-json\/wp\/v2\/comments?post=6"}],"version-history":[{"count":8,"href":"https:\/\/www.neostatic.com\/sl\/wp-json\/wp\/v2\/pages\/6\/revisions"}],"predecessor-version":[{"id":284,"href":"https:\/\/www.neostatic.com\/sl\/wp-json\/wp\/v2\/pages\/6\/revisions\/284"}],"wp:attachment":[{"href":"https:\/\/www.neostatic.com\/sl\/wp-json\/wp\/v2\/media?parent=6"}],"curies":[{"name":"wp","href":"https:\/\/api.w.org\/{rel}","templated":true}]}}