{"id":6,"date":"2016-07-19T12:56:40","date_gmt":"2016-07-19T10:56:40","guid":{"rendered":"http:\/\/www.2016.neostatic.com\/?page_id=6"},"modified":"2025-03-28T19:18:33","modified_gmt":"2025-03-28T18:18:33","slug":"antistatics","status":"publish","type":"page","link":"https:\/\/www.neostatic.com\/sk\/","title":{"rendered":"Antistatikum"},"content":{"rendered":"<p><\/p>\n<h2 class=\"welcome\">Vitajte<\/h2>\n<p>Srde&#269;n&aacute; v&#271;aka za V&aacute;&#353; z&aacute;ujem o n&aacute;&#353; antistatick&yacute; prostriedok NEOSTATIC. N&aacute;sledne z&iacute;skate preh&#318;ad o v&#353;etk&yacute;ch relevantn&yacute;ch vlastnostiach na&#353;ich antistatick&yacute;ch produktov. Preh&#318;ad o na&#353;ich antistatick&yacute;ch produktoch n&aacute;jdete v &#269;asti <a href=\"#2\" class=\"link\">Produkty<\/a>.<\/p>\n<p>T&aacute;to str&aacute;nka sl&uacute;&#382;i len pre Va&#353;u v&#353;eobecn&uacute; inform&aacute;ciu. Pre &#271;al&#353;ie ot&aacute;zky sme V&aacute;m radi k dispoz&iacute;cii. Majte pros&iacute;m porozumenie pre to, &#382;e kore&#353;pondenciu m&ocirc;&#382;eme vies&#357; v&yacute;lu&#269;ne v nem&#269;ine alebo angli&#269;tine. Z&aacute;sielky do cel&eacute;ho sveta organizujeme exkluz&iacute;vne z Hamburgu, Nemecko.<\/p>\n<hr \/>\n<p class=\"anker\"><a name=\"1\">&nbsp;<\/a><\/p>\n<h3>NEOSTATIC<sup>&reg;<\/sup> &#8211; vlastnosti<\/h3>\n<ul class=\"list\">\n<li> vhodn\u00fd na\u00a0antistatick\u00e9 o\u0161etrenie plastov<\/li>\n<li>zvl&aacute;&#353;tna mo&#382;nos&#357; zapracovania do EPS<\/li>\n<li>na plastov&yacute;ch povrchoch redukuje elektrostatick&yacute; n&aacute;boj zn&iacute;&#382;en&iacute;m povrchov&eacute;ho odporu 10<sup>8<\/sup> &#8211; 10<sup>9<\/sup> Ohmov<\/li>\n<li>ve&#318;mi v&yacute;datn&yacute; &#8211; potrebn&yacute;ch je len 4-6 mg &uacute;&#269;innej l&aacute;tky na m&sup2;<\/li>\n<li>&uacute;&#269;inn&yacute; e&#353;te aj pri extr&eacute;mne n&iacute;zkej vlhkosti vzduchu (20% rel. vlhkos&#357;.)<\/li>\n<li>dlhodob&yacute; &uacute;&#269;inok min. 1 rok &#8211; na such&yacute;ch plastov&yacute;ch povrchoch, chr&aacute;nen&yacute;ch pred otieran&iacute;m<\/li>\n<li> fyziologicky bezpe\u010dn\u00fd, povolen\u00fd ako adit\u00edvum pre obaly potrav\u00edn (<a href=\"#6\" class=\"link\">pozri St&aacute;los&#357;<\/a>)<\/li>\n<li>zn&aacute;&#353;anliv&yacute; so &#382;ivotn&yacute;m prostred&iacute;m, biologicky sa odb&uacute;rava na l&aacute;tky, ktor&eacute; s&uacute; telu vlastn&eacute;<\/li>\n<\/ul>\n<hr \/>\n<p class=\"toTop\"><a href=\"\">Hore<\/a><\/p>\n<p class=\"anker\"><a name=\"2\">&nbsp;<\/a><\/p>\n<h3>Produkt<\/h3>\n<div class=\"productLeft\">\n<p> Antistatick\u00fd sprej NEOSTATIC<sup>&reg;<\/sup><br \/>\n        \u2028pripraven\u00fd na pou\u017eitie, 400 ml sprej <\/p>\n<p>     <img loading=\"lazy\" decoding=\"async\" src=\"\/wp-content\/uploads\/2020\/07\/Neostatic_Spraydose.jpg\" alt=\"Antistatikum Spray\" width=\"297\" height=\"403\" class=\"alignnone size-full wp-image-27\" \/>\n    <\/div>\n<div class=\"productRight\">\n<p>NEOSTATIC<sup>&reg;<\/sup> Antistatikum HB 155<br \/>\n    koncentr&aacute;t, 5 L kanister <\/p>\n<p>    <img loading=\"lazy\" decoding=\"async\" src=\"\/wp-content\/uploads\/2020\/07\/Neostatic_Kanister.jpg\" alt=\"Antistatikum HB 155\" width=\"297\" height=\"403\" class=\"alignnone size-full wp-image-56\" \/>\n    <\/div>\n<div class=\"cleaner\"><\/div>\n<hr \/>\n<p class=\"toTop\"><a href=\"\">Hore<\/a><\/p>\n<p class=\"anker\"><a name=\"3\">&nbsp;<\/a><\/p>\n<h3>NEOSTATIC<sup>&reg;<\/sup> &#8211; pou&#382;itia:<\/h3>\n<p>Antistatick&aacute; vrstva sa nan&aacute;&#353;a striekan&iacute;m, pon&aacute;ran&iacute;m alebo val&#269;ekom 1%-n&eacute;ho roztoku produktu NEOSTATIC v dest. vode alebo roztoku dest. voda\/alkohol. Ak je podiel alkoholu vy&#353;&#353;&iacute; (max. 20%), je su&#353;enie r&yacute;chlej&#353;ie.<\/p>\n<p>Pre tvarovky z EPS je antistatick&eacute; o&#353;etrenie met&oacute;dou NEOSTATIC mo&#382;n&eacute; po&#269;as alebo po napenen&iacute;. Materi&aacute;l je takto u&#382; pred posledn&yacute;m vypenen&iacute;m antistaticky o&#353;etren&yacute;. Hotov\u00e9 EPS guli\u010dky s\u00fa takto antistaticky o\u0161etren\u00e9 aj zvn\u00fatra tvarovky.<\/p>\n<p>Pri kontakte s kovov&yacute;mi povrchmi sa m&ocirc;&#382;u vyskytn&uacute;&#357; po&#353;kodenia v d&ocirc;sledku kor&oacute;zie.<\/p>\n<hr \/>\n<p class=\"toTop\"><a href=\"\">Hore<\/a><\/p>\n<p class=\"anker\"><a name=\"4\">&nbsp;<\/a><\/p>\n<h1>Antistatikum<\/h1>\n<p>Na&#353;e antistatik&aacute; NEOSTATIC chr&aacute;nia plastov&eacute; povrchy pred elektrostatick&yacute;m n&aacute;bojom. V d&ocirc;sledku toho sa odstr&aacute;nia aj ne&#382;elan&eacute; dopady nabitia, ako napr. pri&#357;ahovanie prachu, iskrenie alebo &#8222;prilepenie&#8220; f&oacute;li&iacute;, plastov&yacute;ch &#269;iasto&#269;iek a text&iacute;li&iacute;.<\/p>\n<hr \/>\n<p class=\"toTop\"><a href=\"\">Hore<\/a><\/p>\n<p class=\"anker\"><a name=\"5\">&nbsp;<\/a><\/p>\n<h3>V&yacute;hody pou&#382;itia:<\/h3>\n<p>Antistatik&aacute; NEOSTATIC sa u&#382; &uacute;spe&#353;ne vyu&#382;&iacute;vaj&uacute; v t&yacute;chto oblastiach:<\/p>\n<ul class=\"list\">\n<li>Pri spracovan&iacute; s EPS je v&#271;aka vn&uacute;torn&eacute;mu o&#353;etreniu antistatick&yacute; efekt chr&aacute;nen&yacute; a dlhodobo zachovan&yacute;<\/li>\n<li>Neskor&#353;ie hlbok&eacute; &#357;ahanie povrchovo o&#353;etren&yacute;ch plastov&yacute;ch platn&iacute; a f&oacute;li&iacute; je mo&#382;n&eacute;. Antistatick&eacute; o&#353;etrenie ostane pritom zachovan&eacute;<\/li>\n<li>Na ochranu obsahu pred nabit&iacute;m v d&ocirc;sledku trenia<\/li>\n<li>Pri plastov&yacute;ch obaloch, aby sa zabr&aacute;nilo zapr&aacute;&#353;eniu (&#8222;vzor &#318;adov&yacute;ch kvetov na okn&aacute;ch&#8220;) a t&yacute;m aj zne&#269;isteniu<\/li>\n<li>Na optimaliz&aacute;ciu tla&#269;iarensk&yacute;ch procesov\n<ul>\n<li>dobr&aacute; mo&#382;nos&#357; tla&#269;e resp. dobr&aacute; pri&#318;navos&#357; tla&#269;iarenskej farby na hotov&yacute;ch plastov&yacute;ch dieloch (f&oacute;lie, f&#318;a&#353;e, obaly, uz&aacute;very at&#271;.), ktor&yacute;ch povrch bol predt&yacute;m o&#353;etren&yacute; s antistatikom NEOSTATIC<\/li>\n<li>presn&eacute; v&yacute;sledky tla&#269;e, &#382;iadne &#8220;odstreknut&eacute;&#8220; farby v d&ocirc;sledku elektrostatick&eacute;ho n&aacute;boja<\/li>\n<li>zapracovanie do tla&#269;iarensk&yacute;ch farieb napr. pre potla&#269; obalov pri zachovan&iacute; dobrej pri&#318;navosti etikety<\/li>\n<\/ul>\n<\/li>\n<li>Prieh&#318;adnos&#357; a lesk ako sklo &#269;&iacute;reho PVC  a akrylov&eacute;ho skla sa zachov&aacute;va pri postriekan&iacute; alebo &#269;isten&iacute; s antistatikom NEOSTATIC<\/li>\n<li>Netvoria sa &#269;muhy, ani pri pon&aacute;ran&iacute; f&oacute;lie<\/li>\n<li>Povolen&yacute; ako adit&iacute;vum pre obaly potrav&iacute;n (<a href=\"#6\" class=\"link\">pozri St&aacute;los&#357;<\/a>)<\/li>\n<li>Pri antistatickom &#269;isten&iacute; ako &#269;istiaci prostriedok (napr. podlahov&eacute; krytiny, &#269;istenie budov, &#269;istenie plastov&yacute;ch dver&iacute; a r&aacute;mov, at&#271;.)<\/li>\n<\/ul>\n<p><em>&#270;al&#353;ie oblasti pou&#382;itia:<\/em><\/p>\n<ul class=\"list\">\n<li>Pri text&iacute;li&aacute;ch, umel&yacute;ch vl&aacute;knach a zmesov&yacute;ch tkanin&aacute;ch na optimaliz&aacute;ciu procesov<\/li>\n<li>Pri papieri, papieri s vrstvou f&oacute;lie na zlep&#353;enie odde&#318;ovania jednotliv&yacute;ch h&aacute;rkov<\/li>\n<li>Pri stavbe ve&#318;tr&#382;n&yacute;ch st&aacute;nkov, aby sa napr. zachoval vysokoleskl&yacute; vzh&#318;ad plastov a aby sa pred&#314;&#382;ili &#269;istiace cykly<\/li>\n<li>Pri spracovan&iacute; s izola&#269;n&yacute;mi materi&aacute;lmi a plnivami<\/li>\n<li>Chr\u00e1ni a\u00a0zachov\u00e1va schopnos\u0165 te\u010denia a sypkos\u0165 plastov<\/li>\n<li>Chemick&eacute; v&yacute;robky pre grafick&yacute; priemysel<\/li>\n<li>Pri pou&#382;it&iacute; s lakmi, umel&yacute;mi &#382;ivicami, farbami a &#271;al&#353;&iacute;mi povrchov&yacute;mi pr&aacute;cami na b&aacute;ze plastov<\/li>\n<\/ul>\n<p>Te&#353;&iacute;me sa na to, &#382;e V&aacute;m budeme m&ocirc;c&#357; poradi&#357; a radi V&aacute;m pom&ocirc;&#382;eme pri realiz&aacute;cii Va&#353;ich projektov. <a href=\"#7\" class=\"link\">Skontaktujte sa s nami tu<\/a><\/p>\n<hr \/>\n<p class=\"toTop\"><a href=\"\">Hore<\/a><\/p>\n<p class=\"anker\"><a name=\"6\">&nbsp;<\/a><\/p>\n<h3>St&aacute;los&#357;<\/h3>\n<p>    Na\u0161a laborat\u00f3rne odsk\u00fa\u0161an\u00e1 kvalita s certifik\u00e1tom o anal\u00fdze a na\u0161a v\u00fdroba v s\u00falade so\u00a0smernicami E\u00da V\u00e1m umo\u017enia dlhodobo pou\u017e\u00edva\u0165 NEOSTATIC<sup>\u00ae<\/sup> HB 155 aj v bud\u00facnosti ako adit\u00edvum vo Va\u0161ich v\u00fdrobn\u00fdch procesoch.<\/p>\n<p>NEOSTATIC<sup>\u00ae<\/sup> HB 155 je fyziologicky bezpe\u010dn\u00fd, uveden\u00fd v nariaden\u00ed E\u00da \u010d.\u00a010\/2011 a t\u00fdm schv\u00e1len\u00fd ako adit\u00edvum pre obalov\u00fd materi\u00e1l na potraviny.<\/p>\n<p>Pod\u013ea Eur\u00f3pskeho nariadenia \u010d. 1907\/2006 o registr\u00e1cii, hodnoten\u00ed, autoriz\u00e1cii a\u00a0obmedzovan\u00ed chemik\u00e1li\u00ed (REACH) bol NEOSTATIC<sup>\u00ae<\/sup> HB 155 registrovan\u00fd.<\/p>\n<hr \/>\n<p class=\"toTop\"><a href=\"\">Hore<\/a><\/p>\n<p class=\"anker\"><a name=\"7\">&nbsp;<\/a><\/p>\n<h3>Kontakt<\/h3>\n<h3>NEOSTATIC<sup>&reg;<\/sup><\/h3>\n<p>PETER H. URDAHL GmbH<br \/>\n    Grete-Nevermann-Weg 14<br \/> <br \/>\n    D-22559 Hamburg \/ Germany<\/p>\n<p class=\"mobile-button\"><a href=\"tel:+4940812328\">Telef&oacute;nne: +49 (0)40 81 23 28<\/a><\/p>\n<p>Fax: +49 (0)40 81 30 67<\/p>\n<p class=\"mobile-button\"><script type=\"text\/javascript\">\n               <!--\n               var name = \"urdahl\";\n               var domain = \"neostatic.com\";\n               document.write('<a href=\"mailto:' + name + '&#64;' + domain + '\">E-mailov&aacute; adresa: ');\n               document.write(name + '&#64;' + domain + '<\/a>');\n               \/\/ -->\n               <\/script><\/p>\n<p>Webov&aacute; str&aacute;nka: www.neostatic.com<\/p>\n<p>Konate&#318;: Jan Wappler, York Urdahl<br \/>\n    I&#268; DPH: DE 812843649 <br \/>\n    S&iacute;dlo spolo&#269;nosti:  Hamburg Amtsgericht Hamburg HRB 74452<\/p>\n<p>    Platforma Komisie E\u00da na rie\u0161enie sporov on-line: <a href=\"https:\/\/ec.europa.eu\/consumers\/odr\" target=\"_blank\" rel=\"noopener\">https:\/\/ec.europa.eu\/consumers\/odr<\/a><br \/>\nNie sme povinn\u00ed ani pripraven\u00ed na \u00fa\u010das\u0165 na procesoch na urovnan\u00ed sporov.<\/p>\n<p><a href=\"\/en\/nutzungsbedingungen\" class=\"link\">Podmienky vyu&#382;&iacute;vania  (v nem&#269;ine a angli&#269;tine)<\/a><br \/>\n    <a href=\"\/en\/agb\" class=\"link\">V&#353;eobecn&eacute; obchodn&eacute; podmienky (v nem&#269;ine a angli&#269;tine)<\/a><\/p>\n<p>\n<div class=\"wpcf7 no-js\" id=\"wpcf7-f53-o21\" lang=\"en-US\" dir=\"ltr\" data-wpcf7-id=\"53\">\n<div class=\"screen-reader-response\"><p role=\"status\" aria-live=\"polite\" aria-atomic=\"true\"><\/p> <ul><\/ul><\/div>\n<form action=\"\/sk\/wp-json\/wp\/v2\/pages\/6#wpcf7-f53-o21\" method=\"post\" class=\"wpcf7-form init\" aria-label=\"Contact form\" novalidate=\"novalidate\" data-status=\"init\">\n<fieldset class=\"hidden-fields-container\"><input type=\"hidden\" name=\"_wpcf7\" value=\"53\" \/><input type=\"hidden\" name=\"_wpcf7_version\" value=\"6.1.5\" \/><input type=\"hidden\" name=\"_wpcf7_locale\" value=\"en_US\" \/><input type=\"hidden\" name=\"_wpcf7_unit_tag\" value=\"wpcf7-f53-o21\" \/><input type=\"hidden\" name=\"_wpcf7_container_post\" value=\"0\" \/><input type=\"hidden\" name=\"_wpcf7_posted_data_hash\" value=\"\" \/>\n<\/fieldset>\n<div class=\"label1\">\n\t<p \/><label for=\"name\">Meno*<\/label>\n\t<\/p>\n\t<p><span class=\"wpcf7-form-control-wrap\" data-name=\"your-name\"><input size=\"40\" maxlength=\"400\" class=\"wpcf7-form-control wpcf7-text wpcf7-validates-as-required\" aria-required=\"true\" aria-invalid=\"false\" value=\"\" type=\"text\" name=\"your-name\" \/><\/span>\n\t<\/p>\n\t<p \/><label for=\"email\">E-mailov&aacute; adresa*<\/label>\n\t<\/p>\n\t<p><span class=\"wpcf7-form-control-wrap\" data-name=\"your-email\"><input size=\"40\" maxlength=\"400\" class=\"wpcf7-form-control wpcf7-email wpcf7-validates-as-required wpcf7-text wpcf7-validates-as-email\" aria-required=\"true\" aria-invalid=\"false\" value=\"\" type=\"email\" name=\"your-email\" \/><\/span>\n\t<\/p>\n\t<p \/><label for=\"anwendung\">Oblas&#357; pou&#382;itia<\/label>\n\t<\/p>\n\t<p><span class=\"wpcf7-form-control-wrap\" data-name=\"anwendungsgebiet\"><input size=\"40\" maxlength=\"400\" class=\"wpcf7-form-control wpcf7-text\" aria-invalid=\"false\" value=\"\" type=\"text\" name=\"anwendungsgebiet\" \/><\/span>\n\t<\/p>\n<\/div>\n<div class=\"label2\">\n\t<p \/><label for=\"firma\">Firma*<\/label>\n\t<\/p>\n\t<p><span class=\"wpcf7-form-control-wrap\" data-name=\"firma\"><input size=\"40\" maxlength=\"400\" class=\"wpcf7-form-control wpcf7-text wpcf7-validates-as-required\" aria-required=\"true\" aria-invalid=\"false\" value=\"\" type=\"text\" name=\"firma\" \/><\/span>\n\t<\/p>\n\t<p \/><label for=\"telefon\">Telef&oacute;nne*<\/label>\n\t<\/p>\n\t<p><span class=\"wpcf7-form-control-wrap\" data-name=\"telefon\"><input size=\"40\" maxlength=\"400\" class=\"wpcf7-form-control wpcf7-text wpcf7-validates-as-required\" aria-required=\"true\" aria-invalid=\"false\" value=\"\" type=\"text\" name=\"telefon\" \/><\/span>\n\t<\/p>\n\t<p \/><label for=\"typ\">Typ stroja<\/label>\n\t<\/p>\n\t<p><span class=\"wpcf7-form-control-wrap\" data-name=\"maschinentyp\"><input size=\"40\" maxlength=\"400\" class=\"wpcf7-form-control wpcf7-text\" aria-invalid=\"false\" value=\"\" type=\"text\" name=\"maschinentyp\" \/><\/span>\n\t<\/p>\n<\/div>\n<div class=\"label3\">\n\t<p \/><label for=\"text\"><b>Spr&aacute;va<\/b><\/label>\n\t<\/p>\n\t<p><span class=\"wpcf7-form-control-wrap\" data-name=\"your-message\"><textarea cols=\"40\" rows=\"10\" maxlength=\"2000\" class=\"wpcf7-form-control wpcf7-textarea\" aria-invalid=\"false\" name=\"your-message\"><\/textarea><\/span>\n\t<\/p>\n\t<p><input class=\"wpcf7-form-control wpcf7-submit has-spinner\" type=\"submit\" value=\"Odosla&#357;\" \/>\n\t<\/p>\n<\/div>\n<div class=\"cleaner\" style=\"margin:40px 0\">\n<\/div><div class=\"wpcf7-response-output\" aria-hidden=\"true\"><\/div>\n<\/form>\n<\/div>\n<\/p>","protected":false},"excerpt":{"rendered":"<p>Vitajte Srde&#269;n&aacute; v&#271;aka za V&aacute;&#353; z&aacute;ujem o n&aacute;&#353; antistatick&yacute; prostriedok NEOSTATIC. N&aacute;sledne z&iacute;skate preh&#318;ad o v&#353;etk&yacute;ch relevantn&yacute;ch vlastnostiach na&#353;ich antistatick&yacute;ch produktov. Preh&#318;ad o na&#353;ich antistatick&yacute;ch produktoch n&aacute;jdete v &#269;asti Produkty. T&aacute;to str&aacute;nka sl&uacute;&#382;i len pre Va&#353;u v&#353;eobecn&uacute; inform&aacute;ciu. Pre &#271;al&#353;ie ot&aacute;zky sme V&aacute;m radi k dispoz&iacute;cii. Majte pros&iacute;m porozumenie pre to, &#382;e kore&#353;pondenciu m&ocirc;&#382;eme vies&#357; &#8230; <a title=\"Antistatikum\" class=\"read-more\" href=\"https:\/\/www.neostatic.com\/sk\/\" aria-label=\"Pre\u010d\u00edtajte si viac o Antistatikum\">Read more<\/a><\/p>\n","protected":false},"author":1,"featured_media":0,"parent":0,"menu_order":0,"comment_status":"closed","ping_status":"closed","template":"","meta":{"generate_page_header":"","footnotes":""},"class_list":["post-6","page","type-page","status-publish"],"_links":{"self":[{"href":"https:\/\/www.neostatic.com\/sk\/wp-json\/wp\/v2\/pages\/6","targetHints":{"allow":["GET"]}}],"collection":[{"href":"https:\/\/www.neostatic.com\/sk\/wp-json\/wp\/v2\/pages"}],"about":[{"href":"https:\/\/www.neostatic.com\/sk\/wp-json\/wp\/v2\/types\/page"}],"author":[{"embeddable":true,"href":"https:\/\/www.neostatic.com\/sk\/wp-json\/wp\/v2\/users\/1"}],"replies":[{"embeddable":true,"href":"https:\/\/www.neostatic.com\/sk\/wp-json\/wp\/v2\/comments?post=6"}],"version-history":[{"count":8,"href":"https:\/\/www.neostatic.com\/sk\/wp-json\/wp\/v2\/pages\/6\/revisions"}],"predecessor-version":[{"id":284,"href":"https:\/\/www.neostatic.com\/sk\/wp-json\/wp\/v2\/pages\/6\/revisions\/284"}],"wp:attachment":[{"href":"https:\/\/www.neostatic.com\/sk\/wp-json\/wp\/v2\/media?parent=6"}],"curies":[{"name":"wp","href":"https:\/\/api.w.org\/{rel}","templated":true}]}}