{"id":6,"date":"2016-07-19T12:56:40","date_gmt":"2016-07-19T10:56:40","guid":{"rendered":"http:\/\/www.2016.neostatic.com\/?page_id=6"},"modified":"2025-03-28T19:18:33","modified_gmt":"2025-03-28T18:18:33","slug":"antistatics","status":"publish","type":"page","link":"https:\/\/www.neostatic.com\/ro\/","title":{"rendered":"Antistatic"},"content":{"rendered":"<p><\/p>\n<h2 class=\"welcome\">Bine a\u021bi venit!<\/h2>\n<p>V\u0103 mul\u021bumim pentru interesul pe care \u00eel prezenta\u021bi pentru produsul nostru antistatic NEOSTATIC. \u00cen continuare ave\u021bi ocazia de a face cuno\u0219tin\u021b\u0103 sumar\u0103 cu propriet\u0103\u021bile cele mai relevante ale produselor antistatice. O privire de ansamblu asupra produselor noastre antistatice o pute\u021bi g\u0103si la rubrica <a href=\"#2\" class=\"link\">Produse<\/a>.<\/p>\n<hr \/>\n<p class=\"anker\"><a name=\"1\">&nbsp;<\/a><\/p>\n<h3>NEOSTATIC<sup>&reg;<\/sup> &#8211; Propriet\u0103\u021bi<\/h3>\n<ul class=\"list\">\n<li>este potrivit pentru apretajul antistatic a materialelor plastice\n<li>ofer\u0103 o posibilitate deosebit\u0103 de \u00eencorporare \u00een EPS (polistirol extins)\n<li>reduce \u00eenc\u0103rcarea electrostatic\u0103 pe suprafe\u021be pe suprafe\u021be din plastic, de \u00eenc\u0103rcare electrostatic\u0103 prin reducerea suprafe\u021bei rezisten\u021ba la 10<sup>8<\/sup> \u2013 10<sup>9<\/sup> Ohm\n<li>randament \u00eenalt gra\u021bie\u2013 doar 4-6 mg material necesar pentru m\u00b2\n<li>eficient chiar \u0219i la umiditate extrem de sc\u0103zut\u0103 (20% RH)\n<li>Efect pe termen lung de cel pu\u021bin 1 an \u2013 uscat \u0219i suprafe\u021be din plastic protejate \u00eempotriva abraziunii<\/li>\n<li>f\u0103r\u0103 risc de s\u0103n\u0103tate, admise pentru ambalarea produselor alimentare (<a href=\"#6\" class=\"link\">vezi rubrica Durabilitate<\/a>)<\/li>\n<li>ecologic \u0219i biodegradabil \u00een substan\u021be organice<\/li>\n<\/ul>\n<hr \/>\n<p class=\"toTop\"><a href=\"\">\u00een sus<\/a><\/p>\n<p class=\"anker\"><a name=\"2\">&nbsp;<\/a><\/p>\n<h3>Produse<\/h3>\n<div class=\"productLeft\">\n<p>NEOSTATIC<sup>&reg;<\/sup>Spray antistatic<br \/>\n    gata de utilizare, spray aerosol de 400ml<\/p>\n<p>    <img loading=\"lazy\" decoding=\"async\" src=\"\/wp-content\/uploads\/2020\/07\/Neostatic_Spraydose.jpg\" alt=\"Antistatikum Spray\" width=\"297\" height=\"403\" class=\"alignnone size-full wp-image-27\" \/>\n    <\/div>\n<div class=\"productRight\">\n<p>NEOSTATIC<sup>&reg;<\/sup> Antistatic HB 155<br \/>\n    concentrat, bidon de 5 l<\/p>\n<p>    <img loading=\"lazy\" decoding=\"async\" src=\"\/wp-content\/uploads\/2020\/07\/Neostatic_Kanister.jpg\" alt=\"Neostatic_Kanister\" width=\"297\" height=\"403\" class=\"alignnone size-full wp-image-56\" \/>\n    <\/div>\n<div class=\"cleaner\"><\/div>\n<hr \/>\n<p class=\"toTop\"><a href=\"\">\u00een sus<\/a><\/p>\n<p class=\"anker\"><a name=\"3\">&nbsp;<\/a><\/p>\n<h3>NEOSTATIC<sup>&reg;<\/sup> &#8211; Utilizare<\/h3>\n<p>    Apretajul antistatic se realizeaz\u0103 prin pulverizare, scufundare sau aplicare cu rola a unei solu\u021bii de 1 % de NEOSTATIC \u00een ap\u0103 destilat\u0103 sau amestec de ap\u0103\/alcool destilat. Un con\u021binut de alcool mai \u00eenalt (max. 20%) accelereaz\u0103 uscarea solu\u021biei.<\/p>\n<p>Pentru piesele din EPS, apretajul antistatic este posibil prin intermediul produselor NEOSTATIC \u00een timpul sau dup\u0103 procesul de prespumare. \u00cen acest mod, materialul se prelucrez\u0103 antistatic \u00eenainte de ultima umplere cu spum\u0103. Astfel, suprafe\u021bele perlelor EPS sunt dotate \u0219i \u00een interiorul pieselor cu apretaj antistatic. <\/p>\n<p>La contactul cu suprafe\u021be metalice pot ap\u0103rea coroziuni semnificative.<\/p>\n<hr \/>\n<p class=\"toTop\"><a href=\"\">\u00een sus<\/a><\/p>\n<p class=\"anker\"><a name=\"4\">&nbsp;<\/a><\/p>\n<h1>Antistatic<\/h1>\n<p>    Produsele noastre antistatice NEOSTATIC protejeaz\u0103 suprefe\u021bele termostatice de \u00eencarcare electrostatic\u0103. Prin umare, se reduc \u0219i asemenea efecte nedorite cum ar fi atragerea prafului, crearea sc\u00e2nteielor sau a fenomenului de lipire a foliilor, pieselor din material plastic precum \u0219i materiale textile.<\/p>\n<hr \/>\n<p class=\"toTop\"><a href=\"\">\u00een sus<\/a><\/p>\n<p class=\"anker\"><a name=\"5\">&nbsp;<\/a><\/p>\n<h3>Avantajele utiliz\u0103rii<\/h3>\n<p>NEOSTATIC Antistatika werden bereits in folgenden Bereichen erfolgreich eingesetzt:<\/p>\n<ul class=\"list\">\n<li>apretajul antistatic a zonelor interioare a EPS protejeaz\u0103 efectul atistatic \u0219i \u00eel men\u021bine pe termen lung <\/li>\n<li>este posibil ambutisajul ulterior al foliilor \u0219i a suprafe\u021belor de plastic prelucrate, apretajul r\u0103m\u00e2n\u00e2nd activ.<\/li>\n<li>la protejarea con\u021binutului de efectul \u00eencarcare prin frecare<\/li>\n<li>la ambalarea pachetelor din materiale plactice, \u00een scopul \u00eempiedic\u0103rii acumul\u0103rilor de praf (a a\u0219a-numitelor \u201eflori de ghea\u021b\u0103\u201c) \u0219i totodat\u0103 a murd\u0103riilor.<\/li>\n<li>la optimizarea proceselor de imprimare\n<ul>\n<li>o buna imprimabilitate \u0219i men\u021binerea cernealei aderenta pe piese din plastic (filme, sticle, ambalaje, dispozitive de \u00eenchidere etc.), a c\u0103rui suprafa\u021b\u0103 a fost tratat\u0103 cu agent antistatic NEOSTATIC<\/li>\n<li>imagini exacte, f\u0103r\u0103 &#8222;pulverizare&#8221; de vopsea prin \u00eenc\u0103rcare electrostatic\u0103<\/li>\n<li>\u00eencorporare cernelei tipografice, de exemplu, pentru ambalaje, imprimare \u00een mod constant a etichetelor<\/li>\n<\/ul>\n<\/li>\n<li>Transparen\u021ba \u0219i str\u0103lucirea clar\u0103 PVC \u0219i sticl\u0103 acrilic\u0103 se men\u021bine chiar \u0219i la pulverizare sau de cur\u0103\u021bare cu NEOSTATIC.<\/li>\n<li>nu apar dungi, chiar \u0219i \u00eentr-un film de imersie<\/li>\n<li>aprobat ca aditiv pentru ambalare produselor alimentare (<a href=\"#6\" class=\"link\">vezi rubrica Durabilitate<\/a>)<\/li>\n<li>antistatice pentru cur\u0103\u021barea, ca un agent de cur\u0103\u021bare (de exemplu, pardoseli, curatare a cladirilor, cur\u0103\u021bare de usi din material plastic \/ rame, etc.)<\/li>\n<\/ul>\n<p><em>Alte aplica\u021bii:<\/em><\/p>\n<ul class=\"list\">\n<li>pentru textile, fibre sintetice \u0219i \u021bes\u0103turi mixte pentru optimizarea procesului<\/li>\n<li>pentru h\u00e2rtie, film-h\u00e2rtie cretat\u0103 pentru o mai bun\u0103 separare a foilor volante<\/li>\n<li>\u00een t\u00e2rgul de construc\u021bii, de exemplu, pentru a ob\u021bine de \u00eenalt\u0103 luciu optica de plastic \u0219i s\u0103 se extind\u0103 cicluri de curatare<\/li>\n<li>c\u00e2nd prelucrarea cu materiale izolante \u0219i materiale de umplere<\/li>\n<li>protejeaz\u0103 \u0219i men\u021bine curge liber \u0219i \u00een vrac Propriet\u0103\u021bi de materiale plastice<\/li>\n<li>produse chimice pentru industria grafic\u0103<\/li>\n<li>utilizarea de lacuri, rasini sintetice, vopsele si alte obiecte din plastic pe baz\u0103 de Finisaje de suprafa\u021b\u0103<\/li>\n<\/ul>\n<p>Ne bucur\u0103m s\u0103 v\u0103 oferim consulta\u021bii \u0219i sfaturi la realizarea proiectelor dvs. <a href=\"#7\" class=\"link\">Contacta\u021bi-ne<\/a><\/p>\n<hr \/>\n<p class=\"toTop\"><a href=\"\">\u00een sus<\/a><\/p>\n<p class=\"anker\"><a name=\"6\">&nbsp;<\/a><\/p>\n<h3>Durabilitate<\/h3>\n<p>    Calitate testat\u0103 \u00een laboratorul nostru cu certificat de analiz\u0103 \u0219i produc\u021bia \u00een conformitate cu directivele UE permite s\u0103 integreze NEOSTATIC HB 155 \u0219i \u00een viitor \u00een procesele de produc\u021bie pe termen lung.<\/p>\n<p>NEOSTATIC HB 155 este f\u0103r\u0103 risc de s\u0103n\u0103tate conform regulamentul UE nr. 10\/2011\u0219i este admis spre utilizare la ambalarea produselor alimentare\/ restric\u021bie 15 mg \/ m2<\/p>\n<p>NEOSTATIC HB 155 este \u00eenregistrat conform regulamentului European nr. 1907\/2006 privind \u00eenregistrarea, evaluarea, autorizarea \u0219i restric\u021bionarea substan\u021belor chimice (REACH) NEOSTATIC HB 155.<\/p>\n<hr \/>\n<p class=\"toTop\"><a href=\"\">\u00een sus<\/a><\/p>\n<p class=\"anker\"><a name=\"7\">&nbsp;<\/a><\/p>\n<h3>Contact<\/h3>\n<h3>NEOSTATIC<sup>&reg;<\/sup>&#8211; Impressum<\/h3>\n<p>PETER H. URDAHL GmbH<br \/>\n    Grete-Nevermann-Weg 14<br \/> <br \/>\n    D-22559 Hamburg \/ Germany<\/p>\n<p class=\"mobile-button\"><a href=\"tel:+4940812328\">Tel.: +49 (0)40 81 23 28<\/a><\/p>\n<p>Fax: +49 (0)40 81 30 67<\/p>\n<p class=\"mobile-button\"><script type=\"text\/javascript\">\n               <!--\n               var name = \"urdahl\";\n               var domain = \"neostatic.com\";\n               document.write('<a href=\"mailto:' + name + '&#64;' + domain + '\">E-Mail: ');\n               document.write(name + '&#64;' + domain + '<\/a>');\n               \/\/ -->\n               <\/script><\/p>\n<p>Website: www.neostatic.com<\/p>\n<p>Manager: Jan Wappler, York Urdahl<br \/>\n    Nr. TVA: DE 812843649 <br \/>\n    Sediul Societ\u0103\u021bii: Hamburg Amtsgericht Hamburg HRB 74452<\/p>\n<p>Platforma Comisiei Uniunii Europene pentru solu\u021bionarea online a litigiilor <a href=\"https:\/\/ec.europa.eu\/consumers\/odr\" target=\"_blank\" rel=\"noopener\">https:\/\/ec.europa.eu\/consumers\/odr<\/a><br \/>\n    Nu suntem obliga\u021bi \u0219i nici dispu\u0219i s\u0103 particip\u0103m la procedura de solu\u021bionare a litigiilor \u00een fa\u021ba unei autorit\u0103\u021bi de solu\u021bionare a litigiilor consumatorilor.<\/p>\n<p><a href=\"\/nutzungsbedingungen\" class=\"link\">Condi\u021biile de utizare \/ Site policy<\/a><br \/>\n    <a href=\"\/agb\" class=\"link\">Condi\u021bii generale de afaceri<\/a><br \/>\n    <a href=\"\/datenschutz\" class=\"link\">Protec\u021bia datelor<\/a>\n    <\/p>\n<p>    \n<div class=\"wpcf7 no-js\" id=\"wpcf7-f203-o19\" lang=\"de-DE\" dir=\"ltr\" data-wpcf7-id=\"203\">\n<div class=\"screen-reader-response\"><p role=\"status\" aria-live=\"polite\" aria-atomic=\"true\"><\/p> <ul><\/ul><\/div>\n<form action=\"\/ro\/wp-json\/wp\/v2\/pages\/6#wpcf7-f203-o19\" method=\"post\" class=\"wpcf7-form init\" aria-label=\"Kontaktformular\" novalidate=\"novalidate\" data-status=\"init\">\n<fieldset class=\"hidden-fields-container\"><input type=\"hidden\" name=\"_wpcf7\" value=\"203\" \/><input type=\"hidden\" name=\"_wpcf7_version\" value=\"6.1.5\" \/><input type=\"hidden\" name=\"_wpcf7_locale\" value=\"de_DE\" \/><input type=\"hidden\" name=\"_wpcf7_unit_tag\" value=\"wpcf7-f203-o19\" \/><input type=\"hidden\" name=\"_wpcf7_container_post\" value=\"0\" \/><input type=\"hidden\" name=\"_wpcf7_posted_data_hash\" value=\"\" \/>\n<\/fieldset>\n<div class=\"label1\">\n\t<p \/><label for=\"name\">Nume*<\/label>\n\t<\/p>\n\t<p><span class=\"wpcf7-form-control-wrap\" data-name=\"your-name\"><input size=\"40\" maxlength=\"400\" class=\"wpcf7-form-control wpcf7-text wpcf7-validates-as-required\" aria-required=\"true\" aria-invalid=\"false\" value=\"\" type=\"text\" name=\"your-name\" \/><\/span>\n\t<\/p>\n\t<p \/><label for=\"email\">E-mail*<\/label>\n\t<\/p>\n\t<p><span class=\"wpcf7-form-control-wrap\" data-name=\"your-email\"><input size=\"40\" maxlength=\"400\" class=\"wpcf7-form-control wpcf7-email wpcf7-validates-as-required wpcf7-text wpcf7-validates-as-email\" aria-required=\"true\" aria-invalid=\"false\" value=\"\" type=\"email\" name=\"your-email\" \/><\/span>\n\t<\/p>\n\t<p \/><label for=\"anwendung\">Domeniu de utilizare<\/label>\n\t<\/p>\n\t<p><span class=\"wpcf7-form-control-wrap\" data-name=\"anwendungsgebiet\"><input size=\"40\" maxlength=\"400\" class=\"wpcf7-form-control wpcf7-text\" aria-invalid=\"false\" value=\"\" type=\"text\" name=\"anwendungsgebiet\" \/><\/span>\n\t<\/p>\n<\/div>\n<div class=\"label2\">\n\t<p \/><label for=\"firma\">Firma*<\/label>\n\t<\/p>\n\t<p><span class=\"wpcf7-form-control-wrap\" data-name=\"firma\"><input size=\"40\" maxlength=\"400\" class=\"wpcf7-form-control wpcf7-text wpcf7-validates-as-required\" aria-required=\"true\" aria-invalid=\"false\" value=\"\" type=\"text\" name=\"firma\" \/><\/span>\n\t<\/p>\n\t<p \/><label for=\"telefon\">Nr. de telefon*<\/label>\n\t<\/p>\n\t<p><span class=\"wpcf7-form-control-wrap\" data-name=\"telefon\"><input size=\"40\" maxlength=\"400\" class=\"wpcf7-form-control wpcf7-text wpcf7-validates-as-required\" aria-required=\"true\" aria-invalid=\"false\" value=\"\" type=\"text\" name=\"telefon\" \/><\/span>\n\t<\/p>\n\t<p \/><label for=\"typ\">Tip de ma\u0219in\u0103<\/label>\n\t<\/p>\n\t<p><span class=\"wpcf7-form-control-wrap\" data-name=\"maschinentyp\"><input size=\"40\" maxlength=\"400\" class=\"wpcf7-form-control wpcf7-text\" aria-invalid=\"false\" value=\"\" type=\"text\" name=\"maschinentyp\" \/><\/span>\n\t<\/p>\n<\/div>\n<div class=\"label3\">\n\t<p \/><label for=\"text\"><b>Mesajul dvs.<\/b><\/label>\n\t<\/p>\n\t<p><span class=\"wpcf7-form-control-wrap\" data-name=\"your-message\"><textarea cols=\"40\" rows=\"10\" maxlength=\"2000\" class=\"wpcf7-form-control wpcf7-textarea\" aria-invalid=\"false\" name=\"your-message\"><\/textarea><\/span>\n\t<\/p>\n\t<p><span class=\"wpcf7-form-control-wrap\" data-name=\"ZustimmungDatenschutz\"><span class=\"wpcf7-form-control wpcf7-acceptance\"><span class=\"wpcf7-list-item\"><input type=\"checkbox\" name=\"ZustimmungDatenschutz\" value=\"1\" aria-invalid=\"false\" \/><\/span><\/span><\/span> &nbsp; Datele expediate vor fi utilizate doar \u00een scopul prelucr\u0103rii solict\u0103rii dvs. Am citit \u0219i sunt de acord cu informa\u021biile privind <a href=\"\/datenschutz\">Protec\u021bia datelor<\/a>.\n\t<\/p>\n\t<div class=\"cleaner\">\n\t<\/div>\n\t<p><input class=\"wpcf7-form-control wpcf7-submit has-spinner\" type=\"submit\" value=\"trimite\" \/>\n\t<\/p>\n<\/div>\n<div class=\"cleaner\" style=\"margin:40px 0\">\n<\/div><div class=\"wpcf7-response-output\" aria-hidden=\"true\"><\/div>\n<\/form>\n<\/div>\n<\/p>","protected":false},"excerpt":{"rendered":"<p>Bine a\u021bi venit! V\u0103 mul\u021bumim pentru interesul pe care \u00eel prezenta\u021bi pentru produsul nostru antistatic NEOSTATIC. \u00cen continuare ave\u021bi ocazia de a face cuno\u0219tin\u021b\u0103 sumar\u0103 cu propriet\u0103\u021bile cele mai relevante ale produselor antistatice. O privire de ansamblu asupra produselor noastre antistatice o pute\u021bi g\u0103si la rubrica Produse. &nbsp; NEOSTATIC&reg; &#8211; Propriet\u0103\u021bi este potrivit pentru apretajul &#8230; <a title=\"Antistatic\" class=\"read-more\" href=\"https:\/\/www.neostatic.com\/ro\/\" aria-label=\"Cite\u0219te mai multe despre Antistatic\">Read more<\/a><\/p>\n","protected":false},"author":1,"featured_media":0,"parent":0,"menu_order":0,"comment_status":"closed","ping_status":"closed","template":"","meta":{"generate_page_header":"","footnotes":""},"class_list":["post-6","page","type-page","status-publish"],"_links":{"self":[{"href":"https:\/\/www.neostatic.com\/ro\/wp-json\/wp\/v2\/pages\/6","targetHints":{"allow":["GET"]}}],"collection":[{"href":"https:\/\/www.neostatic.com\/ro\/wp-json\/wp\/v2\/pages"}],"about":[{"href":"https:\/\/www.neostatic.com\/ro\/wp-json\/wp\/v2\/types\/page"}],"author":[{"embeddable":true,"href":"https:\/\/www.neostatic.com\/ro\/wp-json\/wp\/v2\/users\/1"}],"replies":[{"embeddable":true,"href":"https:\/\/www.neostatic.com\/ro\/wp-json\/wp\/v2\/comments?post=6"}],"version-history":[{"count":8,"href":"https:\/\/www.neostatic.com\/ro\/wp-json\/wp\/v2\/pages\/6\/revisions"}],"predecessor-version":[{"id":284,"href":"https:\/\/www.neostatic.com\/ro\/wp-json\/wp\/v2\/pages\/6\/revisions\/284"}],"wp:attachment":[{"href":"https:\/\/www.neostatic.com\/ro\/wp-json\/wp\/v2\/media?parent=6"}],"curies":[{"name":"wp","href":"https:\/\/api.w.org\/{rel}","templated":true}]}}