{"id":6,"date":"2016-07-19T12:56:40","date_gmt":"2016-07-19T10:56:40","guid":{"rendered":"http:\/\/www.2016.neostatic.com\/?page_id=6"},"modified":"2025-03-28T19:18:33","modified_gmt":"2025-03-28T18:18:33","slug":"antistatics","status":"publish","type":"page","link":"https:\/\/www.neostatic.com\/pt\/","title":{"rendered":"Agente antiest&aacute;tico"},"content":{"rendered":"<p><\/p>\n<h2 class=\"welcome\">Bem-vindo<\/h2>\n<p>Muito obrigado pelo seu interesse no nosso agente antiest&aacute;tico NEOSTATIC. A seguir, encontrar&aacute; um resumo de todas as propriedades relevantes dos nossos produtos antiest&aacute;ticos. O resumo dos produtos antiest&aacute;ticos em si, encontra-se na sec&ccedil;&atilde;o <a href=\"#2\" class=\"link\">Produtos<\/a>.<\/p>\n<p>Este site destina-se &agrave; sua informa&ccedil;&atilde;o geral. Se tiver qualquer d&uacute;vida adicional, n&atilde;o hesite em contactar-nos. No entanto, apelamos &agrave; sua compreens&atilde;o para o facto de que a correspond&ecirc;ncia s&oacute; &eacute; poss&iacute;vel exclusivamente em alem&atilde;o ou ingl&ecirc;s. O despacho internacional dos nossos produtos &eacute; realizado exclusivamente a partir de Hamburgo, Alemanha.<\/p>\n<hr \/>\n<p class=\"anker\"><a name=\"1\">&nbsp;<\/a><\/p>\n<h3>NEOSTATIC<sup>&reg;<\/sup> &#8211; Propriedades<\/h3>\n<ul class=\"list\">\n<li> Apropriado para o tratamento antiest\u00e1tico de pl\u00e1sticos <\/li>\n<li>Possibilidade de integra&ccedil;&atilde;o especial em EPS<\/li>\n<li>Reduz a carga electroest&aacute;tica de superf&iacute;cies sint&eacute;ticas mediante redu&ccedil;&atilde;o da resist&ecirc;ncia superficial para 10<sup>8<\/sup> &#8211; 10<sup>9<\/sup> Ohm<\/li>\n<li>Alto rendimento &#8211; s&oacute; s&atilde;o necess&aacute;rios 4-6 mg de subst&acirc;ncia activa por m&sup2;<\/li>\n<li>Efeito activo mesmo a uma humidade do ar extremamente baixa (20% de humidade relativa)<\/li>\n<li>Efeito m&iacute;nimo de 1 ano &#8211; sobre superf&iacute;cies sint&eacute;ticas secas e protegidas contra abras&atilde;o<\/li>\n<li>Fisiologicamente inofensivo; autorizado como aditivo para embalagens de g\u00e9neros aliment\u00edcios (<a href=\"#6\" class=\"link\">ver sustentabilidade<\/a>)<\/li>\n<li>Compat&iacute;vel com o ambiente, biodegrad&aacute;vel em subst&acirc;ncias pr&oacute;prias<\/li>\n<\/ul>\n<hr \/>\n<p class=\"toTop\"><a href=\"\">Para cima<\/a><\/p>\n<p class=\"anker\"><a name=\"2\">&nbsp;<\/a><\/p>\n<h3>Produto<\/h3>\n<div class=\"productLeft\">\n<p>NEOSTATIC<sup>&reg;<\/sup> Antistatikum Spray <br \/>\n    pronto para uso, lata spray de 400 ml<\/p>\n<p>    <img loading=\"lazy\" decoding=\"async\" src=\"\/wp-content\/uploads\/2020\/07\/Neostatic_Spraydose.jpg\" alt=\"Antistatikum Spray\" width=\"297\" height=\"403\" class=\"alignnone size-full wp-image-27\" \/>\n    <\/div>\n<div class=\"productRight\">\n<p>NEOSTATIC<sup>&reg;<\/sup> Antistatikum HB 155<br \/>\n    concentrado, garraf&atilde;o de 5 L<\/p>\n<p>    <img loading=\"lazy\" decoding=\"async\" src=\"\/wp-content\/uploads\/2020\/07\/Neostatic_Kanister.jpg\" alt=\"Neostatic_Kanister\" width=\"297\" height=\"403\" class=\"alignnone size-full wp-image-56\" \/>\n    <\/div>\n<div class=\"cleaner\"><\/div>\n<hr \/>\n<p class=\"toTop\"><a href=\"\">Para cima<\/a><\/p>\n<p class=\"anker\"><a name=\"3\">&nbsp;<\/a><\/p>\n<h3>NEOSTATIC<sup>&reg;<\/sup> &#8211; Aplica&ccedil;&otilde;es<\/h3>\n<p>A aplica&ccedil;&atilde;o antiest&aacute;stica sobre a superf&iacute;cie realiza-se mediante pulveriza&ccedil;&atilde;o, imers&atilde;o ou rolo com uma solu&ccedil;&atilde;o de 1% de NEOSTATIC dilu&iacute;do em &aacute;gua destilada ou numa mistura de &aacute;gua destilada\/&aacute;lcool. Um teor de &aacute;lcool mais alto (m&aacute;x. 20%) tem um efeito de secagem mais r&aacute;pida.<\/p>\n<p>Para pe&ccedil;as moldadas de EPS, o tratamento antiest&aacute;tico pelo m&eacute;todo NEOSTATIC &eacute; poss&iacute;vel durante ou ap&oacute;s o processo de pr&eacute;-espumagem. Isto permite o tratamento antiest&aacute;tico do material j&aacute; antes da &uacute;ltima espumagem. Assim, as superf\u00edcies das p\u00e9rolas EPS possuem igualmente um tratamento antiest\u00e1tico no interior da pe\u00e7a moldada.<\/p>\n<p>O contacto com superf&iacute;cies met&aacute;licas, possivelmente, poder&aacute; provocar danos de corros&atilde;o.<\/p>\n<hr \/>\n<p class=\"toTop\"><a href=\"\">Para cima<\/a><\/p>\n<p class=\"anker\"><a name=\"4\">&nbsp;<\/a><\/p>\n<h1>Agente antiest&aacute;tico<\/h1>\n<p>Os nossos agentes antiest&aacute;ticos protegem as superf&iacute;cies sint&eacute;ticas contra cargas electroest&aacute;ticas. Consequentemente, os efeitos de cargas indesej&aacute;veis s&atilde;o afastados tais como por exemplo a atra&ccedil;&atilde;o de p&oacute;, a forma&ccedil;&atilde;o de chispas ou a &quot;ader&ecirc;ncia&quot; de pel&iacute;culas pl&aacute;sticas, de pe&ccedil;as sint&eacute;ticas e de t&ecirc;xteis.<\/p>\n<hr \/>\n<p class=\"toTop\"><a href=\"\">Para cima<\/a><\/p>\n<p class=\"anker\"><a name=\"5\">&nbsp;<\/a><\/p>\n<h3>Vantagens da aplica&ccedil;&atilde;o:<\/h3>\n<p>Os agentes antiest&aacute;ticos NEOSTATIC j&aacute; s&atilde;o aplicados com sucesso nos seguintes campos:<\/p>\n<ul class=\"list\">\n<li>No processamento com EPS: o tratamento intr&iacute;nseco mant&eacute;m e protege o efeito antiest&aacute;tico prolongadamente<\/li>\n<li>O repuxamento profundo de placas de pl&aacute;stico e de pel&iacute;culas com superf&iacute;cies tratadas &eacute; poss&iacute;vel posteriormente. O efeito do tratamento antiest&aacute;tico mant&eacute;m-se<\/li>\n<li>Para protec&ccedil;&atilde;o do conte&uacute;do contra cargas provocadas por fric&ccedil;&atilde;o<\/li>\n<li>Em embalagens de pl&aacute;stico: para impedir a forma&ccedil;&atilde;o de acabamentos foscos e consequentemente sujidade<\/li>\n<li>Para optimiza&ccedil;&atilde;o de processos de impress&atilde;o\n<ul>\n<li>Boa capacidade de impress&atilde;o e de ader&ecirc;ncia da tinta em pe&ccedil;as de pl&aacute;stico acabadas (pel&iacute;culas, garrafas, embalagens, c&aacute;psulas, etc.) cuja superf&iacute;cie foi previamente tratada com agente antiest&aacute;tico NEOSTATIC<\/li>\n<li>Estampagem exacta das imagens, sem escorrimento de tinta devido a carga electroest&aacute;tica<\/li>\n<li>Aplica&ccedil;&atilde;o em tintas de imprensa para impress&atilde;o de embalagens por exemplo sem alterar a capacidade para ader&ecirc;ncia das etiquetas<\/li>\n<\/ul>\n<\/li>\n<li>A  transpar&ecirc;ncia e o brilho de PVC transparente e de vidro acr&iacute;lico s&atilde;o conservados quando estes forem pulverizados ou limpos com agentes antiest&aacute;ticos NEOSTATIC<\/li>\n<li>Nenhuma forma&ccedil;&atilde;o de estrias, mesmo no banho de imers&atilde;o de pel&iacute;culas<\/li>\n<li>Autorizado como aditivo para embalagens de g&eacute;neros aliment&iacute;cios (<a href=\"#6\" class=\"link\">ver sustentabilidade<\/a>)<\/li>\n<li>Na limpeza antiest&aacute;tica: como detergente (por exemplo para revestimento de pavimentos, limpeza de edif&iacute;cios, limpeza de portas\/caixilhos de pl&aacute;stico, etc.)<\/li>\n<\/ul>\n<p><em>Outros campos de aplica&ccedil;&atilde;o:<\/em><\/p>\n<ul class=\"list\">\n<li>Em t&ecirc;xteis: fibras sint&eacute;ticas e tecidos compostos para optimiza&ccedil;&atilde;o do processamento<\/li>\n<li>Em papel: papel revestido com pel&iacute;cula pl&aacute;stica para melhor separa&ccedil;&atilde;o das folhas<\/li>\n<li>Na constru&ccedil;&atilde;o de stands de feiras para manter o visual de alto brilho do pl&aacute;stico e prolongar os ciclos de limpeza<\/li>\n<li>Na aplica&ccedil;&atilde;o de materiais de isolamento e de materiais de enchimento<\/li>\n<li>Protege e conserva a capacidade de fluidez e de escoamento de pl\u00e1sticos<\/li>\n<li>Produtos qu&iacute;micos para a ind&uacute;stria gr&aacute;fica<\/li>\n<li>Em aplica&ccedil;&otilde;es com lacas, resinas sint&eacute;ticas, tintas e outros trabalhos em superf&iacute;cies &agrave; base de pl&aacute;stico<\/li>\n<\/ul>\n<p>Teremos prazer em aconselh&aacute;-lo e ajud&aacute;-lo na realiza&ccedil;&atilde;o dos seus projectos. <a href=\"#7\" class=\"link\">Contacte-nos<\/a><\/p>\n<hr \/>\n<p class=\"toTop\"><a href=\"\">Para cima<\/a><\/p>\n<p class=\"anker\"><a name=\"6\">&nbsp;<\/a><\/p>\n<h3>Sustentabilidade<\/h3>\n<p>    A nossa qualidade testada em laborat\u00f3rio, devidamente atestada com certificado de an\u00e1lise, e a nossa produ\u00e7\u00e3o nos termos das diretivas UE, permitem-lhe incluir NEOSTATIC\u00ae HB 155 como aditivo a longo prazo, bem como no futuro, nos seus processos de fabrico.<\/p>\n<p>NEOSTATIC\u00ae HB 155 \u00e9 fisiologicamente inofensivo, est\u00e1 listado na diretiva da UE N.\u00ba 10\/2011 e est\u00e1 por isso autorizado como aditivo para embalagens de g\u00e9neros aliment\u00edcios<\/p>\n<p>O NEOSTATIC\u00ae HB 155 est\u00e1 registado nos termos da diretiva europeia n.\u00ba 1907\/2006 sobre o registo, a avalia\u00e7\u00e3o, a autoriza\u00e7\u00e3o e a restri\u00e7\u00e3o de subst\u00e2ncias qu\u00edmicas (REACH).<\/p>\n<hr \/>\n<p class=\"toTop\"><a href=\"\">Para cima<\/a><\/p>\n<p class=\"anker\"><a name=\"7\">&nbsp;<\/a><\/p>\n<h3>Contato<\/h3>\n<h3>NEOSTATIC<sup>&reg;<\/sup><\/h3>\n<p>PETER H. URDAHL GmbH<br \/>\n    Grete-Nevermann-Weg 14<br \/> <br \/>\n    D-22559 Hamburg \/ Germany<\/p>\n<p class=\"mobile-button\"><a href=\"tel:+4940812328\">Telefone.: +49 (0)40 81 23 28<\/a><\/p>\n<p>Telefax: +49 (0)40 81 30 67<\/p>\n<p class=\"mobile-button\"><script type=\"text\/javascript\">\n               <!--\n               var name = \"urdahl\";\n               var domain = \"neostatic.com\";\n               document.write('<a href=\"mailto:' + name + '&#64;' + domain + '\">Endere&ccedil;o de correio electr&oacute;nico: ');\n               document.write(name + '&#64;' + domain + '<\/a>');\n               \/\/ -->\n               <\/script><\/p>\n<p>Website: www.neostatic.com<\/p>\n<p>Gerente: Jan Wappler, York Urdahl<br \/>\n    USt.-Id.Nr.: DE 812843649 <br \/>\n    Sede da sociedade: Hamburg Amtsgericht Hamburg HRB 74452<\/p>\n<p>Plataforma da Comiss\u00e3o da UE sobre resolu\u00e7\u00e3o de lit\u00edgios em linha: <a href=\"https:\/\/ec.europa.eu\/consumers\/odr\" target=\"_blank\" rel=\"noopener\">https:\/\/ec.europa.eu\/consumers\/odr<\/a><\/p>\n<p><a href=\"\/en\/nutzungsbedingungen\" class=\"link\">Termos de utiliza&ccedil;&atilde;o (em alem&atilde;o e ingl&ecirc;s)<\/a><br \/>\n    <a href=\"\/en\/agb\" class=\"link\">Condi&ccedil;&otilde;es gerais de compra e venda (em alem&atilde;o e ingl&ecirc;s)<\/a><\/p>\n<p>\n<div class=\"wpcf7 no-js\" id=\"wpcf7-f50-o18\" lang=\"en-US\" dir=\"ltr\" data-wpcf7-id=\"50\">\n<div class=\"screen-reader-response\"><p role=\"status\" aria-live=\"polite\" aria-atomic=\"true\"><\/p> <ul><\/ul><\/div>\n<form action=\"\/pt\/wp-json\/wp\/v2\/pages\/6#wpcf7-f50-o18\" method=\"post\" class=\"wpcf7-form init\" aria-label=\"Contact form\" novalidate=\"novalidate\" data-status=\"init\">\n<fieldset class=\"hidden-fields-container\"><input type=\"hidden\" name=\"_wpcf7\" value=\"50\" \/><input type=\"hidden\" name=\"_wpcf7_version\" value=\"6.1.5\" \/><input type=\"hidden\" name=\"_wpcf7_locale\" value=\"en_US\" \/><input type=\"hidden\" name=\"_wpcf7_unit_tag\" value=\"wpcf7-f50-o18\" \/><input type=\"hidden\" name=\"_wpcf7_container_post\" value=\"0\" \/><input type=\"hidden\" name=\"_wpcf7_posted_data_hash\" value=\"\" \/>\n<\/fieldset>\n<div class=\"label1\">\n\t<p \/><label for=\"name\">Nome*<\/label>\n\t<\/p>\n\t<p><span class=\"wpcf7-form-control-wrap\" data-name=\"your-name\"><input size=\"40\" maxlength=\"400\" class=\"wpcf7-form-control wpcf7-text wpcf7-validates-as-required\" aria-required=\"true\" aria-invalid=\"false\" value=\"\" type=\"text\" name=\"your-name\" \/><\/span>\n\t<\/p>\n\t<p \/><label for=\"email\">Endere&ccedil;o de correio electr&oacute;nico*<\/label>\n\t<\/p>\n\t<p><span class=\"wpcf7-form-control-wrap\" data-name=\"your-email\"><input size=\"40\" maxlength=\"400\" class=\"wpcf7-form-control wpcf7-email wpcf7-validates-as-required wpcf7-text wpcf7-validates-as-email\" aria-required=\"true\" aria-invalid=\"false\" value=\"\" type=\"email\" name=\"your-email\" \/><\/span>\n\t<\/p>\n\t<p \/><label for=\"anwendung\">Campo de aplica&ccedil;&atilde;o<\/label>\n\t<\/p>\n\t<p><span class=\"wpcf7-form-control-wrap\" data-name=\"anwendungsgebiet\"><input size=\"40\" maxlength=\"400\" class=\"wpcf7-form-control wpcf7-text\" aria-invalid=\"false\" value=\"\" type=\"text\" name=\"anwendungsgebiet\" \/><\/span>\n\t<\/p>\n<\/div>\n<div class=\"label2\">\n\t<p \/><label for=\"firma\">Empresa*<\/label>\n\t<\/p>\n\t<p><span class=\"wpcf7-form-control-wrap\" data-name=\"firma\"><input size=\"40\" maxlength=\"400\" class=\"wpcf7-form-control wpcf7-text wpcf7-validates-as-required\" aria-required=\"true\" aria-invalid=\"false\" value=\"\" type=\"text\" name=\"firma\" \/><\/span>\n\t<\/p>\n\t<p \/><label for=\"telefon\">Telefone*<\/label>\n\t<\/p>\n\t<p><span class=\"wpcf7-form-control-wrap\" data-name=\"telefon\"><input size=\"40\" maxlength=\"400\" class=\"wpcf7-form-control wpcf7-text wpcf7-validates-as-required\" aria-required=\"true\" aria-invalid=\"false\" value=\"\" type=\"text\" name=\"telefon\" \/><\/span>\n\t<\/p>\n\t<p \/><label for=\"typ\">Tipo da m&aacute;quina<\/label>\n\t<\/p>\n\t<p><span class=\"wpcf7-form-control-wrap\" data-name=\"maschinentyp\"><input size=\"40\" maxlength=\"400\" class=\"wpcf7-form-control wpcf7-text\" aria-invalid=\"false\" value=\"\" type=\"text\" name=\"maschinentyp\" \/><\/span>\n\t<\/p>\n<\/div>\n<div class=\"label3\">\n\t<p \/><label for=\"text\"><b>Mensagem<\/b><\/label>\n\t<\/p>\n\t<p><span class=\"wpcf7-form-control-wrap\" data-name=\"your-message\"><textarea cols=\"40\" rows=\"10\" maxlength=\"2000\" class=\"wpcf7-form-control wpcf7-textarea\" aria-invalid=\"false\" name=\"your-message\"><\/textarea><\/span>\n\t<\/p>\n\t<p><input class=\"wpcf7-form-control wpcf7-submit has-spinner\" type=\"submit\" value=\"Enviar\" \/>\n\t<\/p>\n<\/div>\n<div class=\"cleaner\" style=\"margin:40px 0\">\n<\/div><div class=\"wpcf7-response-output\" aria-hidden=\"true\"><\/div>\n<\/form>\n<\/div>\n<\/p>","protected":false},"excerpt":{"rendered":"<p>Bem-vindo Muito obrigado pelo seu interesse no nosso agente antiest&aacute;tico NEOSTATIC. A seguir, encontrar&aacute; um resumo de todas as propriedades relevantes dos nossos produtos antiest&aacute;ticos. O resumo dos produtos antiest&aacute;ticos em si, encontra-se na sec&ccedil;&atilde;o Produtos. Este site destina-se &agrave; sua informa&ccedil;&atilde;o geral. Se tiver qualquer d&uacute;vida adicional, n&atilde;o hesite em contactar-nos. No entanto, apelamos &#8230; <a title=\"Agente antiest&aacute;tico\" class=\"read-more\" href=\"https:\/\/www.neostatic.com\/pt\/\" aria-label=\"Leia mais sobre Agente antiest&aacute;tico\">Read more<\/a><\/p>\n","protected":false},"author":1,"featured_media":0,"parent":0,"menu_order":0,"comment_status":"closed","ping_status":"closed","template":"","meta":{"generate_page_header":"","footnotes":""},"class_list":["post-6","page","type-page","status-publish"],"_links":{"self":[{"href":"https:\/\/www.neostatic.com\/pt\/wp-json\/wp\/v2\/pages\/6","targetHints":{"allow":["GET"]}}],"collection":[{"href":"https:\/\/www.neostatic.com\/pt\/wp-json\/wp\/v2\/pages"}],"about":[{"href":"https:\/\/www.neostatic.com\/pt\/wp-json\/wp\/v2\/types\/page"}],"author":[{"embeddable":true,"href":"https:\/\/www.neostatic.com\/pt\/wp-json\/wp\/v2\/users\/1"}],"replies":[{"embeddable":true,"href":"https:\/\/www.neostatic.com\/pt\/wp-json\/wp\/v2\/comments?post=6"}],"version-history":[{"count":8,"href":"https:\/\/www.neostatic.com\/pt\/wp-json\/wp\/v2\/pages\/6\/revisions"}],"predecessor-version":[{"id":284,"href":"https:\/\/www.neostatic.com\/pt\/wp-json\/wp\/v2\/pages\/6\/revisions\/284"}],"wp:attachment":[{"href":"https:\/\/www.neostatic.com\/pt\/wp-json\/wp\/v2\/media?parent=6"}],"curies":[{"name":"wp","href":"https:\/\/api.w.org\/{rel}","templated":true}]}}