{"id":6,"date":"2016-07-19T12:56:40","date_gmt":"2016-07-19T10:56:40","guid":{"rendered":"http:\/\/www.2016.neostatic.com\/?page_id=6"},"modified":"2025-03-28T19:18:33","modified_gmt":"2025-03-28T18:18:33","slug":"antistatics","status":"publish","type":"page","link":"https:\/\/www.neostatic.com\/pl\/","title":{"rendered":"Antystatyki"},"content":{"rendered":"<p><\/p>\n<h2 class=\"welcome\">Witamy<\/h2>\n<p>Bardzo dzi&#281;kujemy za zainteresowanie naszym &#347;rodkiem antystatycznym NEOSTATIC. Poni&#380;ej przedstawiony zosta&#322; wykaz wszystkich istotnych w&#322;a&#347;ciwo&#347;ci naszych produkt&oacute;w antystatycznych. Przegl&#261;d naszych antystatyk&oacute;w znajd&#261; Pa&#324;stwo w rubryce <a href=\"#2\" class=\"link\">Produkty<\/a>.<\/p>\n<p>Na tej stronie zawarte s&#261; jedynie informacje og&oacute;lne. W razie dalszych pyta&#324; ch&#281;tnie jeste&#347;my do Pa&#324;stwa dyspozycji. Uprzejmie prosimy o zrozumienie, i&#380; korespondencj&#281; nasz&#261; mo&#380;emy prowadzi&#263; tylko w j. niemieckim lub angielskim. Wysy&#322;ki mi&#281;dzynarodowe (na ca&#322;y &#347;wiat) realizowane s&#261; wy&#322;&#261;cznie z Niemiec z Hamburga.<\/p>\n<hr \/>\n<p class=\"anker\"><a name=\"1\">&nbsp;<\/a><\/p>\n<h3>W\u0142a\u015bciwo\u015bci \u015brodka antystatycznego NEOSTATIC<sup>&reg;<\/sup><\/h3>\n<ul class=\"list\">\n<li> nadaje si\u0119 do antystatycznego wyposa\u017cenia do tworzyw sztucznych <\/li>\n<li>szczeg&oacute;lne mo&#380;liwo&#347;ci wrabiania w EPS<\/li>\n<li>redukuje na powierzchniach tworzyw sztucznych pojawiaj&#261;ce si&#281; &#322;adunki elektrostatyczne a&#380; do rezystencji powierzchniowej 10<sup>8<\/sup> &#8211; 10<sup>9<\/sup> Ohm<\/li>\n<li>du&#380;a wydajno&#347;&#263; &#8211; na 1m&sup2; konieczne jest tylko od 4-6 mg substancji czynnej<\/li>\n<li>dzia&#322;a tak&#380;e przy ekstremalnie niskiej wilgotno&#347;ci powietrza (20% relat. wilgot.)<\/li>\n<li>d&#322;ugotrwa&#322;e dzia&#322;anie przez okres co najmniej jedenego roku na suchych i chronionych przed &#347;cieraniem powierzchniach z tworzyw sztucznych<\/li>\n<li>fizjologicznie nieszkodliwy, dopuszczony jako dodatek do opakowa\u0144 na \u015brodki spo\u017cywcze (<a href=\"#6\" class=\"link\">patrz Zr&oacute;wnowa&#380;ony rozw&oacute;j<\/a>)<\/li>\n<li>przyjazny dla &#347;rodowiska naturalnego, rozk&#322;ada si&#281; biologicznie na substancje w&#322;asne<\/li>\n<\/ul>\n<hr \/>\n<p class=\"toTop\"><a href=\"\">Do g&oacute;ry<\/a><\/p>\n<p class=\"anker\"><a name=\"2\">&nbsp;<\/a><\/p>\n<h3>Produkt<\/h3>\n<div class=\"productLeft\">\n<p>NEOSTATIC<sup>&reg;<\/sup> Spray antystatyczny<br \/>\n    roztw&oacute;r gotowy do u&#380;ycia, 400ml w aerozolu<\/p>\n<p>    <img loading=\"lazy\" decoding=\"async\" src=\"\/wp-content\/uploads\/2020\/07\/Neostatic_Spraydose.jpg\" alt=\"Antistatikum Spray\" width=\"297\" height=\"403\" class=\"alignnone size-full wp-image-27\" \/>\n    <\/div>\n<div class=\"productRight\">\n<p>NEOSTATIC<sup>&reg;<\/sup> Antystatyk HB 155<br \/>\n    koncentrat, karnister 5 L<\/p>\n<p>    <img loading=\"lazy\" decoding=\"async\" src=\"\/wp-content\/uploads\/2020\/07\/Neostatic_Kanister.jpg\" alt=\"Neostatic_Kanister\" width=\"297\" height=\"403\" class=\"alignnone size-full wp-image-56\" \/>\n    <\/div>\n<div class=\"cleaner\"><\/div>\n<hr \/>\n<p class=\"toTop\"><a href=\"\">Do g&oacute;ry<\/a><\/p>\n<p class=\"anker\"><a name=\"3\">&nbsp;<\/a><\/p>\n<h3>NEOSTATIC<sup>&reg;<\/sup> Sposoby stosowania<\/h3>\n<p>Nak&#322;adanie pow&#322;oki antystatycznej nast&#281;puje poprzez spryskanie, zanurzanie lub nanoszenie wa&#322;kiem 1%-towego roztworu &#347;rodka antystatycznego NEOSTATIC, rozpuszczonego w wodzie destylowanej lub mieszance wody destylowanej\/alkoholu. Wy&#380;sza zawarto&#347;&#263; alkoholu (maks. 20%) powoduje szybsze suszenie.<\/p>\n<p>W przypadku kszta&#322;tek z EPS, dzi&#281;ki metodzie przer&oacute;bki NEOSTATIC, wyposa&#380;enie antystatyczne mo&#380;e by&#263; wrabiane podczas lub po procesie spieniania wst&#281;pnego. Materia&#322; podlega zatem obr&oacute;bce antystatycznej jeszcze przed ostatnim spienieniem. Dzi\u0119ki temu powierzchnia granulek EPS jest antystatyczna tak\u017ce wewn\u0105trz formy.<\/p>\n<p>Przy kontakcie z powierzchniami metalicznymi mo&#380;liwe jest wyst&#261;pienie korozji.<\/p>\n<hr \/>\n<p class=\"toTop\"><a href=\"\">Do g&oacute;ry<\/a><\/p>\n<p class=\"anker\"><a name=\"4\">&nbsp;<\/a><\/p>\n<h1>Antystatyki<\/h1>\n<p>Nasze &#347;rodki antystatyczne NEOSTATIC chroni&#261; powierzchnie z tworzyw sztucznych przed na&#322;adowaniem elektrostatycznym. Dzi&#281;ki temu redukowane s&#261; niepo&#380;&#261;dane skutki na&#322;adowania jak np. przyci&#261;ganie py&#322;u, wyst&#281;powanie iskrzenia lub &#8222;przylepianie si&#281;&#8220; folii, cz&#281;&#347;ci z tworzyw sztucznych i tekstyli&oacute;w.<\/p>\n<hr \/>\n<p class=\"toTop\"><a href=\"\">Do g&oacute;ry<\/a><\/p>\n<p class=\"anker\"><a name=\"5\">&nbsp;<\/a><\/p>\n<h3>Korzy&#347;ci stosowania<\/h3>\n<p>&#346;rodki antystatyczne NEOSTATIC s&#261; ju&#380; stosowane w nast&#281;puj&#261;cych dziedzinach:<\/p>\n<ul class=\"list\">\n<li>przy obr&oacute;bce z EPS efekt antystatyczny, dzi&#281;ki wewn&#281;trznemu wrabianiu wyposa&#380;enia, zostaje d&#322;ugotrwale chroniony i zachowany<\/li>\n<li>istnieje mo&#380;liwo&#347;&#263; po&#378;niejszego formowania wg&#322;&#281;bnego obrabianych powierzchniowo p&#322;yt z tworzywa sztucznego i folii. Wyposa&#380;enie antystatyczne zostaje tutaj zachowane.<\/li>\n<li>do ochrony zawarto&#347;ci przed &#322;adunkami elektrostatycznymi pojawiaj&#261;cymi si&#281; wskutek tarcia<\/li>\n<li>do opakowa&#324; z tworzyw sztucznych, aby zapobiega&#263; osadzaniu si&#281; py&#322;u (&#8222;wz&oacute;r kwiecistego mrozu&#8220;) i tym samym zanieczyszczaniu<\/li>\n<li>do optymalizacji proces&oacute;w drukowania\n<ul>\n<li>dobra nadrukowalno&#347;&#263; wzgl. dobre przyleganie farb drukarskich do gotowych cz&#281;&#347;ci z tworzywa sztucznego (folie, butelki, opakowania, zamkni&#281;cia etc.), kt&oacute;rych powierzchnie zosta&#322;y uprzednio obrobione &#347;rodkiem antystatycznym NEOSTATIC<\/li>\n<li>precyzyjne nadrukowanie obraz&oacute;w, bez &#8220;rozprysku&#8220; farby wskutek na&#322;adowania elektrostatycznego <\/li>\n<li>wrabianie w farby drukarskie np. do nadruk&oacute;w na opakowania przy zachowaniu r&oacute;wnomiernej przyczepno&#347;ci etykiet<\/li>\n<\/ul>\n<\/li>\n<li>przezroczysto&#347;&#263; i blask przejrzystego PVC i szk&#322;a akrylowego przy czyszczeniu i spryskiwaniu ich &#347;rodkami antystatycznymi NEOSTATIC zostaj&#261; nadal utrzymane<\/li>\n<li>nie powstaj&#261; &#380;adne smugi, nawet po k&#261;pieli zanurzeniowej folii <\/li>\n<li>dopuszczony jako dodatek do opakowa&#324; na &#347;rodki spo&#380;ywcze (<a href=\"#6\" class=\"link\">patrz Zr&oacute;wnowa&#380;ony rozw&oacute;j<\/a>)<\/li>\n<li>jako &#347;rodek czyszcz&#261;cy do czyszczenia antystatycznego (np. do wyk&#322;adzin pod&#322;ogowych, sprz&#261;tania budynk&oacute;w, czyszczenia drzwi\/o&#347;cie&#380;nic drzwiowych z tworzywa sztucznego etc.)<\/li>\n<\/ul>\n<p><em>Dalsze zakresy zastosowa&#324;:<\/em><\/p>\n<ul class=\"list\">\n<li>do tekstyli&oacute;w, w&#322;&oacute;kien sztucznych i w&#322;&oacute;kien mieszanych w celu optymalizacji proces&oacute;w <\/li>\n<li>do papieru, papieru powlekanego foli&#261;, celem usprawnienia rozdzielania pojedynczych pasm<\/li>\n<li>do zabudowy targowej, aby utrzyma&#263; np. wysoki po&#322;ysk tworzyw sztucznych i wyd&#322;u&#380;y&#263; ich cykle czyszczenia<\/li>\n<li>do obr&oacute;bki materia&#322;&oacute;w izolacyjnych i wype&#322;niaj&#261;cych <\/li>\n<lichroni i utrzymuje zdolno\u015b\u0107 sypania si\u0119 i usypywania tworzyw sztucznych<\/li>\n<li>wyroby chemiczne dla przemys&#322;u graficznego<\/li>\n<li>do zastosowa&#324; z u&#380;yciem lakier&oacute;w, &#380;ywic sztucznych, farb oraz do innych obr&oacute;bek powierzchni na bazie tworzyw sztucznych<\/li>\n<\/ul>\n<p>Zawsze ch&#281;tnie doradzimy i pomo&#380;emy Pa&#324;stwu w urzeczywistnianiu Waszych projekt&oacute;w. <a href=\"#7\" class=\"link\">Zapraszamy do kontaktu tutaj<\/a><\/p>\n<hr \/>\n<p class=\"toTop\"><a href=\"\">Do g&oacute;ry<\/a><\/p>\n<p class=\"anker\"><a name=\"6\">&nbsp;<\/a><\/p>\n<h3>Zr&oacute;wnowa&#380;ony rozw&oacute;j<\/h3>\n<p>    Nasza laboratoryjnie sprawdzona jako\u015b\u0107 wraz z certyfikatem analizy oraz produkcja zgodna z dyrektywami UE gwarantuj\u0105 tak\u017ce w przysz\u0142o\u015bci d\u0142ugookresowe stosowanie \u015brodka antystatycznego NEOSTATIC HB 155 jako dodatku w procesach produkcyjnych.<\/p>\n<p>NEOSTATIC HB 155 jest fizjologicznie nieszkodliwy, znajduje si\u0119 na li\u015bcie rozporz\u0105dzenia UE nr 10\/2011 i tym samym jest dopuszczony jako dodatek do opakowa\u0144 na \u015brodki spo\u017cywcze)<\/p>\n<p>NEOSTATIC\u00ae HB 155 jest zarejestrowany zgodnie z rozporz\u0105dzeniem UE nr 1907\/2006 w sprawie rejestracji, oceny, udzielania zezwole\u0144 i stosowanych ogranicze\u0144 w zakresie chemikali\u00f3w (REACH).<\/p>\n<hr \/>\n<p class=\"toTop\"><a href=\"\">Do g&oacute;ry<\/a><\/p>\n<p class=\"anker\"><a name=\"7\">&nbsp;<\/a><\/p>\n<h3>Kontakt<\/h3>\n<h3>NEOSTATIC<sup>&reg;<\/sup><\/h3>\n<p>PETER H. URDAHL GmbH<br \/>\n    Grete-Nevermann-Weg 14<br \/> <br \/>\n    D-22559 Hamburg \/ Germany<\/p>\n<p class=\"mobile-button\"><a href=\"tel:+4940812328\">Numer telefonu: +49 (0)40 81 23 28<\/a><\/p>\n<p>Faks: +49 (0)40 81 30 67<\/p>\n<p class=\"mobile-button\"><script type=\"text\/javascript\">\n               <!--\n               var name = \"urdahl\";\n               var domain = \"neostatic.com\";\n               document.write('<a href=\"mailto:' + name + '&#64;' + domain + '\">Adres e-mail: ');\n               document.write(name + '&#64;' + domain + '<\/a>');\n               \/\/ -->\n               <\/script><\/p>\n<p>Strona internetowa: www.neostatic.com<\/p>\n<p>Dyrektor Zarz&#261;dzaj&#261;cy: Jan Wappler, York Urdahl<br \/>\n    NIP: DE 812843649 <br \/>\n    Siedziba sp&oacute;&#322;ki: Hamburg Amtsgericht Hamburg HRB 74452<\/p>\n<p>Platforma Komisji UE do rozstrzygania spor\u00f3w z e-sklepami: <a href=\"https:\/\/ec.europa.eu\/consumers\/odr\" target=\"_blank\" rel=\"noopener\">https:\/\/ec.europa.eu\/consumers\/odr<\/a><\/p>\n<p><a href=\"\/en\/nutzungsbedingungen\" class=\"link\">Warunki korzystania (w j. niemieckim i angielskim)<\/a><br \/>\n    <a href=\"\/en\/agb\" class=\"link\">Og&oacute;lne Warunki Handlowe (w j. niemieckim i angielskim)<\/a><\/p>\n<p>\n<div class=\"wpcf7 no-js\" id=\"wpcf7-f49-o17\" lang=\"en-US\" dir=\"ltr\" data-wpcf7-id=\"49\">\n<div class=\"screen-reader-response\"><p role=\"status\" aria-live=\"polite\" aria-atomic=\"true\"><\/p> <ul><\/ul><\/div>\n<form action=\"\/pl\/wp-json\/wp\/v2\/pages\/6#wpcf7-f49-o17\" method=\"post\" class=\"wpcf7-form init\" aria-label=\"Contact form\" novalidate=\"novalidate\" data-status=\"init\">\n<fieldset class=\"hidden-fields-container\"><input type=\"hidden\" name=\"_wpcf7\" value=\"49\" \/><input type=\"hidden\" name=\"_wpcf7_version\" value=\"6.1.5\" \/><input type=\"hidden\" name=\"_wpcf7_locale\" value=\"en_US\" \/><input type=\"hidden\" name=\"_wpcf7_unit_tag\" value=\"wpcf7-f49-o17\" \/><input type=\"hidden\" name=\"_wpcf7_container_post\" value=\"0\" \/><input type=\"hidden\" name=\"_wpcf7_posted_data_hash\" value=\"\" \/>\n<\/fieldset>\n<div class=\"label1\">\n\t<p \/><label for=\"name\">Nazwisko*<\/label>\n\t<\/p>\n\t<p><span class=\"wpcf7-form-control-wrap\" data-name=\"your-name\"><input size=\"40\" maxlength=\"400\" class=\"wpcf7-form-control wpcf7-text wpcf7-validates-as-required\" aria-required=\"true\" aria-invalid=\"false\" value=\"\" type=\"text\" name=\"your-name\" \/><\/span>\n\t<\/p>\n\t<p \/><label for=\"email\">Adres e-mail*<\/label>\n\t<\/p>\n\t<p><span class=\"wpcf7-form-control-wrap\" data-name=\"your-email\"><input size=\"40\" maxlength=\"400\" class=\"wpcf7-form-control wpcf7-email wpcf7-validates-as-required wpcf7-text wpcf7-validates-as-email\" aria-required=\"true\" aria-invalid=\"false\" value=\"\" type=\"email\" name=\"your-email\" \/><\/span>\n\t<\/p>\n\t<p \/><label for=\"anwendung\">Zakres stosowania<\/label>\n\t<\/p>\n\t<p><span class=\"wpcf7-form-control-wrap\" data-name=\"anwendungsgebiet\"><input size=\"40\" maxlength=\"400\" class=\"wpcf7-form-control wpcf7-text\" aria-invalid=\"false\" value=\"\" type=\"text\" name=\"anwendungsgebiet\" \/><\/span>\n\t<\/p>\n<\/div>\n<div class=\"label2\">\n\t<p \/><label for=\"firma\">Firma*<\/label>\n\t<\/p>\n\t<p><span class=\"wpcf7-form-control-wrap\" data-name=\"firma\"><input size=\"40\" maxlength=\"400\" class=\"wpcf7-form-control wpcf7-text wpcf7-validates-as-required\" aria-required=\"true\" aria-invalid=\"false\" value=\"\" type=\"text\" name=\"firma\" \/><\/span>\n\t<\/p>\n\t<p \/><label for=\"telefon\">Numer telefonu*<\/label>\n\t<\/p>\n\t<p><span class=\"wpcf7-form-control-wrap\" data-name=\"telefon\"><input size=\"40\" maxlength=\"400\" class=\"wpcf7-form-control wpcf7-text wpcf7-validates-as-required\" aria-required=\"true\" aria-invalid=\"false\" value=\"\" type=\"text\" name=\"telefon\" \/><\/span>\n\t<\/p>\n\t<p \/><label for=\"typ\">Typ maszyny<\/label>\n\t<\/p>\n\t<p><span class=\"wpcf7-form-control-wrap\" data-name=\"maschinentyp\"><input size=\"40\" maxlength=\"400\" class=\"wpcf7-form-control wpcf7-text\" aria-invalid=\"false\" value=\"\" type=\"text\" name=\"maschinentyp\" \/><\/span>\n\t<\/p>\n<\/div>\n<div class=\"label3\">\n\t<p \/><label for=\"text\"><b>Wiadomo&#347;&#263;<\/b><\/label>\n\t<\/p>\n\t<p><span class=\"wpcf7-form-control-wrap\" data-name=\"your-message\"><textarea cols=\"40\" rows=\"10\" maxlength=\"2000\" class=\"wpcf7-form-control wpcf7-textarea\" aria-invalid=\"false\" name=\"your-message\"><\/textarea><\/span>\n\t<\/p>\n\t<p><input class=\"wpcf7-form-control wpcf7-submit has-spinner\" type=\"submit\" value=\"Wy&#347;lij\" \/>\n\t<\/p>\n<\/div>\n<div class=\"cleaner\" style=\"margin:40px 0\">\n<\/div><div class=\"wpcf7-response-output\" aria-hidden=\"true\"><\/div>\n<\/form>\n<\/div>\n<\/p>","protected":false},"excerpt":{"rendered":"<p>Witamy Bardzo dzi&#281;kujemy za zainteresowanie naszym &#347;rodkiem antystatycznym NEOSTATIC. Poni&#380;ej przedstawiony zosta&#322; wykaz wszystkich istotnych w&#322;a&#347;ciwo&#347;ci naszych produkt&oacute;w antystatycznych. Przegl&#261;d naszych antystatyk&oacute;w znajd&#261; Pa&#324;stwo w rubryce Produkty. Na tej stronie zawarte s&#261; jedynie informacje og&oacute;lne. W razie dalszych pyta&#324; ch&#281;tnie jeste&#347;my do Pa&#324;stwa dyspozycji. Uprzejmie prosimy o zrozumienie, i&#380; korespondencj&#281; nasz&#261; mo&#380;emy prowadzi&#263; tylko w &#8230; <a title=\"Antystatyki\" class=\"read-more\" href=\"https:\/\/www.neostatic.com\/pl\/\" aria-label=\"Read more about Antystatyki\">Read more<\/a><\/p>\n","protected":false},"author":1,"featured_media":0,"parent":0,"menu_order":0,"comment_status":"closed","ping_status":"closed","template":"","meta":{"generate_page_header":"","footnotes":""},"class_list":["post-6","page","type-page","status-publish"],"_links":{"self":[{"href":"https:\/\/www.neostatic.com\/pl\/wp-json\/wp\/v2\/pages\/6","targetHints":{"allow":["GET"]}}],"collection":[{"href":"https:\/\/www.neostatic.com\/pl\/wp-json\/wp\/v2\/pages"}],"about":[{"href":"https:\/\/www.neostatic.com\/pl\/wp-json\/wp\/v2\/types\/page"}],"author":[{"embeddable":true,"href":"https:\/\/www.neostatic.com\/pl\/wp-json\/wp\/v2\/users\/1"}],"replies":[{"embeddable":true,"href":"https:\/\/www.neostatic.com\/pl\/wp-json\/wp\/v2\/comments?post=6"}],"version-history":[{"count":8,"href":"https:\/\/www.neostatic.com\/pl\/wp-json\/wp\/v2\/pages\/6\/revisions"}],"predecessor-version":[{"id":284,"href":"https:\/\/www.neostatic.com\/pl\/wp-json\/wp\/v2\/pages\/6\/revisions\/284"}],"wp:attachment":[{"href":"https:\/\/www.neostatic.com\/pl\/wp-json\/wp\/v2\/media?parent=6"}],"curies":[{"name":"wp","href":"https:\/\/api.w.org\/{rel}","templated":true}]}}