{"id":6,"date":"2016-07-19T12:56:40","date_gmt":"2016-07-19T10:56:40","guid":{"rendered":"http:\/\/www.2016.neostatic.com\/?page_id=6"},"modified":"2025-03-28T19:18:33","modified_gmt":"2025-03-28T18:18:33","slug":"antistatics","status":"publish","type":"page","link":"https:\/\/www.neostatic.com\/no\/","title":{"rendered":"Antistatisk middel"},"content":{"rendered":"<p><\/p>\n<h2 class=\"welcome\">Velkommen<\/h2>\n<p>Vi takker for din interesse for NEOSTATIC antistatisk middel. Her finner du en oversikt over alle relevante egenskaper du finner i de antistatiske-produktene vi leverer. I rubrikken <a href=\"#2\" class=\"link\">produkter<\/a> finner du en liste over alle de antistatiske midlene vi kan tilby.<\/p>\n<p>Denne siden er ment &aring; gi deg generell informasjon. Hvis du har flere sp&oslash;rsm&aring;l, h&oslash;rer vi gjerne fra deg.  Vi ber om forst&aring;else for at vi bare kan besvare skriftlige henvendelser p&aring; tysk eller engelsk. Forsendelser til hele verden organiseres fra Hamburg i Tyskland.<\/p>\n<hr \/>\n<p class=\"anker\"><a name=\"1\">&nbsp;<\/a><\/p>\n<h3>NEOSTATIC<sup>&reg;<\/sup> &#8211; Egenskaper<\/h3>\n<ul class=\"list\">\n<li>Egnet for antistatisk behandling av alle kjente kunstmaterialer,<\/li>\n<li>Innarbeiding i isopor (EPS) mulig.<\/li>\n<li>Reduserer den elektrostatiske oppladningen p&aring; overflater i kunststoff ved at overflatemotstanden reduseres til 10<sup>8<\/sup> &#8211; 10<sup>9<\/sup> Ohm<\/li>\n<li>Sv&aelig;rt dr&oslash;y; det trengs ikke mer enn 4-6 mg produkt pr m&sup2;<\/li>\n<li>God virkning ogs&aring; ved sv&aelig;rt lav luftfuktighet (20 % rel.fukt.)<\/li>\n<li>Langtidsvirkning p&aring; minst 1 &aring;r &#8211; p&aring; t&oslash;rre overflater i kunststoff, beskyttet mot slitasje.<\/li>\n<li>Fysiologisk ufarlig; godkjent som additiv i n\u00e6ringsmiddelforpakninger (<a href=\"#6\" class=\"link\">se &#8220;b&aelig;rekraft\u201d<\/a>)<\/li>\n<li>Milj&oslash;vennlig, nedbrytes biologisk til kroppsegne substanser<\/li>\n<\/ul>\n<hr \/>\n<p class=\"toTop\"><a href=\"\">Oppover<\/a><\/p>\n<p class=\"anker\"><a name=\"2\">&nbsp;<\/a><\/p>\n<h3>Produkt<\/h3>\n<div class=\"productLeft\">\n<p>NEOSTATIC<sup>&reg;<\/sup> Antistatisk spray<br \/>\n    klar for bruk, 400ml sprayboks<\/p>\n<p>    <img loading=\"lazy\" decoding=\"async\" src=\"\/wp-content\/uploads\/2020\/07\/Neostatic_Spraydose.jpg\" alt=\"Antistatikum Spray\" width=\"297\" height=\"403\" class=\"alignnone size-full wp-image-27\" \/>\n    <\/div>\n<div class=\"productRight\">\n<p>NEOSTATIC<sup>&reg;<\/sup> Antistatisk middel HB 155<br \/>\n    konsentrat, 5 L kanne<\/p>\n<p>    <img loading=\"lazy\" decoding=\"async\" src=\"\/wp-content\/uploads\/2020\/07\/Neostatic_Kanister.jpg\" alt=\"Neostatic_Kanister\" width=\"297\" height=\"403\" class=\"alignnone size-full wp-image-56\" \/>\n    <\/div>\n<div class=\"cleaner\"><\/div>\n<hr \/>\n<p class=\"toTop\"><a href=\"\">Oppover<\/a><\/p>\n<p class=\"anker\"><a name=\"3\">&nbsp;<\/a><\/p>\n<h3>NEOSTATIC<sup>&reg;<\/sup> Bruksomr&aring;der<\/h3>\n<p>    Den antistatiske overflatebehandlingen gj\u00f8res i form av spray, neddykking eller p\u00e5f\u00f8ring med rulle av en 1%-l\u00f8sning NEOSTATIC\u00ae i destillert vann eller destillert vann\/alkohol-blanding. H\u00f8yere alkoholandel gir raskere t\u00f8rking.<\/p>\n<p>Formpressede deler i EPS kan behandles med NEOSTATIC\u00ae under eller etter forskummingen. P\u00e5 denne m\u00e5ten gj\u00f8res materialet antistatisk allerede f\u00f8r siste skumfylling. Overflatene p\u00e5 EPS-perlene er dermed ogs\u00e5 antistatiske i den formpressede delen. <\/p>\n<p>Korrosjonsskader er mulig ved kontakt med overflater i metall.  <\/p>\n<p>Korrosjonsskader er mulig ved kontakt med overflater i metall.<\/p>\n<hr \/>\n<p class=\"toTop\"><a href=\"\">Oppover<\/a><\/p>\n<p class=\"anker\"><a name=\"4\">&nbsp;<\/a><\/p>\n<h1>Antistatisk middel<\/h1>\n<p>NEOSTATIC antistatiske midler beskytter overflater i kunstmateriale mot elektrostatisk oppladning. Dette gj&oslash;r at de negative virkningene av slik oppladning motvirkes; dette kan v&aelig;re st&oslash;vtiltrekking, gnistdannelse eller &quot;klistring&quot; av folier, plastdeler eller tekstiler.<\/p>\n<hr \/>\n<p class=\"toTop\"><a href=\"\">Oppover<\/a><\/p>\n<p class=\"anker\"><a name=\"5\">&nbsp;<\/a><\/p>\n<h3>Bruksfordeler<\/h3>\n<p>Disse fagomr\u00e5dene har positiv erfaring med bruk av NEOSTATIC antistatiske midler:<\/p>\n<ul class=\"list\">\n<li>Bruk sammen med EPS gj&oslash;r at effekten b&aring;de beskyttes og gis lengre levetid siden den bakes inn i kjernen av produktet.<\/li>\n<li>Dyptrekking i ettertid av overflatebehandlede kunststoffplater og folier er mulig. Den antistatiske behandlingen opprettholdes<\/li>\n<li>Som beskyttelse av innhold mot friksjonsoppladning<\/li>\n<li>I kunststoff-forpakninger, for &aring; hindre st&oslash;vdannelse (&quot;isrosem&oslash;nster&quot;) og smuss<\/li>\n<li>For optimalisering av trykkeprosesser:\n<ul>\n<li>Problemfri trykking \/ feste av trykkfarger p&aring; ferdige kunststoffprodukter (folier, flasker, forpakninger, lukninger osv.) som er forh&aring;ndsbehandlet med NEOSTATIC antistatisk middel<\/li>\n<li>N&oslash;yaktig trykkbilde; sverten &quot;spruter&quot; ikke av flaten som f&oslash;lge av elektrostatisk oppladning<\/li>\n<li>Behandling av trykkfarger, f.eks. for trykk p&aring; emballasje med like bra feste av etiketter<\/li>\n<\/ul>\n<\/li>\n<li>Transparens og briljans i klar PVC og acrylglass opprettholdes med p&aring;spraying eller rengj&oslash;ring med NEOSTATIC antistatisk middel<\/li>\n<li>Ingen striper og skjoldedannelse, heller ikke ved folieneddykking<\/li>\n<li>Godkjent som additiv i n&aelig;ringsmiddelforpakninger (<a href=\"#6\" class=\"link\">se &#8220;b&aelig;rekraft&#8221;<\/a>)<\/li>\n<li>Som middel ved antistatisk rengj&oslash;ring (f.eks. gulvbelegg, fasaderengj&oslash;ring, d&oslash;rer\/rammer i plast osv.)<\/li>\n<\/ul>\n<p><em>Andre bruksomr&aring;der:<\/em><\/p>\n<ul class=\"list\">\n<li>Behandling av tekstiler, kunstfibre og blandingsmaterialer for prosessoptimalisering.<\/li>\n<li>Behandling av papir, foliebelagt papir for bedre adskilling av enkeltark<\/li>\n<li>Hos messebygger, f.eks. for &aring; opprettholde h&oslash;yglans i kunstmaterialer og forlenge rengj&oslash;ringssyklusene<\/li>\n<li>Ved arbeide med isoleringsmaterialer og fyllmaterialer<\/li>\n<li>Beskytter og opprettholder risle- og hellingsevnen av kunststoffer<\/li>\n<li>Kjemiske produkter i grafisk industri<\/li>\n<li>Sammen med lakk, kunstharpiks, maling og andre overflatebehandlinger p&aring; plastbasis.<\/li>\n<\/ul>\n<p>Vi ser fram til &aring; kunne gi deg r&aring;d og hjelper deg gjerne med prosjektene du skal gjennomf&oslash;re. <a href=\"#7\" class=\"link\">Her kan du kontakte oss<\/a><\/p>\n<hr \/>\n<p class=\"toTop\"><a href=\"\">Oppover<\/a><\/p>\n<p class=\"anker\"><a name=\"6\">&nbsp;<\/a><\/p>\n<h3>B&aelig;rekraft<\/h3>\n<p>    Produktene og produksjonen v&aring;r er kontrollert og godkjent i henhold til EUs retningslinjer. Dette gj&oslash;r at du i lang tid framover sikkert kan benytte NEOSTATIC HB 155 som additiv i produksjonsprosessen.<\/p>\n<p>    NEOSTATIC HB 155 er fysiologisk ufarlig, oppf\u00f8rt i EU-forordning nr. 10\/2011 og dermed godkjent som tilsetningsstoff for matvareforpakninger\u00a0\/ begrensning 15 mg \/ m2.<\/p>\n<p>    NEOSTATIC HB er 155 registrert i samsvar med EU-direktiv nr. 1907\/2006 om registrering, vurdering, godkjenning og og begrensning av kjemiske stoffer (REACH).<\/p>\n<hr \/>\n<p class=\"toTop\"><a href=\"\">Oppover<\/a><\/p>\n<p class=\"anker\"><a name=\"7\">&nbsp;<\/a><\/p>\n<h3>Kontakt<\/h3>\n<h3>NEOSTATIC<sup>&reg;<\/sup><\/h3>\n<p>PETER H. URDAHL GmbH<br \/>\n    Grete-Nevermann-Weg 14<br \/> <br \/>\n    D-22559 Hamburg \/ Germany<\/p>\n<p class=\"mobile-button\"><a href=\"tel:+4940812328\">Tel.: +49 (0)40 81 23 28<\/a><\/p>\n<p>Faks: +49 (0)40 81 30 67<\/p>\n<p class=\"mobile-button\"><script type=\"text\/javascript\">\n               <!--\n               var name = \"urdahl\";\n               var domain = \"neostatic.com\";\n               document.write('<a href=\"mailto:' + name + '&#64;' + domain + '\">E-post adresse: ');\n               document.write(name + '&#64;' + domain + '<\/a>');\n               \/\/ -->\n               <\/script><\/p>\n<p>Nettside: www.neostatic.com<\/p>\n<p>Adm.dir: Jan Wappler, York Urdahl<br \/>\n    USt.-Id.Nr.: DE 812843649 <br \/>\n    Hovedkontor: Hamburg Amtsgericht Hamburg HRB 74452<\/p>\n<p><a href=\"\/en\/nutzungsbedingungen\" class=\"link\">Bruksbetingelser (p&aring; tysk og engelsk)<\/a><br \/>\n    <a href=\"\/en\/agb\" class=\"link\">Generelle forretningsbetingelser (p&aring; tysk og engelsk)<\/a><\/p>\n<p>\n<div class=\"wpcf7 no-js\" id=\"wpcf7-f48-o16\" lang=\"en-US\" dir=\"ltr\" data-wpcf7-id=\"48\">\n<div class=\"screen-reader-response\"><p role=\"status\" aria-live=\"polite\" aria-atomic=\"true\"><\/p> <ul><\/ul><\/div>\n<form action=\"\/no\/wp-json\/wp\/v2\/pages\/6#wpcf7-f48-o16\" method=\"post\" class=\"wpcf7-form init\" aria-label=\"Contact form\" novalidate=\"novalidate\" data-status=\"init\">\n<fieldset class=\"hidden-fields-container\"><input type=\"hidden\" name=\"_wpcf7\" value=\"48\" \/><input type=\"hidden\" name=\"_wpcf7_version\" value=\"6.1.5\" \/><input type=\"hidden\" name=\"_wpcf7_locale\" value=\"en_US\" \/><input type=\"hidden\" name=\"_wpcf7_unit_tag\" value=\"wpcf7-f48-o16\" \/><input type=\"hidden\" name=\"_wpcf7_container_post\" value=\"0\" \/><input type=\"hidden\" name=\"_wpcf7_posted_data_hash\" value=\"\" \/>\n<\/fieldset>\n<div class=\"label1\">\n\t<p \/><label for=\"name\">Navn*<\/label>\n\t<\/p>\n\t<p><span class=\"wpcf7-form-control-wrap\" data-name=\"your-name\"><input size=\"40\" maxlength=\"400\" class=\"wpcf7-form-control wpcf7-text wpcf7-validates-as-required\" aria-required=\"true\" aria-invalid=\"false\" value=\"\" type=\"text\" name=\"your-name\" \/><\/span>\n\t<\/p>\n\t<p \/><label for=\"email\">E-post adresse*<\/label>\n\t<\/p>\n\t<p><span class=\"wpcf7-form-control-wrap\" data-name=\"your-email\"><input size=\"40\" maxlength=\"400\" class=\"wpcf7-form-control wpcf7-email wpcf7-validates-as-required wpcf7-text wpcf7-validates-as-email\" aria-required=\"true\" aria-invalid=\"false\" value=\"\" type=\"email\" name=\"your-email\" \/><\/span>\n\t<\/p>\n\t<p \/><label for=\"anwendung\">Bruksomr&aring;de<\/label>\n\t<\/p>\n\t<p><span class=\"wpcf7-form-control-wrap\" data-name=\"anwendungsgebiet\"><input size=\"40\" maxlength=\"400\" class=\"wpcf7-form-control wpcf7-text\" aria-invalid=\"false\" value=\"\" type=\"text\" name=\"anwendungsgebiet\" \/><\/span>\n\t<\/p>\n<\/div>\n<div class=\"label2\">\n\t<p \/><label for=\"firma\">Firma*<\/label>\n\t<\/p>\n\t<p><span class=\"wpcf7-form-control-wrap\" data-name=\"firma\"><input size=\"40\" maxlength=\"400\" class=\"wpcf7-form-control wpcf7-text wpcf7-validates-as-required\" aria-required=\"true\" aria-invalid=\"false\" value=\"\" type=\"text\" name=\"firma\" \/><\/span>\n\t<\/p>\n\t<p \/><label for=\"telefon\">Telefonnr.*<\/label>\n\t<\/p>\n\t<p><span class=\"wpcf7-form-control-wrap\" data-name=\"telefon\"><input size=\"40\" maxlength=\"400\" class=\"wpcf7-form-control wpcf7-text wpcf7-validates-as-required\" aria-required=\"true\" aria-invalid=\"false\" value=\"\" type=\"text\" name=\"telefon\" \/><\/span>\n\t<\/p>\n\t<p \/><label for=\"typ\">Maskintype<\/label>\n\t<\/p>\n\t<p><span class=\"wpcf7-form-control-wrap\" data-name=\"maschinentyp\"><input size=\"40\" maxlength=\"400\" class=\"wpcf7-form-control wpcf7-text\" aria-invalid=\"false\" value=\"\" type=\"text\" name=\"maschinentyp\" \/><\/span>\n\t<\/p>\n<\/div>\n<div class=\"label3\">\n\t<p \/><label for=\"text\"><b>Kommentar<\/b><\/label>\n\t<\/p>\n\t<p><span class=\"wpcf7-form-control-wrap\" data-name=\"your-message\"><textarea cols=\"40\" rows=\"10\" maxlength=\"2000\" class=\"wpcf7-form-control wpcf7-textarea\" aria-invalid=\"false\" name=\"your-message\"><\/textarea><\/span>\n\t<\/p>\n\t<p><input class=\"wpcf7-form-control wpcf7-submit has-spinner\" type=\"submit\" value=\"Send\" \/>\n\t<\/p>\n<\/div>\n<div class=\"cleaner\" style=\"margin:40px 0\">\n<\/div><div class=\"wpcf7-response-output\" aria-hidden=\"true\"><\/div>\n<\/form>\n<\/div>\n<\/p>","protected":false},"excerpt":{"rendered":"<p>Velkommen Vi takker for din interesse for NEOSTATIC antistatisk middel. Her finner du en oversikt over alle relevante egenskaper du finner i de antistatiske-produktene vi leverer. I rubrikken produkter finner du en liste over alle de antistatiske midlene vi kan tilby. Denne siden er ment &aring; gi deg generell informasjon. Hvis du har flere sp&oslash;rsm&aring;l, &#8230; <a title=\"Antistatisk middel\" class=\"read-more\" href=\"https:\/\/www.neostatic.com\/no\/\" aria-label=\"Read more about Antistatisk middel\">Read more<\/a><\/p>\n","protected":false},"author":1,"featured_media":0,"parent":0,"menu_order":0,"comment_status":"closed","ping_status":"closed","template":"","meta":{"generate_page_header":"","footnotes":""},"class_list":["post-6","page","type-page","status-publish"],"_links":{"self":[{"href":"https:\/\/www.neostatic.com\/no\/wp-json\/wp\/v2\/pages\/6","targetHints":{"allow":["GET"]}}],"collection":[{"href":"https:\/\/www.neostatic.com\/no\/wp-json\/wp\/v2\/pages"}],"about":[{"href":"https:\/\/www.neostatic.com\/no\/wp-json\/wp\/v2\/types\/page"}],"author":[{"embeddable":true,"href":"https:\/\/www.neostatic.com\/no\/wp-json\/wp\/v2\/users\/1"}],"replies":[{"embeddable":true,"href":"https:\/\/www.neostatic.com\/no\/wp-json\/wp\/v2\/comments?post=6"}],"version-history":[{"count":8,"href":"https:\/\/www.neostatic.com\/no\/wp-json\/wp\/v2\/pages\/6\/revisions"}],"predecessor-version":[{"id":284,"href":"https:\/\/www.neostatic.com\/no\/wp-json\/wp\/v2\/pages\/6\/revisions\/284"}],"wp:attachment":[{"href":"https:\/\/www.neostatic.com\/no\/wp-json\/wp\/v2\/media?parent=6"}],"curies":[{"name":"wp","href":"https:\/\/api.w.org\/{rel}","templated":true}]}}