{"id":6,"date":"2016-07-19T12:56:40","date_gmt":"2016-07-19T10:56:40","guid":{"rendered":"http:\/\/www.2016.neostatic.com\/?page_id=6"},"modified":"2025-03-28T19:18:33","modified_gmt":"2025-03-28T18:18:33","slug":"antistatics","status":"publish","type":"page","link":"https:\/\/www.neostatic.com\/lv\/","title":{"rendered":"(Deutsch) Antistatikum"},"content":{"rendered":"<p><\/p>\n<h2 class=\"welcome\">Laipni l\u016bdzam<\/h2>\n<p>Liels paldies par izr\u0101d\u012bto interesi par m\u016bsu antistatisko vielu \u2013 NEOSTATIC. Turpm\u0101k varat atrast p\u0101rskatu par vis\u0101m m\u016bsu antistatisko produktu svar\u012bg\u0101kaj\u0101m \u012bpa\u0161\u012bb\u0101m. P\u0101rskatu par m\u016bsu antistati\u0137iem atrad\u012bsiet rubrik\u0101 <a href=\"#2\" class=\"link\">Produkti<\/a>.<\/p>\n<hr \/>\n<p class=\"anker\"><a name=\"1\">&nbsp;<\/a><\/p>\n<h3>NEOSTATIC<sup>&reg;<\/sup> &#8211; \u012bpa\u0161\u012bbas<\/h3>\n<ul class=\"list\">\n<li>piem\u0113rots antistatiskai plastmasu apstr\u0101dei;<\/li>\n<li>\u012bpa\u0161as iestr\u0101d\u0101\u0161anas iesp\u0113jas EPS;<\/li>\n<li>mazina plastmasas virsmu elektrostatisko uzl\u0101d\u0113\u0161anos, samazinot virsmas pretest\u012bbu l\u012bdz 10<sup>8<\/sup> \u2013 10<sup>9<\/sup>\u00a0omiem;<\/li>\n<li>augsta produktivit\u0101te \u2013 nepiecie\u0161ami vien 4-6\u00a0mg\u00a0vielas uz m\u00b2;<\/li>\n<li>efekt\u012bvs ar\u012b \u0101rk\u0101rt\u012bgi zema gaisa mitruma apst\u0101k\u013cos (20\u00a0% rel. m.);<\/li>\n<li>ilgsto\u0161a iedarb\u012bba, vismaz 1\u00a0gada garum\u0101 \u2013 uz saus\u0101m un pret nodilumu pasarg\u0101t\u0101m plastmasas virsm\u0101m;<\/li>\n<li>fiziolo\u0123iski nekait\u012bgs, at\u013cauts izmanto\u0161anai par piedevu p\u0101rtikas produktu iepakojumiem (<a href=\"#6\" class=\"link\">skat\u012bt \u201eIlgtsp\u0113ju\u201c<\/a>)<\/li>\n<li>ekolo\u0123iski nekait\u012bgs, biolo\u0123iski no\u0101rd\u0101s, veidojot endog\u0113nas vielas.<\/li>\n<\/ul>\n<hr \/>\n<p class=\"toTop\"><a href=\"\">uz aug\u0161u<\/a><\/p>\n<p class=\"anker\"><a name=\"2\">&nbsp;<\/a><\/p>\n<h3>Produkti<\/h3>\n<div class=\"productLeft\">\n<p>NEOSTATIC<sup>&reg;<\/sup> Antistatiska viela, aerosols<br \/>\n    gatavs lieto\u0161anai, 400\u00a0ml aerosola flakons<\/p>\n<p>    <img loading=\"lazy\" decoding=\"async\" src=\"\/wp-content\/uploads\/2020\/07\/Neostatic_Spraydose.jpg\" alt=\"Antistatikum Spray\" width=\"297\" height=\"403\" class=\"alignnone size-full wp-image-27\" \/>\n    <\/div>\n<div class=\"productRight\">\n<p>NEOSTATIC<sup>&reg;<\/sup> Antistatiska viela HB 155<br \/>\n    Koncentr\u0101ts, 5\u00a0l kanna<\/p>\n<p>    <img loading=\"lazy\" decoding=\"async\" src=\"\/wp-content\/uploads\/2020\/07\/Neostatic_Kanister.jpg\" alt=\"Neostatic_Kanister\" width=\"297\" height=\"403\" class=\"alignnone size-full wp-image-56\" \/>\n    <\/div>\n<div class=\"cleaner\"><\/div>\n<hr \/>\n<p class=\"toTop\"><a href=\"\">uz aug\u0161u<\/a><\/p>\n<p class=\"anker\"><a name=\"3\">&nbsp;<\/a><\/p>\n<h3>NEOSTATIC<sup>&reg;<\/sup> &#8211; lieto\u0161ana<\/h3>\n<p>    Antistatisk\u0101 virsmas p\u0101rkl\u0101\u0161ana, izmantojot izsmidzin\u0101\u0161anas vai iegremd\u0113\u0161anas pa\u0146\u0113mienu vai uzkl\u0101jot ar rull\u012bti vienprocent\u012bgu (1\u00a0%) NEOSTATIC \u0161\u0137\u012bdumu dest. \u016bden\u012b vai dest. \u016bdens un spirta mais\u012bjum\u0101. Liel\u0101ka spirta da\u013ca (maks.\u00a020\u00a0%) veicin\u0101s \u0101tr\u0101ku no\u017e\u016b\u0161anu.<\/p>\n<p>Fasondeta\u013c\u0101m, kas izgatavotas no EPS, iesp\u0113jama antistatiska apstr\u0101de ar NEOSTATIC \u2013 metode \u013cauj to izmantot iepriek\u0161\u0113j\u0101s puto\u0161anas proces\u0101 vai p\u0113c procesa beig\u0101m. L\u012bdz ar to materi\u0101ls tiek antistatiski apstr\u0101d\u0101ts jau pirms p\u0113d\u0113j\u0101s puto\u0161anas. T\u0101d\u0113j\u0101di EPS\u00a0lod\u012b\u0161u virsmas ir antistatiski apstr\u0101d\u0101tas ar\u012b fasondeta\u013cas iek\u0161pus\u0113.<\/p>\n<p>Non\u0101kot saskar\u0113 ar met\u0101lisk\u0101m virsm\u0101m, iesp\u0113jams, var rasties korozijas boj\u0101jumi.<\/p>\n<hr \/>\n<p class=\"toTop\"><a href=\"\">uz aug\u0161u<\/a><\/p>\n<p class=\"anker\"><a name=\"4\">&nbsp;<\/a><\/p>\n<h1>Antistatiska viela<\/h1>\n<p>    M\u016bsu NEOSTATIC antistati\u0137i aizsarg\u0101 plastmasas virsmas pret elektrostatisko uzl\u0101d\u0113\u0161anos. T\u0101 rezult\u0101t\u0101 tiek nov\u0113rsta nev\u0113lama uzl\u0101d\u0113\u0161an\u0101s ietekme, piem., putek\u013cu pievilk\u0161ana, dzirkste\u013cu veido\u0161an\u0101s vai pl\u0113vju, plastmasas deta\u013cu un tekstilizstr\u0101d\u0101jumu \u201epielip\u0161ana\u201c.<\/p>\n<hr \/>\n<p class=\"toTop\"><a href=\"\">uz aug\u0161u<\/a><\/p>\n<p class=\"anker\"><a name=\"5\">&nbsp;<\/a><\/p>\n<h3>Lieto\u0161anas priek\u0161roc\u012bbas<\/h3>\n<p>NEOSTATIC\u00a0antistatisk\u0101s vielas jau veiksm\u012bgi tiek izmantots \u0161\u0101d\u0101s jom\u0101s:<\/p>\n<ul class=\"list\">\n<li>apstr\u0101d\u0101jot ar EPS, iek\u0161\u0113j\u0101s apstr\u0101des rezult\u0101t\u0101 antistatiskais efekts tiek nosarg\u0101ts un ilgsto\u0161i saglab\u0101ts;<\/li>\n<li>ir iesp\u0113jama apstr\u0101d\u0101to virsmu plastmasas pl\u0101k\u0161\u0146u un pl\u0113vju v\u0113l\u0101ka form\u0113\u0161ana; turkl\u0101t saglab\u0101jas antistatisk\u0101s apstr\u0101des efekts;<\/li>\n<li>satura aizsardz\u012bbai no uzl\u0101d\u0113\u0161an\u0101s berzes rezult\u0101t\u0101;<\/li>\n<li>plastmasas iepakojumiem, lai nov\u0113rstu putek\u013cu uzkr\u0101\u0161anos (\u201eleduspu\u0137es rakstu\u201c) un t\u0101d\u0113j\u0101di pasarg\u0101tu iepakojumus no net\u012brumiem;<\/li>\n<li>iespiedprocesu optimiz\u0101cijai;\n<ul>\n<li>nodro\u0161ina labas apdruk\u0101\u0161anas \u012bpa\u0161\u012bbas, respekt\u012bvi, labu iespiedkr\u0101sas sa\u0137eri ar gatavaj\u0101m plastmasas da\u013c\u0101m (maisiem, pudel\u0113m, iepakojumiem, aizdar\u0113m, utt.), ja to virsma iepriek\u0161 tikusi apstr\u0101d\u0101ta ar antistatisko vielu NEOSTATIC;<\/li>\n<li>prec\u012bzs iespie\u017eamo att\u0113lu nospiedums, nenotiek kr\u0101sas \u201eiz\u0161\u013cakst\u012b\u0161an\u0101s\u201c, ko rada elektrostatisk\u0101 uzl\u0101d\u0113\u0161an\u0101s;<\/li>\n<li>iestr\u0101d\u0101\u0161ana iespiedkr\u0101s\u0101s, piem\u0113ram, iepakojumu apdrukai, nodro\u0161inot nemain\u012bgi labu eti\u0137e\u0161u sa\u0137eri;<\/li>\n<\/ul>\n<\/li>\n<li>apsmidzinot vai t\u012brot ar antistatisko vielu NEOSTATIC, krist\u0101ldzidr\u0101 PVC un akrila stikla caursp\u012bd\u012bgums un sp\u012bdums saglab\u0101jas;<\/li>\n<li>neveido sv\u0113dras, ar\u012b tad, ja pl\u0113ves p\u0101rkl\u0101jums tiek veidots ar iegremd\u0113\u0161anas pa\u0146\u0113mienu;<\/li>\n<li>atz\u012bts par piedevu p\u0101rtikas produktu iepakojumiem (<a href=\"#6\" class=\"link\">skat\u012bt \u201eIlgtsp\u0113ju\u201c<\/a>)<\/li>\n<li>veicot antistatisko t\u012br\u012b\u0161anu, atz\u012bts par t\u012br\u012b\u0161anas l\u012bdzekli (piem., gr\u012bdas segumiem, \u0113ku t\u012br\u012b\u0161anai, plastmasas durvju\/r\u0101mju t\u012br\u012b\u0161anai, utt.).<\/li>\n<\/ul>\n<p><em>Citas lieto\u0161anas sf\u0113ras:<\/em><\/p>\n<ul class=\"list\">\n<li>tekstilizstr\u0101d\u0101jumiem, \u0137\u012bmiskaj\u0101m \u0161\u0137iedr\u0101m un jauktajiem audumiem procesu optimiz\u0101cijai;<\/li>\n<li>pap\u012bram, pap\u012bram ar pl\u0113ves p\u0101rkl\u0101jumu lab\u0101kai atsevi\u0161\u0137u lok\u0161\u0146u atdal\u012b\u0161anai;<\/li>\n<li>izst\u0101\u017eu stendu izgatavo\u0161an\u0101, lai, piem., saglab\u0101tu plastmasas \u012bpa\u0161o spodrpap\u012bra izskatu un pagarin\u0101tu interv\u0101lus starp t\u012br\u012b\u0161anas cikliem;<\/li>\n<li>izol\u0101cijas materi\u0101lu un pildmateri\u0101lu apstr\u0101dei;<\/li>\n<li>aizsarg\u0101 un saglab\u0101 plastmasu pl\u016bstam\u012bbu un irdenumu;<\/li>\n<li>\u0137\u012bmiskie izstr\u0101d\u0101jumi grafiskajai industrijai;<\/li>\n<li>izmanto\u0161anai ar lak\u0101m, sint\u0113tiskajiem sve\u0137iem, kr\u0101s\u0101m un darb\u0101 ar cit\u0101m virsm\u0101m uz plastmasas b\u0101zes.<\/li>\n<\/ul>\n<p>M\u0113s labpr\u0101t sniegsim jums konsult\u0101cijas, k\u0101 ar\u012b labpr\u0101t pal\u012bdz\u0113sim j\u016bsu projektu \u012bsteno\u0161an\u0101. <a href=\"#7\" class=\"link\">Sazinieties ar mums \u0161eit<\/a><\/p>\n<hr \/>\n<p class=\"toTop\"><a href=\"\">uz aug\u0161u<\/a><\/p>\n<p class=\"anker\"><a name=\"6\">&nbsp;<\/a><\/p>\n<h3>Ilgtsp\u0113ja<\/h3>\n<p>    M\u016bsu laboratorij\u0101s p\u0101rbaud\u012bt\u0101 kvalit\u0101te, ko apliecina anal\u012b\u017eu sertifik\u0101ts un m\u016bsu produkcija, kas ra\u017eota saska\u0146\u0101 ar ES Direkt\u012bvu pras\u012bb\u0101m, \u013caus jums ar\u012b n\u0101kotn\u0113 izmantot NEOSTATIC\u00a0HB\u00a0155 k\u0101 piedevu daudzu gadu garum\u0101, to iesaistot j\u016bsu ra\u017eo\u0161anas procesos.<\/p>\n<p>NEOSTATIC\u00a0HB\u00a0155 ir fiziolo\u0123iski nekait\u012bgs, min\u0113ts Regul\u0101 (ES) Nr.\u00a010\/2011\u2028un t\u0101d\u0113j\u0101di atz\u012bts par piedevu p\u0101rtikas produktu iepakojumiem \/ ierobe\u017eojums 15\u00a0mg\/m\u00b2.<\/p>\n<p>NEOSTATIC\u00a0HB\u00a0155 ir re\u0123istr\u0113ts saska\u0146\u0101 ar Eiropas Regulu Nr.\u00a01907\/2006, kas attiecas uz \u0137imik\u0101liju re\u0123istr\u0113\u0161anu, v\u0113rt\u0113\u0161anu, licenc\u0113\u0161anu un ierobe\u017eo\u0161anu (REACH).<\/p>\n<hr \/>\n<p class=\"toTop\"><a href=\"\">uz aug\u0161u<\/a><\/p>\n<p class=\"anker\"><a name=\"7\">&nbsp;<\/a><\/p>\n<h3>Kontaktinform\u0101cija<\/h3>\n<h3>NEOSTATIC<sup>&reg;<\/sup>&#8211; izlaides zi\u0146as<\/h3>\n<p>PETER H. URDAHL GmbH<br \/>\n    Grete-Nevermann-Weg 14<br \/> <br \/>\n    D-22559 Hamburg \/ Germany<\/p>\n<p class=\"mobile-button\"><a href=\"tel:+4940812328\">T\u0101lr: +49 (0)40 81 23 28<\/a><\/p>\n<p>Fass: +49 (0)40 81 30 67<\/p>\n<p class=\"mobile-button\"><script type=\"text\/javascript\">\n               <!--\n               var name = \"urdahl\";\n               var domain = \"neostatic.com\";\n               document.write('<a href=\"mailto:' + name + '&#64;' + domain + '\">E-pasts: ');\n               document.write(name + '&#64;' + domain + '<\/a>');\n               \/\/ -->\n               <\/script><\/p>\n<p>T\u012bmek\u013ca vietne: www.neostatic.com<\/p>\n<p>    Direktori: Jan Wappler, York Urdahl<br \/>\n    \u2028PVN ID-Nr.: DE\u00a0812843649 \u2028<br \/>\n    Sabiedr\u012bbas juridisk\u0101 adrese: Hamburg Amtsgericht Hamburg (Hamburga, Hamburgas apgabaltiesa) HRB\u00a074452<\/p>\n<p>Eiropas Komisijas platforma pat\u0113r\u0113t\u0101ju str\u012bdu iz\u0161\u0137ir\u0161anai tie\u0161saist\u0113: <a href=\"https:\/\/ec.europa.eu\/consumers\/odr\" target=\"_blank\" rel=\"noopener\">https:\/\/ec.europa.eu\/consumers\/odr<\/a><br \/>\n    Mums nav uzlikts par pien\u0101kumu piedal\u012bties, k\u0101 ar\u012b neesam gatavi dal\u012bbai str\u012bdu iz\u0161\u0137ir\u0161anas proced\u016br\u0101 k\u0101d\u0101 no pat\u0113r\u0113t\u0101ju str\u012bdu iz\u0161\u0137ir\u0161anas iest\u0101d\u0113m.<\/p>\n<p><a href=\"\/nutzungsbedingungen\" class=\"link\">Lieto\u0161anas noteikumi \/ Site policy<\/a><br \/>\n    <a href=\"\/agb\" class=\"link\">Visp\u0101r\u0113jie dar\u012bjumu noteikumi<\/a><br \/>\n    <a href=\"\/datenschutz\" class=\"link\">Datu aizsardz\u012bba<\/a>\n    <\/p>\n<p>    \n<div class=\"wpcf7 no-js\" id=\"wpcf7-f170-o12\" lang=\"de-DE\" dir=\"ltr\" data-wpcf7-id=\"170\">\n<div class=\"screen-reader-response\"><p role=\"status\" aria-live=\"polite\" aria-atomic=\"true\"><\/p> <ul><\/ul><\/div>\n<form action=\"\/lv\/wp-json\/wp\/v2\/pages\/6#wpcf7-f170-o12\" method=\"post\" class=\"wpcf7-form init\" aria-label=\"Contact form\" novalidate=\"novalidate\" data-status=\"init\">\n<fieldset class=\"hidden-fields-container\"><input type=\"hidden\" name=\"_wpcf7\" value=\"170\" \/><input type=\"hidden\" name=\"_wpcf7_version\" value=\"6.1.5\" \/><input type=\"hidden\" name=\"_wpcf7_locale\" value=\"de_DE\" \/><input type=\"hidden\" name=\"_wpcf7_unit_tag\" value=\"wpcf7-f170-o12\" \/><input type=\"hidden\" name=\"_wpcf7_container_post\" value=\"0\" \/><input type=\"hidden\" name=\"_wpcf7_posted_data_hash\" value=\"\" \/>\n<\/fieldset>\n<div class=\"label1\">\n\t<p \/><label for=\"name\">V\u0101rds, uzv\u0101rds*<\/label>\n\t<\/p>\n\t<p><span class=\"wpcf7-form-control-wrap\" data-name=\"your-name\"><input size=\"40\" maxlength=\"400\" class=\"wpcf7-form-control wpcf7-text wpcf7-validates-as-required\" aria-required=\"true\" aria-invalid=\"false\" value=\"\" type=\"text\" name=\"your-name\" \/><\/span>\n\t<\/p>\n\t<p \/><label for=\"email\">E-pasts*<\/label>\n\t<\/p>\n\t<p><span class=\"wpcf7-form-control-wrap\" data-name=\"your-email\"><input size=\"40\" maxlength=\"400\" class=\"wpcf7-form-control wpcf7-email wpcf7-validates-as-required wpcf7-text wpcf7-validates-as-email\" aria-required=\"true\" aria-invalid=\"false\" value=\"\" type=\"email\" name=\"your-email\" \/><\/span>\n\t<\/p>\n\t<p \/><label for=\"anwendung\">Lieto\u0161anas sf\u0113ra<\/label>\n\t<\/p>\n\t<p><span class=\"wpcf7-form-control-wrap\" data-name=\"anwendungsgebiet\"><input size=\"40\" maxlength=\"400\" class=\"wpcf7-form-control wpcf7-text\" aria-invalid=\"false\" value=\"\" type=\"text\" name=\"anwendungsgebiet\" \/><\/span>\n\t<\/p>\n<\/div>\n<div class=\"label2\">\n\t<p \/><label for=\"firma\">Firma*<\/label>\n\t<\/p>\n\t<p><span class=\"wpcf7-form-control-wrap\" data-name=\"firma\"><input size=\"40\" maxlength=\"400\" class=\"wpcf7-form-control wpcf7-text wpcf7-validates-as-required\" aria-required=\"true\" aria-invalid=\"false\" value=\"\" type=\"text\" name=\"firma\" \/><\/span>\n\t<\/p>\n\t<p \/><label for=\"telefon\">T\u0101lrunis*<\/label>\n\t<\/p>\n\t<p><span class=\"wpcf7-form-control-wrap\" data-name=\"telefon\"><input size=\"40\" maxlength=\"400\" class=\"wpcf7-form-control wpcf7-text wpcf7-validates-as-required\" aria-required=\"true\" aria-invalid=\"false\" value=\"\" type=\"text\" name=\"telefon\" \/><\/span>\n\t<\/p>\n\t<p \/><label for=\"typ\">Ma\u0161\u012bnas tips<\/label>\n\t<\/p>\n\t<p><span class=\"wpcf7-form-control-wrap\" data-name=\"maschinentyp\"><input size=\"40\" maxlength=\"400\" class=\"wpcf7-form-control wpcf7-text\" aria-invalid=\"false\" value=\"\" type=\"text\" name=\"maschinentyp\" \/><\/span>\n\t<\/p>\n<\/div>\n<div class=\"label3\">\n\t<p \/><label for=\"text\"><b>Pazi\u0146ojums<\/b><\/label>\n\t<\/p>\n\t<p><span class=\"wpcf7-form-control-wrap\" data-name=\"your-message\"><textarea cols=\"40\" rows=\"10\" maxlength=\"2000\" class=\"wpcf7-form-control wpcf7-textarea\" aria-invalid=\"false\" name=\"your-message\"><\/textarea><\/span>\n\t<\/p>\n\t<p><span class=\"wpcf7-form-control-wrap\" data-name=\"ZustimmungDatenschutz\"><span class=\"wpcf7-form-control wpcf7-acceptance\"><span class=\"wpcf7-list-item\"><input type=\"checkbox\" name=\"ZustimmungDatenschutz\" value=\"1\" aria-invalid=\"false\" \/><\/span><\/span><\/span> &nbsp; J\u016bsu nos\u016bt\u012btie dati tiek apstr\u0101d\u0101ti vien\u012bgi J\u016bsu pas\u016bt\u012bjuma apstr\u0101des m\u0113r\u0137iem.\u2028Inform\u0101ciju par <a href=\"\/datenschutz\">Datu aizsardz\u012bbas skaidrojumu<\/a> esmu izlas\u012bjis un tai piekr\u012btu.\n\t<\/p>\n\t<div class=\"cleaner\">\n\t<\/div>\n\t<p><input class=\"wpcf7-form-control wpcf7-submit has-spinner\" type=\"submit\" value=\"s\u016bt\u012bt\" \/>\n\t<\/p>\n<\/div>\n<div class=\"cleaner\" style=\"margin:40px 0\">\n<\/div><div class=\"wpcf7-response-output\" aria-hidden=\"true\"><\/div>\n<\/form>\n<\/div>\n<\/p>","protected":false},"excerpt":{"rendered":"<p>Laipni l\u016bdzam Liels paldies par izr\u0101d\u012bto interesi par m\u016bsu antistatisko vielu \u2013 NEOSTATIC. Turpm\u0101k varat atrast p\u0101rskatu par vis\u0101m m\u016bsu antistatisko produktu svar\u012bg\u0101kaj\u0101m \u012bpa\u0161\u012bb\u0101m. P\u0101rskatu par m\u016bsu antistati\u0137iem atrad\u012bsiet rubrik\u0101 Produkti. &nbsp; NEOSTATIC&reg; &#8211; \u012bpa\u0161\u012bbas piem\u0113rots antistatiskai plastmasu apstr\u0101dei; \u012bpa\u0161as iestr\u0101d\u0101\u0161anas iesp\u0113jas EPS; mazina plastmasas virsmu elektrostatisko uzl\u0101d\u0113\u0161anos, samazinot virsmas pretest\u012bbu l\u012bdz 108 \u2013 109\u00a0omiem; &#8230; <a title=\"(Deutsch) Antistatikum\" class=\"read-more\" href=\"https:\/\/www.neostatic.com\/lv\/\" aria-label=\"Read more about (Deutsch) Antistatikum\">Read more<\/a><\/p>\n","protected":false},"author":1,"featured_media":0,"parent":0,"menu_order":0,"comment_status":"closed","ping_status":"closed","template":"","meta":{"generate_page_header":"","footnotes":""},"class_list":["post-6","page","type-page","status-publish"],"_links":{"self":[{"href":"https:\/\/www.neostatic.com\/lv\/wp-json\/wp\/v2\/pages\/6","targetHints":{"allow":["GET"]}}],"collection":[{"href":"https:\/\/www.neostatic.com\/lv\/wp-json\/wp\/v2\/pages"}],"about":[{"href":"https:\/\/www.neostatic.com\/lv\/wp-json\/wp\/v2\/types\/page"}],"author":[{"embeddable":true,"href":"https:\/\/www.neostatic.com\/lv\/wp-json\/wp\/v2\/users\/1"}],"replies":[{"embeddable":true,"href":"https:\/\/www.neostatic.com\/lv\/wp-json\/wp\/v2\/comments?post=6"}],"version-history":[{"count":8,"href":"https:\/\/www.neostatic.com\/lv\/wp-json\/wp\/v2\/pages\/6\/revisions"}],"predecessor-version":[{"id":284,"href":"https:\/\/www.neostatic.com\/lv\/wp-json\/wp\/v2\/pages\/6\/revisions\/284"}],"wp:attachment":[{"href":"https:\/\/www.neostatic.com\/lv\/wp-json\/wp\/v2\/media?parent=6"}],"curies":[{"name":"wp","href":"https:\/\/api.w.org\/{rel}","templated":true}]}}