{"id":6,"date":"2016-07-19T12:56:40","date_gmt":"2016-07-19T10:56:40","guid":{"rendered":"http:\/\/www.2016.neostatic.com\/?page_id=6"},"modified":"2025-03-28T19:18:33","modified_gmt":"2025-03-28T18:18:33","slug":"antistatics","status":"publish","type":"page","link":"https:\/\/www.neostatic.com\/lt\/","title":{"rendered":"Antistatikai"},"content":{"rendered":"<p><\/p>\n<h2 class=\"welcome\">Sveiki atvyk\u0119<\/h2>\n<p>D\u0117kojame u\u017e susidom\u0117jim\u0105 m\u016bs\u0173 NEOSTATIC antistatiku. Toliau ap\u017evelgsime visas svarbiausias savo antistatini\u0173 produkt\u0173 savybes. M\u016bs\u0173 antistatik\u0173 ap\u017evalg\u0105 rasite skyrelyje <a href=\"#2\" class=\"link\">Produktai<\/a>.<\/p>\n<hr \/>\n<p class=\"anker\"><a name=\"1\">&nbsp;<\/a><\/p>\n<h3>NEOSTATIC<sup>&reg;<\/sup> &#8211; savyb\u0117s<\/h3>\n<ul class=\"list\">\n<li>Tinka antistatiniam plastik\u0173 apdorojimui<\/li>\n<li>Speciali galimyb\u0117 \u012fterpti \u012f polistirenin\u012f putplast\u012f (EPS)<\/li>\n<li>Suma\u017eina elektrostatin\u012f kr\u016bv\u012f plastikiniuose pavir\u0161iuose suma\u017eindamas pavir\u0161in\u0119 var\u017e\u0105 iki 10<sup>8<\/sup> \u2013 10<sup>9<\/sup>\u00a0om\u0173<\/li>\n<li>Didel\u0117 dengiamoji geba\u00a0\u2013 vienam m2 reikia tik 4\u20136\u00a0mg veikliosios med\u017eiagos<\/li>\n<li>Veiksmingas ir esant labai ma\u017eai oro dr\u0117gmei (20\u00a0% s.\u00a0d.)<\/li>\n<li>Ilgalaikis ma\u017eiausiai 1\u00a0met\u0173 poveikis, jei plastikiniai pavir\u0161iai sausi ir apsaugoti nuo dilimo<\/li>\n<li>Fiziologi\u0161kai saugus, leid\u017eiamas naudoti gaminant maisto pakuotes (<a href=\"#6\" class=\"link\">\u017er. skyrel\u012f \u201eTvarumas\u201c<\/a>)<\/li>\n<li>Aplinkos aspektu tvarus, biologi\u0161kai suskyla \u012f endogenines med\u017eiagas<\/li>\n<\/ul>\n<hr \/>\n<p class=\"toTop\"><a href=\"\">\u012f vir\u0161\u0173<\/a><\/p>\n<p class=\"anker\"><a name=\"2\">&nbsp;<\/a><\/p>\n<h3>Produktai<\/h3>\n<div class=\"productLeft\">\n<p>NEOSTATIC<sup>&reg;<\/sup> antistatinis pur\u0161kalas<br \/>\n    paruo\u0161tas naudoti, 400\u00a0ml aerozolinis balion\u0117lis<\/p>\n<p>    <img loading=\"lazy\" decoding=\"async\" src=\"\/wp-content\/uploads\/2020\/07\/Neostatic_Spraydose.jpg\" alt=\"Antistatikum Spray\" width=\"297\" height=\"403\" class=\"alignnone size-full wp-image-27\" \/>\n    <\/div>\n<div class=\"productRight\">\n<p>NEOSTATIC<sup>&reg;<\/sup> antistatikas HB 155<br \/>\n    koncentratas, 5\u00a0l kanistras<\/p>\n<p>    <img loading=\"lazy\" decoding=\"async\" src=\"\/wp-content\/uploads\/2020\/07\/Neostatic_Kanister.jpg\" alt=\"Neostatic_Kanister\" width=\"297\" height=\"403\" class=\"alignnone size-full wp-image-56\" \/>\n    <\/div>\n<div class=\"cleaner\"><\/div>\n<hr \/>\n<p class=\"toTop\"><a href=\"\">\u012f vir\u0161\u0173<\/a><\/p>\n<p class=\"anker\"><a name=\"3\">&nbsp;<\/a><\/p>\n<h3>NEOSTATIC<sup>&reg;<\/sup> &#8211; naudojimas<\/h3>\n<p>    Antistatinis poveikis pasiekiamas pavir\u0161i\u0173 apdorojant 1\u00a0% NEOSTATIC tirpalu distiliuotame vandenyje arba distiliuoto vandens ir spirito mi\u0161inyje\u00a0\u2013 gaminys apipur\u0161kiamas tirpalu, panardinamas \u012f tirpal\u0105 arba tirpalas ant gaminio u\u017etepamas voleliu. Jei spirito dalis didesn\u0117 (ne daugiau kaip 20\u00a0%), pagreit\u0117ja d\u017ei\u016bvimo procesas.<\/p>\n<p>Antistatinis EPS fasonini\u0173 detali\u0173 apdorojimas galimas taikant NEOSTATIC metod\u0105 per pirminio putinimo proces\u0105 arba po jo. Taip antistatini\u0173 savybi\u0173 med\u017eiaga \u012fgyja jau prie\u0161 paskutin\u012f putinim\u0105. Taigi antistatinis poveikis EPS granuli\u0173 pavir\u0161iui suteikiamas ir fasonin\u0117s detal\u0117s viduje.<\/p>\n<p>Esant s\u0105ly\u010diui su metaliniais pavir\u0161iais gali atsirasti korozijos po\u017eymi\u0173.<\/p>\n<hr \/>\n<p class=\"toTop\"><a href=\"\">\u012f vir\u0161\u0173<\/a><\/p>\n<p class=\"anker\"><a name=\"4\">&nbsp;<\/a><\/p>\n<h1>Antistatikai<\/h1>\n<p>M\u016bs\u0173 NEOSTATIC antistatikai saugo plastikinius pavir\u0161ius nuo elektrostatinio kr\u016bvio. Taip suma\u017einamas nepageidaujamas jo poveikis, pvz., dulki\u0173 pritraukimas, kibirk\u0161\u010diavimas ar pl\u0117veli\u0173, plastikini\u0173 dali\u0173 ir tekstil\u0117s gamini\u0173 \u201eprilipimas\u201c.<\/p>\n<hr \/>\n<p class=\"toTop\"><a href=\"\">\u012f vir\u0161\u0173<\/a><\/p>\n<p class=\"anker\"><a name=\"5\">&nbsp;<\/a><\/p>\n<h3>Naudojimo privalumai<\/h3>\n<p>NEOSTATIC antistatikai jau s\u0117kmingai naudojami:<\/p>\n<ul class=\"list\">\n<li>apdirbant EPS, d\u0117l vidinio antistatinio apdorojimo antistatinis poveikis apsaugomas ir ilgam i\u0161laikomas;<\/li>\n<li>plastikines plok\u0161tes ir pl\u0117veles apdorotu pavir\u0161iumi v\u0117liau galima formuoti giliojo tempimo b\u016bdu. Antistatin\u0117s savyb\u0117s i\u0161lieka;<\/li>\n<li>siekiant apsaugoti pakuot\u0117s turin\u012f nuo d\u0117l trinties atsirandan\u010dio elektros kr\u016bvio;<\/li>\n<li>gaminant plastikines pakuotes, siekiant i\u0161vengti dulki\u0173 kaupimosi (\u201e\u0161erk\u0161no ra\u0161t\u0173\u201c formavimosi) ir tar\u0161os;<\/li>\n<li>siekiant optimizuoti spausdinimo procesus;\n<ul>\n<li>naudojant gatavas plastikines dalis (pl\u0117veles, butelius, pakuotes, dangtelius ir pan.), kuri\u0173 pavir\u0161ius pirmiau buvo apdorotas NEOSTATIC antistatiku, pasiekiamos geros spausdinimo savyb\u0117s ir spaustuvini\u0173 da\u017e\u0173 sukibimas;<\/li>\n<li>gaunami tiksl\u016bs atspaudai, da\u017eai \u201enei\u0161sklinda\u201c d\u0117l elektrostatinio kr\u016bvio;<\/li>\n<li>produkto galima d\u0117ti \u012f spaustuvinius da\u017eus, pvz., spausdinant ant pakuo\u010di\u0173 ir siekiant u\u017etikrinti tolyg\u0173 ger\u0105 etike\u010di\u0173 kibum\u0105;<\/li>\n<\/ul>\n<\/li>\n<li>NEOSTATIC antistatiku apipur\u0161kus arba nuvalius skaidr\u0173 PVC ir akrilo stikl\u0105, skaidrumas ir spindesys i\u0161lieka;<\/li>\n<li>nesusidaro dry\u017ei\u0173, net jei pl\u0117vel\u0117 panardinama \u012f tirpal\u0105;<\/li>\n<li>produkt\u0105 leid\u017eiama naudoti kaip pried\u0105 gaminant maisto pakuotes (<a href=\"#6\" class=\"link\">\u017er. skyrel\u012f \u201eTvarumas\u201c<\/a>)<\/li>\n<li>produkt\u0105 galima naudoti kaip valikl\u012f antistatiniam valymui (pvz., kilimini\u0173 grind\u0173 dang\u0173, pastat\u0173, plastikini\u0173 dur\u0173 ir r\u0117m\u0173 ir pan.).<\/li>\n<\/ul>\n<p><em>Kitos naudojimo sritys:<\/em><\/p>\n<ul class=\"list\">\n<li>tekstil\u0117s gaminiai, sintetiniai pluo\u0161tai ir mi\u0161riapluo\u0161\u010diai audiniai, siekiant optimizuoti procesus;<\/li>\n<li>popierius, taip pat padengtas pl\u0117vele, siekiant geriau atskirti lak\u0161tus;<\/li>\n<li>parod\u0173 stendai, pvz., siekiant i\u0161laikyti plastiko blizges\u012f ir pailginti valymo intervalus;<\/li>\n<li>izoliacini\u0173 med\u017eiag\u0173 ir u\u017epild\u0173 apdirbimas;<\/li>\n<li>plastik\u0173 takumo ir birumo apsauga ir i\u0161laikymas;<\/li>\n<li>chemijos produktai, skirti grafikos pramonei;<\/li>\n<li>naudojimas ant lak\u0173, dirbtini\u0173 derv\u0173, da\u017e\u0173 ir kitaip apdorot\u0173 plastikini\u0173 pavir\u0161i\u0173.<\/li>\n<\/ul>\n<p>D\u017eiaugsim\u0117s gal\u0117dami Jums patarti ir mielai pad\u0117sime \u012fgyvendinti J\u016bs\u0173 projektus <a href=\"#7\" class=\"link\">Susisiekite su mumis<\/a><\/p>\n<hr \/>\n<p class=\"toTop\"><a href=\"\">\u012f vir\u0161\u0173<\/a><\/p>\n<p class=\"anker\"><a name=\"6\">&nbsp;<\/a><\/p>\n<h3>Tvarumas<\/h3>\n<p>    D\u0117l m\u016bs\u0173 kokyb\u0117s, patikrintos laboratorijoje ir patvirtintos analiz\u0117s sertifikatu, ir m\u016bs\u0173 gamybos, atitinkan\u010dios ES direktyvas, J\u016bs ir ateityje ilguoju laikotarpiu NEOSTATIC\u00a0HB\u00a0155 gal\u0117site naudoti kaip pried\u0105 savo gamybos procesuose.<\/p>\n<p>NEOSTATIC\u00a0HB\u00a0155 yra fiziologi\u0161kai saugus ir \u012ftrauktas \u012f Reglament\u0105 (ES) Nr.\u00a010\/2011, taigi j\u012f leid\u017eiama naudoti kaip pried\u0105 gaminant maisto pakuotes (apribojimas 15\u00a0mg\/m\u00b2).<\/p>\n<p>NEOSTATIC\u00a0HB\u00a0155 yra \u012fregistruotas pagal Reglament\u0105 (EB) Nr.\u00a01907\/2006 d\u0117l chemini\u0173 med\u017eiag\u0173 registracijos, \u012fvertinimo, autorizacijos ir apribojim\u0173 (REACH).<\/p>\n<hr \/>\n<p class=\"toTop\"><a href=\"\">\u012f vir\u0161\u0173<\/a><\/p>\n<p class=\"anker\"><a name=\"7\">&nbsp;<\/a><\/p>\n<h3>Kontaktai<\/h3>\n<h3>NEOSTATIC<sup>&reg;<\/sup>&#8211; teisin\u0117 informacija<\/h3>\n<p>PETER H. URDAHL GmbH<br \/>\n    Grete-Nevermann-Weg 14<br \/> <br \/>\n    D-22559 Hamburg \/ Germany<\/p>\n<p class=\"mobile-button\"><a href=\"tel:+4940812328\">Tel.: +49 (0)40 81 23 28<\/a><\/p>\n<p>Faks: +49 (0)40 81 30 67<\/p>\n<p class=\"mobile-button\"><script type=\"text\/javascript\">\n               <!--\n               var name = \"urdahl\";\n               var domain = \"neostatic.com\";\n               document.write('<a href=\"mailto:' + name + '&#64;' + domain + '\">El. p.: ');\n               document.write(name + '&#64;' + domain + '<\/a>');\n               \/\/ -->\n               <\/script><\/p>\n<p>Svetain\u0117: www.neostatic.com<\/p>\n<p>   Vadovai: Jan Wappler, York Urdahl<br \/>\n   \u2028PVM mok\u0117tojo Nr.\u00a0DE\u00a0812843649<br \/>\n   \u2028Bendrov\u0117s buvein\u0117: Hamburg Amtsgericht Hamburg HRB\u00a074452<\/p>\n<p>   Europos Komisijos elektroninio gin\u010d\u0173 sprendimo platforma: <a href=\"https:\/\/ec.europa.eu\/consumers\/odr\" target=\"_blank\" rel=\"noopener\">https:\/\/ec.europa.eu\/consumers\/odr<\/a><br \/>\n   Mes nesame nei \u012fpareigoti, nei pasireng\u0119 dalyvauti gin\u010d\u0173 sprendimo procese vartotoj\u0173 taikinimo institucijoje.<\/p>\n<p><a href=\"\/nutzungsbedingungen\" class=\"link\">Naudojimo s\u0105lygos<\/a><br \/>\n    <a href=\"\/agb\" class=\"link\">Bendrosios verslo s\u0105lygos<\/a><br \/>\n    <a href=\"\/datenschutz\" class=\"link\">Duomen\u0173 apsauga<\/a>\n    <\/p>\n<p>   \n<div class=\"wpcf7 no-js\" id=\"wpcf7-f179-o13\" lang=\"de-DE\" dir=\"ltr\" data-wpcf7-id=\"179\">\n<div class=\"screen-reader-response\"><p role=\"status\" aria-live=\"polite\" aria-atomic=\"true\"><\/p> <ul><\/ul><\/div>\n<form action=\"\/lt\/wp-json\/wp\/v2\/pages\/6#wpcf7-f179-o13\" method=\"post\" class=\"wpcf7-form init\" aria-label=\"Kontaktformular\" novalidate=\"novalidate\" data-status=\"init\">\n<fieldset class=\"hidden-fields-container\"><input type=\"hidden\" name=\"_wpcf7\" value=\"179\" \/><input type=\"hidden\" name=\"_wpcf7_version\" value=\"6.1.5\" \/><input type=\"hidden\" name=\"_wpcf7_locale\" value=\"de_DE\" \/><input type=\"hidden\" name=\"_wpcf7_unit_tag\" value=\"wpcf7-f179-o13\" \/><input type=\"hidden\" name=\"_wpcf7_container_post\" value=\"0\" \/><input type=\"hidden\" name=\"_wpcf7_posted_data_hash\" value=\"\" \/>\n<\/fieldset>\n<div class=\"label1\">\n\t<p \/><label for=\"name\">Pavard\u0117*<\/label>\n\t<\/p>\n\t<p><span class=\"wpcf7-form-control-wrap\" data-name=\"your-name\"><input size=\"40\" maxlength=\"400\" class=\"wpcf7-form-control wpcf7-text wpcf7-validates-as-required\" aria-required=\"true\" aria-invalid=\"false\" value=\"\" type=\"text\" name=\"your-name\" \/><\/span>\n\t<\/p>\n\t<p \/><label for=\"email\">Elektroninis pa\u0161tas*<\/label>\n\t<\/p>\n\t<p><span class=\"wpcf7-form-control-wrap\" data-name=\"your-email\"><input size=\"40\" maxlength=\"400\" class=\"wpcf7-form-control wpcf7-email wpcf7-validates-as-required wpcf7-text wpcf7-validates-as-email\" aria-required=\"true\" aria-invalid=\"false\" value=\"\" type=\"email\" name=\"your-email\" \/><\/span>\n\t<\/p>\n\t<p \/><label for=\"anwendung\">Naudojimo sritis<\/label>\n\t<\/p>\n\t<p><span class=\"wpcf7-form-control-wrap\" data-name=\"anwendungsgebiet\"><input size=\"40\" maxlength=\"400\" class=\"wpcf7-form-control wpcf7-text\" aria-invalid=\"false\" value=\"\" type=\"text\" name=\"anwendungsgebiet\" \/><\/span>\n\t<\/p>\n<\/div>\n<div class=\"label2\">\n\t<p \/><label for=\"firma\">\u012emon\u0117*<\/label>\n\t<\/p>\n\t<p><span class=\"wpcf7-form-control-wrap\" data-name=\"firma\"><input size=\"40\" maxlength=\"400\" class=\"wpcf7-form-control wpcf7-text wpcf7-validates-as-required\" aria-required=\"true\" aria-invalid=\"false\" value=\"\" type=\"text\" name=\"firma\" \/><\/span>\n\t<\/p>\n\t<p \/><label for=\"telefon\">Telefonas*<\/label>\n\t<\/p>\n\t<p><span class=\"wpcf7-form-control-wrap\" data-name=\"telefon\"><input size=\"40\" maxlength=\"400\" class=\"wpcf7-form-control wpcf7-text wpcf7-validates-as-required\" aria-required=\"true\" aria-invalid=\"false\" value=\"\" type=\"text\" name=\"telefon\" \/><\/span>\n\t<\/p>\n\t<p \/><label for=\"typ\">Ma\u0161inos tipas<\/label>\n\t<\/p>\n\t<p><span class=\"wpcf7-form-control-wrap\" data-name=\"maschinentyp\"><input size=\"40\" maxlength=\"400\" class=\"wpcf7-form-control wpcf7-text\" aria-invalid=\"false\" value=\"\" type=\"text\" name=\"maschinentyp\" \/><\/span>\n\t<\/p>\n<\/div>\n<div class=\"label3\">\n\t<p \/><label for=\"text\"><b>Prane\u0161imas<\/b><\/label>\n\t<\/p>\n\t<p><span class=\"wpcf7-form-control-wrap\" data-name=\"your-message\"><textarea cols=\"40\" rows=\"10\" maxlength=\"2000\" class=\"wpcf7-form-control wpcf7-textarea\" aria-invalid=\"false\" name=\"your-message\"><\/textarea><\/span>\n\t<\/p>\n\t<p><span class=\"wpcf7-form-control-wrap\" data-name=\"ZustimmungDatenschutz\"><span class=\"wpcf7-form-control wpcf7-acceptance\"><span class=\"wpcf7-list-item\"><input type=\"checkbox\" name=\"ZustimmungDatenschutz\" value=\"1\" aria-invalid=\"false\" \/><\/span><\/span><\/span> &nbsp; \u0161si\u0173sti duomenys bus tvarkomi tik siekiant i\u0161nagrin\u0117ti J\u016bs\u0173 klausim\u0105.\u2028Su <a href=\"\/datenschutz\">Duomen\u0173 apsaugos taisykl\u0117mis<\/a> susipa\u017einau ir sutinku\n\t<\/p>\n\t<div class=\"cleaner\">\n\t<\/div>\n\t<p><input class=\"wpcf7-form-control wpcf7-submit has-spinner\" type=\"submit\" value=\"si\u0173sti\" \/>\n\t<\/p>\n<\/div>\n<div class=\"cleaner\" style=\"margin:40px 0\">\n<\/div><div class=\"wpcf7-response-output\" aria-hidden=\"true\"><\/div>\n<\/form>\n<\/div>\n<\/p>","protected":false},"excerpt":{"rendered":"<p>Sveiki atvyk\u0119 D\u0117kojame u\u017e susidom\u0117jim\u0105 m\u016bs\u0173 NEOSTATIC antistatiku. Toliau ap\u017evelgsime visas svarbiausias savo antistatini\u0173 produkt\u0173 savybes. M\u016bs\u0173 antistatik\u0173 ap\u017evalg\u0105 rasite skyrelyje Produktai. &nbsp; NEOSTATIC&reg; &#8211; savyb\u0117s Tinka antistatiniam plastik\u0173 apdorojimui Speciali galimyb\u0117 \u012fterpti \u012f polistirenin\u012f putplast\u012f (EPS) Suma\u017eina elektrostatin\u012f kr\u016bv\u012f plastikiniuose pavir\u0161iuose suma\u017eindamas pavir\u0161in\u0119 var\u017e\u0105 iki 108 \u2013 109\u00a0om\u0173 Didel\u0117 dengiamoji geba\u00a0\u2013 vienam m2 reikia &#8230; <a title=\"Antistatikai\" class=\"read-more\" href=\"https:\/\/www.neostatic.com\/lt\/\" aria-label=\"Read more about Antistatikai\">Read more<\/a><\/p>\n","protected":false},"author":1,"featured_media":0,"parent":0,"menu_order":0,"comment_status":"closed","ping_status":"closed","template":"","meta":{"generate_page_header":"","footnotes":""},"class_list":["post-6","page","type-page","status-publish"],"_links":{"self":[{"href":"https:\/\/www.neostatic.com\/lt\/wp-json\/wp\/v2\/pages\/6","targetHints":{"allow":["GET"]}}],"collection":[{"href":"https:\/\/www.neostatic.com\/lt\/wp-json\/wp\/v2\/pages"}],"about":[{"href":"https:\/\/www.neostatic.com\/lt\/wp-json\/wp\/v2\/types\/page"}],"author":[{"embeddable":true,"href":"https:\/\/www.neostatic.com\/lt\/wp-json\/wp\/v2\/users\/1"}],"replies":[{"embeddable":true,"href":"https:\/\/www.neostatic.com\/lt\/wp-json\/wp\/v2\/comments?post=6"}],"version-history":[{"count":8,"href":"https:\/\/www.neostatic.com\/lt\/wp-json\/wp\/v2\/pages\/6\/revisions"}],"predecessor-version":[{"id":284,"href":"https:\/\/www.neostatic.com\/lt\/wp-json\/wp\/v2\/pages\/6\/revisions\/284"}],"wp:attachment":[{"href":"https:\/\/www.neostatic.com\/lt\/wp-json\/wp\/v2\/media?parent=6"}],"curies":[{"name":"wp","href":"https:\/\/api.w.org\/{rel}","templated":true}]}}