{"id":6,"date":"2016-07-19T12:56:40","date_gmt":"2016-07-19T10:56:40","guid":{"rendered":"http:\/\/www.2016.neostatic.com\/?page_id=6"},"modified":"2025-03-28T19:18:33","modified_gmt":"2025-03-28T18:18:33","slug":"antistatics","status":"publish","type":"page","link":"https:\/\/www.neostatic.com\/hu\/","title":{"rendered":"Antisztatikum"},"content":{"rendered":"<p><\/p>\n<h2 class=\"welcome\">\u00dcdv&ouml;z&ouml;lj&uuml;k honlapunkon<\/h2>\n<p>K&ouml;sz&ouml;nj&uuml;k &eacute;rdekl&#337;d&eacute;s&eacute;t a NEOSTATIC antisztatikum term&eacute;k&uuml;nk ir&aacute;nt. A k&ouml;vetkez&#337;kben &aacute;tfog&oacute; k&eacute;pet ny&uacute;jtunk &Ouml;nnek antisztatiz&aacute;l&oacute; term&eacute;keink jellemz&#337;ir&#337;l. Term&eacute;keinkr&#337;l &aacute;ttekint&eacute;st a <a href=\"#2\" class=\"link\">Term&eacute;kek<\/a> c&iacute;msz&oacute; alatt kaphat.<\/p>\n<p>Ez az oldal csak &aacute;ltal&aacute;nos inform&aacute;ci&oacute;kat ny&uacute;jt az &Ouml;n sz&aacute;m&aacute;ra. Tov&aacute;bbi k&eacute;rd&eacute;sek megv&aacute;laszol&aacute;s&aacute;hoz sz&iacute;vesen &aacute;llunk rendelkez&eacute;s&eacute;re. K&eacute;rem, fogadja meg&eacute;rt&eacute;ssel, hogy levelez&eacute;s&uuml;nket csak n&eacute;met vagy magyar nyelven tudjuk bonyol&iacute;tani. Sz&aacute;ll&iacute;t&aacute;sainkat vil&aacute;gszerte kiz&aacute;r&oacute;lag N&eacute;metorsz&aacute;g ter&uuml;let&eacute;r&#337;l, Hamburgb&oacute;l ir&aacute;ny&iacute;tjuk.<\/p>\n<hr \/>\n<p class=\"anker\"><a name=\"1\">&nbsp;<\/a><\/p>\n<h3>NEOSTATIC<sup>&reg;<\/sup> &#8211; Tulajdons&aacute;gok<\/h3>\n<ul class=\"list\">\n<li>M\u0171anyagok antisztatikus kik\u00e9sz\u00edt\u00e9s\u00e9re alkalmas<\/li>\n<li>K&uuml;l&ouml;n&ouml;sen j&oacute;l bedolgozhat&oacute; EPS-ekbe<\/li>\n<li>A m&#369;anyag fel&uuml;let&eacute;n cs&ouml;kkenti az elektrosztatikus felt&ouml;lt&#337;d&eacute;st &uacute;gy, hogy a fel&uuml;leti   ellen&aacute;ll&aacute;st 10<sup>8<\/sup> &#8211; 10<sup>9<\/sup> Ohmra cs&ouml;kkenti<\/li>\n<li>Nagyon anyagtakar&eacute;kos &#8211; m&sup2;-enk&eacute;nt csak 4-6 mg anyag sz&uuml;ks&eacute;ges<\/li>\n<li>A leveg&#337; rendk&iacute;v&uuml;l alacsony p&aacute;ratartalma mellett is hat&eacute;kony (20% rel. p&aacute;ratart.)<\/li>\n<li>Hosszan, legal&aacute;bb 1 &eacute;vig tart&oacute; hat&aacute;s &#8211; sz&aacute;raz, s&uacute;rl&oacute;d&aacute;smentes m&#369;anyagfel&uuml;leteken<\/li>\n<li>Fiziol&oacute;giailag &aacute;rtalmatlan, adal\u00e9kk\u00e9nt \u00e9lelmiszeripari csomagol\u00e1sokhoz enged\u00e9lyezett (<a href=\"#6\" class=\"link\">l&aacute;sd fenntarthat&oacute;s&aacute;g<\/a>)<\/li>\n<li>K&ouml;rnyezetk&iacute;m&eacute;l&#337;, biol&oacute;giailag szerves anyagokk&aacute; leboml&oacute; &ouml;sszet&eacute;tel<\/li>\n<\/ul>\n<hr \/>\n<p class=\"toTop\"><a href=\"\">Fel<\/a><\/p>\n<p class=\"anker\"><a name=\"2\">&nbsp;<\/a><\/p>\n<h3>Term&eacute;k<\/h3>\n<div class=\"productLeft\">\n<p>NEOSTATIC<sup>&reg;<\/sup> Antistatikum Spray <br \/>\n    felhaszn&aacute;l&aacute;sra k&eacute;sz kiszerel&eacute;s, 400 ml-es spray-doboz<\/p>\n<p>     <img loading=\"lazy\" decoding=\"async\" src=\"\/wp-content\/uploads\/2020\/07\/Neostatic_Spraydose.jpg\" alt=\"Antistatikum Spray\" width=\"297\" height=\"403\" class=\"alignnone size-full wp-image-27\" \/>\n    <\/div>\n<div class=\"productRight\">\n<p>NEOSTATIC<sup>&reg;<\/sup> Antistatikum HB 155<br \/>\n    koncentr&aacute;tum, 5 L-os f&eacute;mdoboz<br \/>&nbsp;<\/p>\n<p>    <img loading=\"lazy\" decoding=\"async\" src=\"\/wp-content\/uploads\/2020\/07\/Neostatic_Kanister.jpg\" alt=\"Neostatic_Kanister\" width=\"297\" height=\"403\" class=\"alignnone size-full wp-image-56\" \/>\n    <\/div>\n<div class=\"cleaner\"><\/div>\n<hr \/>\n<p class=\"toTop\"><a href=\"\">Fel<\/a><\/p>\n<p class=\"anker\"><a name=\"3\">&nbsp;<\/a><\/p>\n<h3>NEOSTATIC<sup>&reg;<\/sup> &#8211; Alkalmaz&aacute;sok<\/h3>\n<p>Az antisztatikus fel&uuml;letbevonat sz&oacute;r&aacute;ssal, mer&iacute;t&eacute;ssel vagy hengerel&eacute;ssel k&eacute;sz&uuml;lhet, 1%-os NEOSTATIC desztill&aacute;lt vizes vagy desztill&aacute;lt v&iacute;z-alkoholos oldat felhaszn&aacute;l&aacute;s&aacute;val. Magasabb alkoholh&aacute;nyad (max. 20%) gyorsabb sz&aacute;rad&aacute;st eredm&eacute;nyez.<\/p>\n<p>EPS-b\u0151l k\u00e9sz\u00fclt szersz\u00e1mok eset\u00e9ben az antisztatiz\u00e1l\u00f3 kezel\u00e9s a NEOSTATIC<sup>&reg;<\/sup> elj\u00e1r\u00e1ssal az el\u0151habos\u00edt\u00e1si folyamat k\u00f6zben vagy ut\u00e1n lehets\u00e9ges. Az anyag \u00edgy az utols\u00f3 habos\u00edt\u00e1s el\u0151tt m\u00e1r antisztatikusan kezelt. A fel\u00fcletek az EPS-gy\u00f6ngy\u00f6kn\u00e9l ily m\u00f3don a szersz\u00e1mok belsej\u00e9ben is antisztatikus kik\u00e9sz\u00edt\u00e9st nyernek.<\/p>\n<p>F&eacute;mes fel&uuml;letekkel &eacute;rintkezve korr&oacute;zi&oacute;s k&aacute;rok fordulhatnak el&#337;.<\/p>\n<hr \/>\n<p class=\"toTop\"><a href=\"\">Fel<\/a><\/p>\n<p class=\"anker\"><a name=\"4\">&nbsp;<\/a><\/p>\n<h1>Antisztatikum<\/h1>\n<p>NEOSTATIC antisztatikum term&eacute;keink megv&eacute;dik a m&#369;anyagfel&uuml;leteket az elektrosztatikus felt&ouml;lt&#337;d&eacute;st&#337;l. Ennek k&ouml;vetkezt&eacute;ben a felt&ouml;lt&#337;d&eacute;s nemk&iacute;v&aacute;natos hat&aacute;sait megsz&uuml;ntetj&uuml;k, mint pl. a porvonz&aacute;st, szikrak&eacute;pz&#337;d&eacute;st vagy a f&oacute;li&aacute;k, m&#369;anyag elemek &eacute;s text&iacute;li&aacute;k &#8222;tapad&aacute;s&aacute;t&#8221;.<\/p>\n<hr \/>\n<p class=\"toTop\"><a href=\"\">Fel<\/a><\/p>\n<p class=\"anker\"><a name=\"5\">&nbsp;<\/a><\/p>\n<h3>Az alkalmaz&aacute;s el&#337;nyei<\/h3>\n<p>A NEOSTATIC antisztatikumokat a k&ouml;vetkez&#337; ter&uuml;leteken m&aacute;r sikeresen alkalmazz&aacute;k:<\/p>\n<ul class=\"list\">\n<li>EPS-el v&eacute;gzett feldolgoz&aacute;si folyamatok sor&aacute;n az antisztatikus hat&aacute;s a term&eacute;k bels&#337; alkalmaz&aacute;sa folyt&aacute;n tart&oacute;san fenntarthat&oacute;.<\/li>\n<li>A fel&uuml;letkezelt m&#369;anyagt&aacute;bl&aacute;k &eacute;s f&oacute;li&aacute;k m&eacute;lyh&uacute;z&aacute;sa k&eacute;s&#337;bb is elv&eacute;gezhet&#337;. Ilyenkor az antisztatikus hat&aacute;s megmarad.<\/li>\n<li>A csomagolt term&eacute;k s&uacute;rl&oacute;d&aacute;sos felt&ouml;lt&#337;d&eacute;s elleni v&eacute;delm&eacute;re.<\/li>\n<li>M&#369;anyag-csomagol&aacute;sokn&aacute;l a porlerak&oacute;d&aacute;s (&#8222;j&eacute;gvir&aacute;gminta&#8221;) &eacute;s az ez&aacute;ltal fell&eacute;p&#337; szennyez&#337;d&eacute;s elker&uuml;l&eacute;s&eacute;re.<\/li>\n<li>Nyomtat&aacute;si folyamatok optimaliz&aacute;l&aacute;sa:\n<ul>\n<li>j&oacute; nyomtathat&oacute;s&aacute;g ill. sz&iacute;ntart&oacute;s&aacute;g olyan m&#369;anyag hordoz&oacute;kon (f&oacute;li&aacute;k, flakonok, csomagol&aacute;sok, z&aacute;r&oacute;-elemek), amelyek fel&uuml;let&eacute;t el&#337;z&#337;leg NEOSTATIC antisztatikummal kezelt&eacute;k<\/li>\n<li>pontos k&eacute;pnyomatok, a nyomat nem folyik meg az elektrosztatikus felt&ouml;lt&#337;d&eacute;s hi&aacute;ny&aacute;ban<\/li>\n<li>bedolgozhat&oacute; a fest&eacute;kbe, pl. csomagol&aacute;sok nyom&aacute;s&aacute;n&aacute;l, v&aacute;ltozatlanul j&oacute; etikett-tart&oacute;ss&aacute;g mellett<\/li>\n<\/ul>\n<\/li>\n<li>A v&iacute;ztiszta PVC &eacute;s akril&uuml;veg &aacute;tl&aacute;tsz&oacute;s&aacute;ga &eacute;s csillog&aacute;sa megmarad, ha NEOSTATIC antisztatikummal f&uacute;jja be, vagy tiszt&iacute;tja.<\/li>\n<li>Nem k&eacute;pz&#337;dik ny&aacute;lka, m&eacute;g a f&oacute;lia mer&iacute;t&eacute;s&eacute;n&eacute;l sem.<\/li>\n<li>Enged&eacute;lyezett adal&eacute;k &eacute;lelmiszeripari csomagol&aacute;sokhoz (<a href=\"#6\" class=\"link\">l&aacute;sd fenntarthat&oacute;s&aacute;g<\/a>)<\/li>\n<li>Az antisztatikus tiszt&iacute;t&aacute;si folyamatokn&aacute;l, tiszt&iacute;t&oacute;szerk&eacute;nt (pl. padl&oacute;burkolatok, &eacute;p&uuml;lettiszt&iacute;t&aacute;s, m&#369;anyag ajt&oacute;k &eacute;s keretek tiszt&iacute;t&aacute;sa, stb.).<\/li>\n<\/ul>\n<p><em>Tov&aacute;bbi alkalmaz&aacute;si ter&uuml;letek:<\/em><\/p>\n<ul class=\"list\">\n<li>text&iacute;li&aacute;kn&aacute;l, m&#369;sz&aacute;lakn&aacute;l &eacute;s kevert sz&ouml;vetekn&eacute;l folyamatoptimaliz&aacute;l&aacute;shoz <\/li>\n<li>pap&iacute;rn&aacute;l, f&oacute;li&aacute;zott pap&iacute;rn&aacute;l, az &iacute;vek k&ouml;nnyebb sz&eacute;tv&aacute;laszt&aacute;s&aacute;hoz<\/li>\n<li>v&aacute;s&aacute;r&eacute;p&iacute;t&eacute;sn&eacute;l, a m&#369;anyagfel&uuml;letek f&eacute;nyess&eacute;g&eacute;nek meg&#337;rz&eacute;s&eacute;hez &eacute;s a tiszt&iacute;t&aacute;si peri&oacute;dusok meghosszabb&iacute;t&aacute;s&aacute;ra<\/li>\n<li>t&ouml;m&iacute;t&#337;- &eacute;s t&ouml;lt&#337;anyagok feldolgoz&aacute;sakor<\/li>\n<li>V\u00e9di \u00e9s meg\u0151rzi a m\u0171anyagok foly\u00e1sk\u00e9pess\u00e9g\u00e9t \u00e9s \u00f6mleszthet\u0151k\u00e9pess\u00e9g\u00e9t.<\/li>\n<li>a grafikai ipar vegyi k&eacute;sz&iacute;tm&eacute;nyein&eacute;l<\/li>\n<li>lakkok, m&#369;gyant&aacute;k, fest&eacute;kek &eacute;s egy&eacute;b m&#369;anyag alap&uacute; fel&uuml;letkezel&#337;k haszn&aacute;lata sor&aacute;n<\/li>\n<\/ul>\n<p>&Ouml;r&ouml;m&uuml;nkre szolg&aacute;l, hogy tan&aacute;csainkkal seg&iacute;thetj&uuml;k &Ouml;nt, &eacute;s k&eacute;szs&eacute;ggel t&aacute;mogatjuk tervei megval&oacute;s&iacute;t&aacute;s&aacute;ban. <a href=\"#7\" class=\"link\">Kapcsolat<\/a><\/p>\n<hr \/>\n<p class=\"toTop\"><a href=\"\">Fel<\/a><\/p>\n<p class=\"anker\"><a name=\"6\">&nbsp;<\/a><\/p>\n<h3>Fenntarthat&oacute;s&aacute;g<\/h3>\n<p>    Laborban vizsg&aacute;lt, tan&uacute;s&iacute;tv&aacute;nnyal al&aacute;t&aacute;masztott min&#337;s&eacute;g&uuml;nk &eacute;s az EU ir&aacute;nyelveivel &ouml;sszhangban l&eacute;v&#337; gy&aacute;rt&aacute;si folyamataink biztos&iacute;tj&aacute;k az &Ouml;n sz&aacute;m&aacute;ra, hogy NEOSTATIC HB 155 term&eacute;k&uuml;nket a j&ouml;v&#337;ben hossz&uacute; t&aacute;von alkalmazhassa a gy&aacute;rt&aacute;si folyamatok sor&aacute;n adal&eacute;kk&eacute;nt.<\/p>\n<p>    A NEOSTATIC<sup>\u00ae<\/sup> HB 155 fiziol\u00f3giailag \u00e1rtalmatlan, az Eur\u00f3pai Uni\u00f3 10\/2011 sz\u00e1m\u00fa rendelet\u00e9ben felsorolt \u00e9s ez\u00e1ltal enged\u00e9lyezett adal\u00e9k \u00e9lelmiszeripari csomagol\u00e1sokhoz<\/p>\n<p>A k\u00e9miai anyagok bejegyz\u00e9s\u00e9re, \u00e9rt\u00e9kel\u00e9s\u00e9re, felhaszn\u00e1l\u00e1suk enged\u00e9lyez\u00e9s\u00e9re \u00e9s korl\u00e1toz\u00e1s\u00e1ra vonatkoz\u00f3, 1907\/2006 sz\u00e1m\u00fa EU-rendelet (REACH) alapj\u00e1n a NEOSTATIC<sup>\u00ae<\/sup> HB 155 bejegyz\u00e9se megt\u00f6rt\u00e9nt.<\/p>\n<hr \/>\n<p class=\"toTop\"><a href=\"\">Fel<\/a><\/p>\n<p class=\"anker\"><a name=\"7\">&nbsp;<\/a><\/p>\n<h3>Contattaci<\/h3>\n<h3>NEOSTATIC<sup>&reg;<\/sup><\/h3>\n<p>PETER H. URDAHL GmbH<br \/>\n    Grete-Nevermann-Weg 14<br \/> <br \/>\n    D-22559 Hamburg \/ Germany<\/p>\n<p class=\"mobile-button\"><a href=\"tel:+4940812328\">Telefonsz&aacute;m: +49 (0)40 81 23 28<\/a><\/p>\n<p>Fax: +49 (0)40 81 30 67<\/p>\n<p class=\"mobile-button\"><script type=\"text\/javascript\">\n               <!--\n               var name = \"urdahl\";\n               var domain = \"neostatic.com\";\n               document.write('<a href=\"mailto:' + name + '&#64;' + domain + '\">e-Mail: ');\n               document.write(name + '&#64;' + domain + '<\/a>');\n               \/\/ -->\n               <\/script><\/p>\n<p>Honlap: www.neostatic.com<\/p>\n<p>&Uuml;gyvezet&#337;: Jan Wappler, York Urdahl<br \/>\n    K&ouml;z&ouml;ss&eacute;gi ad&oacute;sz&aacute;m: DE 812843649 <br \/>\n    A t&aacute;rsas&aacute;g sz&eacute;khelye: Hamburg Amtsgericht Hamburg HRB 74452<\/p>\n<p>Az EU Bizotts\u00e1g platformja az online vitarendez\u00e9ssel kapcsolatban: <a href=\"https:\/\/ec.europa.eu\/consumers\/odr\" target=\"_blank\" rel=\"noopener\">https:\/\/ec.europa.eu\/consumers\/odr<\/a><\/p>\n<p><a href=\"\/en\/nutzungsbedingungen\" class=\"link\">Felhaszn&aacute;l&aacute;si felt&eacute;telek (n&eacute;met&uuml;l &eacute;s angolul)<\/a><br \/>\n    <a href=\"\/en\/agb\" class=\"link\">&Aacute;ltal&aacute;nos &uuml;zleti felt&eacute;telek (n&eacute;met&uuml;l &eacute;s angolul)<\/a><\/p>\n<p>\n<div class=\"wpcf7 no-js\" id=\"wpcf7-f46-o14\" lang=\"en-US\" dir=\"ltr\" data-wpcf7-id=\"46\">\n<div class=\"screen-reader-response\"><p role=\"status\" aria-live=\"polite\" aria-atomic=\"true\"><\/p> <ul><\/ul><\/div>\n<form action=\"\/hu\/wp-json\/wp\/v2\/pages\/6#wpcf7-f46-o14\" method=\"post\" class=\"wpcf7-form init\" aria-label=\"Contact form\" novalidate=\"novalidate\" data-status=\"init\">\n<fieldset class=\"hidden-fields-container\"><input type=\"hidden\" name=\"_wpcf7\" value=\"46\" \/><input type=\"hidden\" name=\"_wpcf7_version\" value=\"6.1.5\" \/><input type=\"hidden\" name=\"_wpcf7_locale\" value=\"en_US\" \/><input type=\"hidden\" name=\"_wpcf7_unit_tag\" value=\"wpcf7-f46-o14\" \/><input type=\"hidden\" name=\"_wpcf7_container_post\" value=\"0\" \/><input type=\"hidden\" name=\"_wpcf7_posted_data_hash\" value=\"\" \/>\n<\/fieldset>\n<div class=\"label1\">\n\t<p \/><label for=\"name\">N&eacute;v*<\/label>\n\t<\/p>\n\t<p><span class=\"wpcf7-form-control-wrap\" data-name=\"your-name\"><input size=\"40\" maxlength=\"400\" class=\"wpcf7-form-control wpcf7-text wpcf7-validates-as-required\" aria-required=\"true\" aria-invalid=\"false\" value=\"\" type=\"text\" name=\"your-name\" \/><\/span>\n\t<\/p>\n\t<p \/><label for=\"email\">E-mail c\u00edm*<\/label>\n\t<\/p>\n\t<p><span class=\"wpcf7-form-control-wrap\" data-name=\"your-email\"><input size=\"40\" maxlength=\"400\" class=\"wpcf7-form-control wpcf7-email wpcf7-validates-as-required wpcf7-text wpcf7-validates-as-email\" aria-required=\"true\" aria-invalid=\"false\" value=\"\" type=\"email\" name=\"your-email\" \/><\/span>\n\t<\/p>\n\t<p \/><label for=\"anwendung\">Alkalmaz&aacute;si ter&uuml;let<\/label>\n\t<\/p>\n\t<p><span class=\"wpcf7-form-control-wrap\" data-name=\"anwendungsgebiet\"><input size=\"40\" maxlength=\"400\" class=\"wpcf7-form-control wpcf7-text\" aria-invalid=\"false\" value=\"\" type=\"text\" name=\"anwendungsgebiet\" \/><\/span>\n\t<\/p>\n<\/div>\n<div class=\"label2\">\n\t<p \/><label for=\"firma\">C&eacute;g*<\/label>\n\t<\/p>\n\t<p><span class=\"wpcf7-form-control-wrap\" data-name=\"firma\"><input size=\"40\" maxlength=\"400\" class=\"wpcf7-form-control wpcf7-text wpcf7-validates-as-required\" aria-required=\"true\" aria-invalid=\"false\" value=\"\" type=\"text\" name=\"firma\" \/><\/span>\n\t<\/p>\n\t<p \/><label for=\"telefon\">Telefonsz&aacute;m*<\/label>\n\t<\/p>\n\t<p><span class=\"wpcf7-form-control-wrap\" data-name=\"telefon\"><input size=\"40\" maxlength=\"400\" class=\"wpcf7-form-control wpcf7-text wpcf7-validates-as-required\" aria-required=\"true\" aria-invalid=\"false\" value=\"\" type=\"text\" name=\"telefon\" \/><\/span>\n\t<\/p>\n\t<p \/><label for=\"typ\">G&eacute;pt&iacute;pus<\/label>\n\t<\/p>\n\t<p><span class=\"wpcf7-form-control-wrap\" data-name=\"maschinentyp\"><input size=\"40\" maxlength=\"400\" class=\"wpcf7-form-control wpcf7-text\" aria-invalid=\"false\" value=\"\" type=\"text\" name=\"maschinentyp\" \/><\/span>\n\t<\/p>\n<\/div>\n<div class=\"label3\">\n\t<p \/><label for=\"text\"><b>&Uuml;zenet<\/b><\/label>\n\t<\/p>\n\t<p><span class=\"wpcf7-form-control-wrap\" data-name=\"your-message\"><textarea cols=\"40\" rows=\"10\" maxlength=\"2000\" class=\"wpcf7-form-control wpcf7-textarea\" aria-invalid=\"false\" name=\"your-message\"><\/textarea><\/span>\n\t<\/p>\n\t<p><input class=\"wpcf7-form-control wpcf7-submit has-spinner\" type=\"submit\" value=\"K&uuml;ld&eacute;s\" \/>\n\t<\/p>\n<\/div>\n<div class=\"cleaner\" style=\"margin:40px 0\">\n<\/div><div class=\"wpcf7-response-output\" aria-hidden=\"true\"><\/div>\n<\/form>\n<\/div>\n<\/p>","protected":false},"excerpt":{"rendered":"<p>\u00dcdv&ouml;z&ouml;lj&uuml;k honlapunkon K&ouml;sz&ouml;nj&uuml;k &eacute;rdekl&#337;d&eacute;s&eacute;t a NEOSTATIC antisztatikum term&eacute;k&uuml;nk ir&aacute;nt. A k&ouml;vetkez&#337;kben &aacute;tfog&oacute; k&eacute;pet ny&uacute;jtunk &Ouml;nnek antisztatiz&aacute;l&oacute; term&eacute;keink jellemz&#337;ir&#337;l. Term&eacute;keinkr&#337;l &aacute;ttekint&eacute;st a Term&eacute;kek c&iacute;msz&oacute; alatt kaphat. Ez az oldal csak &aacute;ltal&aacute;nos inform&aacute;ci&oacute;kat ny&uacute;jt az &Ouml;n sz&aacute;m&aacute;ra. Tov&aacute;bbi k&eacute;rd&eacute;sek megv&aacute;laszol&aacute;s&aacute;hoz sz&iacute;vesen &aacute;llunk rendelkez&eacute;s&eacute;re. K&eacute;rem, fogadja meg&eacute;rt&eacute;ssel, hogy levelez&eacute;s&uuml;nket csak n&eacute;met vagy magyar nyelven tudjuk bonyol&iacute;tani. Sz&aacute;ll&iacute;t&aacute;sainkat vil&aacute;gszerte &#8230; <a title=\"Antisztatikum\" class=\"read-more\" href=\"https:\/\/www.neostatic.com\/hu\/\" aria-label=\"Read more about Antisztatikum\">Read more<\/a><\/p>\n","protected":false},"author":1,"featured_media":0,"parent":0,"menu_order":0,"comment_status":"closed","ping_status":"closed","template":"","meta":{"generate_page_header":"","footnotes":""},"class_list":["post-6","page","type-page","status-publish"],"_links":{"self":[{"href":"https:\/\/www.neostatic.com\/hu\/wp-json\/wp\/v2\/pages\/6","targetHints":{"allow":["GET"]}}],"collection":[{"href":"https:\/\/www.neostatic.com\/hu\/wp-json\/wp\/v2\/pages"}],"about":[{"href":"https:\/\/www.neostatic.com\/hu\/wp-json\/wp\/v2\/types\/page"}],"author":[{"embeddable":true,"href":"https:\/\/www.neostatic.com\/hu\/wp-json\/wp\/v2\/users\/1"}],"replies":[{"embeddable":true,"href":"https:\/\/www.neostatic.com\/hu\/wp-json\/wp\/v2\/comments?post=6"}],"version-history":[{"count":8,"href":"https:\/\/www.neostatic.com\/hu\/wp-json\/wp\/v2\/pages\/6\/revisions"}],"predecessor-version":[{"id":284,"href":"https:\/\/www.neostatic.com\/hu\/wp-json\/wp\/v2\/pages\/6\/revisions\/284"}],"wp:attachment":[{"href":"https:\/\/www.neostatic.com\/hu\/wp-json\/wp\/v2\/media?parent=6"}],"curies":[{"name":"wp","href":"https:\/\/api.w.org\/{rel}","templated":true}]}}