{"id":6,"date":"2016-07-19T12:56:40","date_gmt":"2016-07-19T10:56:40","guid":{"rendered":"http:\/\/www.2016.neostatic.com\/?page_id=6"},"modified":"2025-03-28T19:18:33","modified_gmt":"2025-03-28T18:18:33","slug":"antistatics","status":"publish","type":"page","link":"https:\/\/www.neostatic.com\/hr\/","title":{"rendered":"Antistatik"},"content":{"rendered":"<p><\/p>\n<h2 class=\"welcome\">Dobro do\u0161li<\/h2>\n<p>Zahvaljujemo se na Va\u0161em interesu za na\u0161 NEOSTATIC antistatik. U daljem tekstu dobivate pregled svih va\u017enih zna\u010dajki na\u0161ih antistatik-proizvoda. Pregled na\u0161ih antistatika prona\u0107i \u0107ete u rubrici <a href=\"#2\" class=\"link\">Proizvodi<\/a>.<\/p>\n<hr \/>\n<p class=\"anker\"><a name=\"1\">&nbsp;<\/a><\/p>\n<h3>NEOSTATIC<sup>&reg;<\/sup> &#8211; zna\u010dajke<\/h3>\n<ul class=\"list\">\n<li>prikladno za antistati\u010dko opremanje vje\u0161ta\u010dkih materijala<\/li>\n<li>posebna mogu\u0107nost razrade u EPS<\/li>\n<li>na povr\u0161inama ve\u0161ta\u010dkih materijala smanjuje elektrostati\u010dni naboj smanjenjem otpora povr\u0161ina na 10<sup>8<\/sup> \u2013 10<sup>9<\/sup> Oma<\/li>\n<li>velika produktivnost \u2013 potrebno samo 4-6 mg aktivnog sastojka po m\u00b2<\/li>\n<li>u\u010dinovito i kod ekstremno niske vlage zraka (20% rel. vlage)<\/li>\n<li>dugoro\u010dni u\u010dinak najmanje 1 godinu &#8211; na suhim povr\u0161inama ve\u0161ta\u010dkog materijala, koje su za\u0161ti\u0107ene od struganja<\/li>\n<li>fiziolo\u0161ki bezopasno, dozvoljeno za pakiranja prehrambenih namirnica (<a href=\"#6\" class=\"link\">vidi Odr\u017eivost<\/a>)<\/li>\n<li>ne\u0161kodljivo za okoli\u0161, biolo\u0161ki razgradivo u endogene supstance<\/li>\n<\/ul>\n<hr \/>\n<p class=\"toTop\"><a href=\"\">prema gore<\/a><\/p>\n<p class=\"anker\"><a name=\"2\">&nbsp;<\/a><\/p>\n<h3>Proizvodi<\/h3>\n<div class=\"productLeft\">\n<p>NEOSTATIC<sup>&reg;<\/sup> Antistatik sprej<br \/>\n    spremno za uporabu, 400ml konzerva spreja <\/p>\n<p>    <img loading=\"lazy\" decoding=\"async\" src=\"\/wp-content\/uploads\/2020\/07\/Neostatic_Spraydose.jpg\" alt=\"Antistatikum Spray\" width=\"297\" height=\"403\" class=\"alignnone size-full wp-image-27\" \/>\n    <\/div>\n<div class=\"productRight\">\n<p>NEOSTATIC<sup>&reg;<\/sup> Antistatik HB 155<br \/>\n    Koncentrat, 5 L kanistar<\/p>\n<p>    <img loading=\"lazy\" decoding=\"async\" src=\"\/wp-content\/uploads\/2020\/07\/Neostatic_Kanister.jpg\" alt=\"Neostatic_Kanister\" width=\"297\" height=\"403\" class=\"alignnone size-full wp-image-56\" \/>\n    <\/div>\n<div class=\"cleaner\"><\/div>\n<hr \/>\n<p class=\"toTop\"><a href=\"\">prema gore<\/a><\/p>\n<p class=\"anker\"><a name=\"3\">&nbsp;<\/a><\/p>\n<h3>NEOSTATIC<sup>&reg;<\/sup> &#8211; Primjene<\/h3>\n<p>    Antistati\u010dno nano\u0161enje na povr\u0161inu slijedi prskanjem, uranjanjem ili nano\u0161enjem valjkom sa 1% otopinom NEOSTATIC-a dest. vodi ili dest. mje\u0161avini vode\/alkohola. Ve\u0107i udio alkohola (maks. 20%) utje\u010de na br\u017ee su\u0161enje.<\/p>\n<p>Za kalupe od EPS-a mogu\u0107e je antistati\u010dno opremanje s NEOSTATIC \u2013 postupkom tijekom ili nakon postupka pred-pjenjenja. Materijal se na ovaj na\u010din antistati\u010dki tretira pre zadnjeg punjenja pjenom. Povr\u0161ine EPS-a \u2013 Granulati su tako i u unutra\u0161njosti kalupa antistati\u010dki opremljeni. <\/p>\n<p>Kod kontakta s metalnim povr\u0161inama mogu\u0107a je \u0161teta od korozije.<\/p>\n<hr \/>\n<p class=\"toTop\"><a href=\"\">prema gore<\/a><\/p>\n<p class=\"anker\"><a name=\"4\">&nbsp;<\/a><\/p>\n<h1>Antistatikum<\/h1>\n<p>    Na\u0161i NEOSTATIC antistatici \u0161tite povr\u0161ine vje\u0161ta\u010dkih materijala od elektri\u010dnog naboja. Kao posljedica toga razgra\u0111uju se i ne\u017eeljeni utjecaji naboja, kao npr. privla\u010denje pra\u0161ine, nastanak iskri ili &#8220;lijepljenje&#8221; folija, dijelova vje\u0161ta\u010dkog materijala ili tekstila.<\/p>\n<hr \/>\n<p class=\"toTop\"><a href=\"\">prema gore<\/a><\/p>\n<p class=\"anker\"><a name=\"5\">&nbsp;<\/a><\/p>\n<h3>Prednosti primjene<\/h3>\n<p>NEOSTATIC antistatici koriste se ve\u0107 u sljede\u0107im oblastima:<\/p>\n<ul class=\"list\">\n<li>kod obrade sa EPS-om sa unutra\u0161njom opremom \u0161titi se antistati\u010dki u\u010dinak i dugoro\u010dno se zadr\u017eava<\/li>\n<li>mogu\u0107e je kasnije uvla\u010denje plo\u010da od ve\u0161ta\u010dkog materijala, \u010dija je povr\u0161ina tretirana i folija. Antistati\u010dno opremanje ostaje pri tome odr\u017eano<\/li>\n<li>radi za\u0161tite sadr\u017eaja od naboja od trenja<\/li>\n<li>kod pakiranja od vje\u0161ta\u010dkog materijala, kako bi se sprije\u010dile slike od pra\u0161ine (&#8220;uzorak ledenog cvije\u0107a&#8221;) i na taj na\u010din sprije\u010dila zaprljanja<\/li>\n<li>za optimizaciju procesa \u0161tampanja\n<ul>\n<li>dobra sposobnost \u0161tampanja odnosno prijanjanje \u0161tamparske boje na gotovim dijelovima od vje\u0161ta\u010dkog materijala (folije, boce, pakiranja, poklopci itd.), \u010dija je povr\u0161ina prethodno tretirana s NEOSTATIC antistatikom<\/li>\n<li>to\u010dne \u0161tampane slike, bez &#8220;prskanja&#8221; boje zbog elektrostati\u010dkog naboja<\/li>\n<li>mije\u0161anje u \u0161tamparske boje npr. za \u0161tampanje na pakiranjima kod stalno dobrog prijanjanja etiketa<\/li>\n<\/ul>\n<\/li>\n<li>transparentnost i briljantnost providnog PVC-a i akrilnog stakla kod prskanja ili \u010di\u0161\u0107enja sa NEOSTATIC antistatikom odr\u017eana<\/li>\n<li>kod stvaranja strija, tako\u0111er kod kupke za uranjanje folije<\/li>\n<li>dozvoljeno kao aditiv za pakiranja prehrambenih proizvoda (<a href=\"#6\" class=\"link\">vidi Odr\u017eivost<\/a>)<\/li>\n<li>kod antistati\u010dnog \u010di\u0161\u0107enja, kao sredstvo za \u010di\u0161\u0107enje (npr. podne obloge, \u010di\u0161\u0107enje objekata, \u010di\u0161\u0107enje vrata\/okvira od vje\u0161ta\u010dkog materijala, itd.)<\/li>\n<\/ul>\n<p><em>Dalja podru\u010dja za primjenu:<\/em><\/p>\n<ul class=\"list\">\n<li>kod tekstila, vlakana od vje\u0161ta\u010dkog materijala i mije\u0161anih pletiva radi optimizacije procesa<\/li>\n<li>kod papira, papira koji je oblo\u017een folijom za pobolj\u0161anje odvajanja od pojedina\u010dnih listova<\/li>\n<li>kod izgradnje sajmova, npr. kako bi se odr\u017eala optika visokog sjaja vje\u0161ta\u010dkog materijala i produ\u017eili ciklusi \u010di\u0161\u0107enja<\/li>\n<li>kod mije\u0161anja sa izolacijskim materijalima i materijalima za punjenje<\/li>\n<li>\u0161titi i stje\u010de svojstvo sipljivosti i kapljivosti<\/li>\n<li>kemijski proizvodi za grafi\u010dku industriju<\/li>\n<li>kod primjene lakova, vje\u0161ta\u010dkih smola, boja i daljih povr\u0161inskih radova na osnovi od vje\u0161ta\u010dkog materijala<\/li>\n<\/ul>\n<p>Radujemo se \u0161to Vas mo\u017eemo posavjetovati i rado \u0107emo Vam pomo\u0107i kod ostvarenja Va\u0161ih projekata. <a href=\"#7\" class=\"link\">Kontaktirajte nas ovdje<\/a><\/p>\n<hr \/>\n<p class=\"toTop\"><a href=\"\">prema gore<\/a><\/p>\n<p class=\"anker\"><a name=\"6\">&nbsp;<\/a><\/p>\n<h3>Odr\u017eivost<\/h3>\n<p>    Na\u0161a laboratorijski provjerena kvaliteta s certifikatom o analizi i na\u0161i proizvodi uskla\u0111eni sa EU-smjernicama omogu\u0107avaju Vam da NEOSTATIC HB 155 tako\u0111er i ubudu\u0107e umije\u0161ate kao aditiv u Va\u0161e proizvodne postupke.<\/p>\n<p>NEOSTATIC HB 155 je fiziolo\u0161ki bezopasan, naveden u EU Odredbi br.\u00a010\/2011 \u2028i time dozvoljen kao aditiv za pakiranja za prehrambene proizvode \/ ograni\u010denje 15 mg \/ m\u00b2<\/p>\n<p>Uskla\u0111eno s Europskom Odredbom br. 1907\/2006 o registraciji, procjeni, dozvoli i ograni\u010denju kemijskih tvari (REACH), NEOSTATIC HB 155 NEOSTATIC HB 155 je registriran. <\/p>\n<hr \/>\n<p class=\"toTop\"><a href=\"\">prema gore<\/a><\/p>\n<p class=\"anker\"><a name=\"7\">&nbsp;<\/a><\/p>\n<h3>Kontakt<\/h3>\n<h3>NEOSTATIC<sup>&reg;<\/sup>&#8211; Impressum<\/h3>\n<p>PETER H. URDAHL GmbH<br \/>\n    Grete-Nevermann-Weg 14<br \/> <br \/>\n    D-22559 Hamburg \/ Germany<\/p>\n<p class=\"mobile-button\"><a href=\"tel:+4940812328\">Tel.: +49 (0)40 81 23 28<\/a><\/p>\n<p>Faks: +49 (0)40 81 30 67<\/p>\n<p class=\"mobile-button\"><script type=\"text\/javascript\">\n               <!--\n               var name = \"urdahl\";\n               var domain = \"neostatic.com\";\n               document.write('<a href=\"mailto:' + name + '&#64;' + domain + '\">E-Mail: ');\n               document.write(name + '&#64;' + domain + '<\/a>');\n               \/\/ -->\n               <\/script><\/p>\n<p>    Web-stranica: www.neostatic.com<\/p>\n<p>    Direktor: Jan Wappler, York Urdahl\u2028<br \/>\n    PDV ID-br.: DE 812843649 \u2028<br \/>\n    Sjedi\u0161te dru\u0161tva: Hamburg Op\u0107inski sud Hamburg HRB 7445<\/p>\n<p>Platforma EU-komisije za online-rje\u0161avanje sporova: <a href=\"https:\/\/ec.europa.eu\/consumers\/odr\" target=\"_blank\" rel=\"noopener\">https:\/\/ec.europa.eu\/consumers\/odr<\/a><br \/>\n    Nismo obvezani niti spremni na u\u010destvovanje u arbitra\u017enom postupku pred jednim arbitra\u017enim mjestom za potro\u0161a\u010de.<\/p>\n<p><a href=\"\/nutzungsbedingungen\" class=\"link\">Uvjeti kori\u0161tenja \/ Site policy <\/a><br \/>\n    <a href=\"\/agb\" class=\"link\">Op\u0107i uvjeti poslovanja <\/a><br \/>\n    <a href=\"\/datenschutz\" class=\"link\">Za\u0161tita podataka <\/a>\n    <\/p>\n<p>    \n<div class=\"wpcf7 no-js\" id=\"wpcf7-f163-o11\" lang=\"de-DE\" dir=\"ltr\" data-wpcf7-id=\"163\">\n<div class=\"screen-reader-response\"><p role=\"status\" aria-live=\"polite\" aria-atomic=\"true\"><\/p> <ul><\/ul><\/div>\n<form action=\"\/hr\/wp-json\/wp\/v2\/pages\/6#wpcf7-f163-o11\" method=\"post\" class=\"wpcf7-form init\" aria-label=\"Kontaktformular\" novalidate=\"novalidate\" data-status=\"init\">\n<fieldset class=\"hidden-fields-container\"><input type=\"hidden\" name=\"_wpcf7\" value=\"163\" \/><input type=\"hidden\" name=\"_wpcf7_version\" value=\"6.1.5\" \/><input type=\"hidden\" name=\"_wpcf7_locale\" value=\"de_DE\" \/><input type=\"hidden\" name=\"_wpcf7_unit_tag\" value=\"wpcf7-f163-o11\" \/><input type=\"hidden\" name=\"_wpcf7_container_post\" value=\"0\" \/><input type=\"hidden\" name=\"_wpcf7_posted_data_hash\" value=\"\" \/>\n<\/fieldset>\n<div class=\"label1\">\n\t<p \/><label for=\"name\">Ime*<\/label>\n\t<\/p>\n\t<p><span class=\"wpcf7-form-control-wrap\" data-name=\"your-name\"><input size=\"40\" maxlength=\"400\" class=\"wpcf7-form-control wpcf7-text wpcf7-validates-as-required\" aria-required=\"true\" aria-invalid=\"false\" value=\"\" type=\"text\" name=\"your-name\" \/><\/span>\n\t<\/p>\n\t<p \/><label for=\"email\">E-mail*<\/label>\n\t<\/p>\n\t<p><span class=\"wpcf7-form-control-wrap\" data-name=\"your-email\"><input size=\"40\" maxlength=\"400\" class=\"wpcf7-form-control wpcf7-email wpcf7-validates-as-required wpcf7-text wpcf7-validates-as-email\" aria-required=\"true\" aria-invalid=\"false\" value=\"\" type=\"email\" name=\"your-email\" \/><\/span>\n\t<\/p>\n\t<p \/><label for=\"anwendung\"> Oblast primjene <\/label>\n\t<\/p>\n\t<p><span class=\"wpcf7-form-control-wrap\" data-name=\"anwendungsgebiet\"><input size=\"40\" maxlength=\"400\" class=\"wpcf7-form-control wpcf7-text\" aria-invalid=\"false\" value=\"\" type=\"text\" name=\"anwendungsgebiet\" \/><\/span>\n\t<\/p>\n<\/div>\n<div class=\"label2\">\n\t<p \/><label for=\"firma\">Firma*<\/label>\n\t<\/p>\n\t<p><span class=\"wpcf7-form-control-wrap\" data-name=\"firma\"><input size=\"40\" maxlength=\"400\" class=\"wpcf7-form-control wpcf7-text wpcf7-validates-as-required\" aria-required=\"true\" aria-invalid=\"false\" value=\"\" type=\"text\" name=\"firma\" \/><\/span>\n\t<\/p>\n\t<p \/><label for=\"telefon\">Telefon*<\/label>\n\t<\/p>\n\t<p><span class=\"wpcf7-form-control-wrap\" data-name=\"telefon\"><input size=\"40\" maxlength=\"400\" class=\"wpcf7-form-control wpcf7-text wpcf7-validates-as-required\" aria-required=\"true\" aria-invalid=\"false\" value=\"\" type=\"text\" name=\"telefon\" \/><\/span>\n\t<\/p>\n\t<p \/><label for=\"typ\">Tip stroja<\/label>\n\t<\/p>\n\t<p><span class=\"wpcf7-form-control-wrap\" data-name=\"maschinentyp\"><input size=\"40\" maxlength=\"400\" class=\"wpcf7-form-control wpcf7-text\" aria-invalid=\"false\" value=\"\" type=\"text\" name=\"maschinentyp\" \/><\/span>\n\t<\/p>\n<\/div>\n<div class=\"label3\">\n\t<p \/><label for=\"text\"><b>Obavijest<\/b><\/label>\n\t<\/p>\n\t<p><span class=\"wpcf7-form-control-wrap\" data-name=\"your-message\"><textarea cols=\"40\" rows=\"10\" maxlength=\"2000\" class=\"wpcf7-form-control wpcf7-textarea\" aria-invalid=\"false\" name=\"your-message\"><\/textarea><\/span>\n\t<\/p>\n\t<p><span class=\"wpcf7-form-control-wrap\" data-name=\"ZustimmungDatenschutz\"><span class=\"wpcf7-form-control wpcf7-acceptance\"><span class=\"wpcf7-list-item\"><input type=\"checkbox\" name=\"ZustimmungDatenschutz\" value=\"1\" aria-invalid=\"false\" \/><\/span><\/span><\/span> &nbsp; Poslati podaci obra\u0111uju se samo u svrhu obrade Va\u0161eg pitanja.\u2028Informacije o <a href=\"\/datenschutz\">Pouci o za\u0161titi podataka<\/a> sam pro\u010ditao i suglasan sam s njima.\n\t<\/p>\n\t<div class=\"cleaner\">\n\t<\/div>\n\t<p><input class=\"wpcf7-form-control wpcf7-submit has-spinner\" type=\"submit\" value=\"Poslati\" \/>\n\t<\/p>\n<\/div>\n<div class=\"cleaner\" style=\"margin:40px 0\">\n<\/div><div class=\"wpcf7-response-output\" aria-hidden=\"true\"><\/div>\n<\/form>\n<\/div>\n<\/p>","protected":false},"excerpt":{"rendered":"<p>Dobro do\u0161li Zahvaljujemo se na Va\u0161em interesu za na\u0161 NEOSTATIC antistatik. U daljem tekstu dobivate pregled svih va\u017enih zna\u010dajki na\u0161ih antistatik-proizvoda. Pregled na\u0161ih antistatika prona\u0107i \u0107ete u rubrici Proizvodi. &nbsp; NEOSTATIC&reg; &#8211; zna\u010dajke prikladno za antistati\u010dko opremanje vje\u0161ta\u010dkih materijala posebna mogu\u0107nost razrade u EPS na povr\u0161inama ve\u0161ta\u010dkih materijala smanjuje elektrostati\u010dni naboj smanjenjem otpora povr\u0161ina na &#8230; <a title=\"Antistatik\" class=\"read-more\" href=\"https:\/\/www.neostatic.com\/hr\/\" aria-label=\"Read more about Antistatik\">Read more<\/a><\/p>\n","protected":false},"author":1,"featured_media":0,"parent":0,"menu_order":0,"comment_status":"closed","ping_status":"closed","template":"","meta":{"generate_page_header":"","footnotes":""},"class_list":["post-6","page","type-page","status-publish"],"_links":{"self":[{"href":"https:\/\/www.neostatic.com\/hr\/wp-json\/wp\/v2\/pages\/6","targetHints":{"allow":["GET"]}}],"collection":[{"href":"https:\/\/www.neostatic.com\/hr\/wp-json\/wp\/v2\/pages"}],"about":[{"href":"https:\/\/www.neostatic.com\/hr\/wp-json\/wp\/v2\/types\/page"}],"author":[{"embeddable":true,"href":"https:\/\/www.neostatic.com\/hr\/wp-json\/wp\/v2\/users\/1"}],"replies":[{"embeddable":true,"href":"https:\/\/www.neostatic.com\/hr\/wp-json\/wp\/v2\/comments?post=6"}],"version-history":[{"count":8,"href":"https:\/\/www.neostatic.com\/hr\/wp-json\/wp\/v2\/pages\/6\/revisions"}],"predecessor-version":[{"id":284,"href":"https:\/\/www.neostatic.com\/hr\/wp-json\/wp\/v2\/pages\/6\/revisions\/284"}],"wp:attachment":[{"href":"https:\/\/www.neostatic.com\/hr\/wp-json\/wp\/v2\/media?parent=6"}],"curies":[{"name":"wp","href":"https:\/\/api.w.org\/{rel}","templated":true}]}}