{"id":6,"date":"2016-07-19T12:56:40","date_gmt":"2016-07-19T10:56:40","guid":{"rendered":"http:\/\/www.2016.neostatic.com\/?page_id=6"},"modified":"2025-03-28T19:18:33","modified_gmt":"2025-03-28T18:18:33","slug":"antistatics","status":"publish","type":"page","link":"https:\/\/www.neostatic.com\/fr\/","title":{"rendered":"Antistatique"},"content":{"rendered":"<p><\/p>\n<h2 class=\"welcome\">Bienvenue<\/h2>\n<p>Nous vous remercions de l&rsquo;int&eacute;r&ecirc;t que vous apportez &agrave; notre antistatique NEOSTATIC. Veuillez trouver une vue d&rsquo;ensemble de toutes les propri&eacute;t&eacute;s fondamentales de nos produits antistatiques ci-apr&egrave;s. La rubrique des <a href=\"#2\" class=\"link\">Produits<\/a> vous donne une id&eacute;e d&rsquo;ensemble de nos antistatiques.<\/p>\n<p>Cette page est seulement destin&eacute;e &agrave; vous donner des informations d&rsquo;ordre g&eacute;n&eacute;ral. Nous demeurons &agrave; votre enti&egrave;re disposition pour toute information compl&eacute;mentaire. Nous comptons sur votre compr&eacute;hension que nous pouvons exclusivement correspondre en langue allemande ou anglaise. Nos produits sont exclusivement distribu&eacute;s &agrave; l&rsquo;&eacute;chelon mondial au d&eacute;part de Hambourg en Allemagne.<\/p>\n<hr \/>\n<p class=\"anker\"><a name=\"1\">&nbsp;<\/a><\/p>\n<h3>Propri&eacute;t&eacute;s du NEOSTATIC<sup>&reg;<\/sup><\/h3>\n<ul class=\"list\">\n<li>Appropriation &agrave; l&#8217;appr&ecirc;tage antistatique de thermoplastiques<\/li>\n<li>Possibilit&eacute; d&rsquo;incorporation exceptionnelle dans le polystyr&egrave;ne expans&eacute; (EPS)<\/li>\n<li>R&eacute;duction de la charge &eacute;lectrostatique non souhait&eacute;e des thermoplastiques via la diminution de la r&eacute;sistance superficielle sur 10<sup>8<\/sup> &#8211; 10<sup>9<\/sup> ohms<\/li>\n<li>Rendement &eacute;lev&eacute; gr&acirc;ce &agrave; l&rsquo;application de rien que 4 &agrave; 6 mg de produit par m&sup2;<\/li>\n<li>Action remarquable, m&ecirc;me en pr&eacute;sence d&rsquo;une humidit&eacute; relative de l&rsquo;air extr&ecirc;mement basse (de seulement 20 % p. ex.)<\/li>\n<li>Effet longue dur&eacute;e d&rsquo;au moins un an sur des thermoplastiques secs et prot&eacute;g&eacute;s contre l&rsquo;abrasion<\/li>\n<li>Non nocif pour la sant\u00e9, homologu\u00e9 comme additif pour le conditionnement de denr\u00e9es alimentaires (consultez la rubrique <a href=\"#6\" class=\"link\">Durabilit\u00e9<\/a>)<\/li>\n<li>&Eacute;cocompatible et biod&eacute;gradable en substances organiques<\/li>\n<\/ul>\n<hr \/>\n<p class=\"toTop\"><a href=\"\">Top<\/a><\/p>\n<p class=\"anker\"><a name=\"2\">&nbsp;<\/a><\/p>\n<h3>Produit<\/h3>\n<div class=\"productLeft\">\n<p>NEOSTATIC<sup>&reg;<\/sup> Spray antistatique<br \/>\n    pr&ecirc;t &agrave; l&#8217;emploi, bombe a&eacute;rosol de 400 ml <\/p>\n<p>     <img loading=\"lazy\" decoding=\"async\" src=\"\/wp-content\/uploads\/2020\/07\/Neostatic_Spraydose.jpg\" alt=\"Antistatikum Spray\" width=\"297\" height=\"403\" class=\"alignnone size-full wp-image-27\" \/>\n    <\/div>\n<div class=\"productRight\">\n<p>NEOSTATIC<sup>&reg;<\/sup> Antistatique HB 155<br \/>\n    concentr&eacute;, bidon de 5 L<\/p>\n<p>     <img loading=\"lazy\" decoding=\"async\" src=\"\/wp-content\/uploads\/2020\/07\/Neostatic_Kanister.jpg\" alt=\"Neostatic_Kanister\" width=\"297\" height=\"403\" class=\"alignnone size-full wp-image-56\" \/>\n    <\/div>\n<div class=\"cleaner\"><\/div>\n<hr \/>\n<p class=\"toTop\"><a href=\"\">Top<\/a><\/p>\n<p class=\"anker\"><a name=\"3\">&nbsp;<\/a><\/p>\n<h3>Applications du NEOSTATIC<sup>&reg;<\/sup><\/h3>\n<p>L&rsquo;appr&ecirc;tage antistatique est r&eacute;alis&eacute; par une application au rouleau ou par pulv&eacute;risation ou immersion de la surface &agrave; traiter dans une solution &agrave; 1 % de NEOSTATIC<sup>&reg;<\/sup> dans de d&rsquo;eau d&eacute;min&eacute;ralis&eacute;e ou un m&eacute;lange d&rsquo;eau d&eacute;min&eacute;ralis&eacute;e et d&rsquo;alcool. Une teneur plus &eacute;lev&eacute;e en alcool (20 % maximum) acc&eacute;l&egrave;re le s&eacute;chage.<\/p>\n<p>L&rsquo;appr&ecirc;tage antistatique des pi&egrave;ces moul&eacute;es en polystyr&egrave;ne expans&eacute; via la m&eacute;thode NEOSTATIC<sup>&reg;<\/sup>  est possible durant ou apr&egrave;s le pr&eacute;moussage. Cette application pr&eacute;sente l&rsquo;avantage d&rsquo;un traitement antistatique avant la derni&egrave;re expansion et d&rsquo;un appr&ecirc;tage antistatique simultan&eacute; des zones int&eacute;rieures des pi&egrave;ces moul&eacute;es en polystyr&egrave;ne expans&eacute;. Les surfaces des perles en polystyr\u00e8ne expans\u00e9 sont ainsi \u00e9galement dot\u00e9es d\u2018un appr\u00eatage antistatique \u00e0 l\u2019int\u00e9rieur de la pi\u00e8ce moul\u00e9e.<\/p>\n<p>Risques de corrosion en cas de contact avec des surfaces m&eacute;talliques.<\/p>\n<hr \/>\n<p class=\"toTop\"><a href=\"\">Top<\/a><\/p>\n<p class=\"anker\"><a name=\"4\">&nbsp;<\/a><\/p>\n<h1>Antistatique<\/h1>\n<p>Notre antistatique NEOSTATIC prot&egrave;ge les surfaces des thermoplastiques contre la charge &eacute;lectrostatique. Une telle application r&eacute;duit &eacute;galement les effets ind&eacute;sirables dus &agrave; la charge, notamment l&rsquo;attraction de la poussi&egrave;re, les d&eacute;charges ou l&#8217;&laquo; adh&eacute;sion&#160;&raquo; des films, pi&egrave;ces en plastique et textiles.<\/p>\n<hr \/>\n<p class=\"toTop\"><a href=\"\">Top<\/a><\/p>\n<p class=\"anker\"><a name=\"5\">&nbsp;<\/a><\/p>\n<h3>Avantages de l&rsquo;application<\/h3>\n<p>Les domaines suivants emploient les antistatiques NEOSTATIC<sup>&reg;<\/sup> avec succ&egrave;s:<\/p>\n<ul class=\"list\">\n<li>L&rsquo;appr&ecirc;tage antistatique des zones int&eacute;rieures des polystyr&egrave;nes expans&eacute;s pr&eacute;vient l&rsquo;effet antistatique &agrave; long terme<\/li>\n<li>L&#8217;emboutissage profond ult&eacute;rieur des panneaux et films thermoplastiques trait&eacute;s est possible et l&rsquo;appr&ecirc;tage antistatique demeure actif<\/li>\n<li>Protection du contenu contre l&rsquo;effet tribo&eacute;lectrique<\/li>\n<li>Pr&eacute;vention des d&eacute;cors dus &agrave; la poussi&egrave;re (&laquo; genre cristaux de glace &raquo;) et des salissures des conditionnements en plastique<\/li>\n<li>Optimisation des processus d&rsquo;impression\n<ul>\n<li>Bonne aptitude &agrave; l&rsquo;impression et \/ ou adh&eacute;rence des encres d&rsquo;impression sur les pi&egrave;ces moul&eacute;es thermoplastiques (films, feuilles, bouteilles, conditionnements, fermetures etc.) des surfaces pr&eacute;alablement trait&eacute;es &agrave; l&rsquo;antistatique NEOSTATIC<sup>&reg;<\/sup><\/li>\n<li>Impression pr&eacute;cise sans risque de &laquo; projection &raquo; de l&rsquo;encre d&ucirc; &agrave; la charge &eacute;lectrostatique<\/li>\n<li>Possibilit&eacute; d&rsquo;incorporation aux encres d&rsquo;impression particuli&egrave;rement utile pour l&rsquo;impression des conditionnements avec une bonne adh&eacute;rence simultan&eacute;e de l&rsquo;&eacute;tiquette<\/li>\n<\/ul>\n<\/li>\n<li>La pulv&eacute;risation et le nettoyage avec l&rsquo;antistatique NEOSTATIC<sup>&reg;<\/sup> conserve la transparence et le brillant du PVC transparent et du verre acrylique<\/li>\n<li>Pr&eacute;vient la formation des stries et salissures, m&ecirc;me lors de la fabrication des films par immersion<\/li>\n<li>Homologation comme additif pour le conditionnement des denr&eacute;es alimentaires (consultez la rubrique <a href=\"#6\" class=\"link\">Durabilit\u00e9<\/a>)<\/li>\n<li>Nettoyant pour le nettoyage antistatique (p. ex. des rev&ecirc;tements de sol, dans le b&acirc;timent, pour le nettoyage des portes et cadres en plastique etc.)<\/li>\n<\/ul>\n<p><em>Autres domaines d&rsquo;application:<\/em><\/p>\n<ul class=\"list\">\n<li>Optimisation des processus de fabrication des textiles, fibres synth&eacute;tiques et tissus mixtes <\/li>\n<li>Am&eacute;lioration de la s&eacute;paration des feuilles lors de la fabrication du papier et du papier pelliplaqu&eacute;<\/li>\n<li>Conservation de l&rsquo;&eacute;clat lumineux des plastiques et prolongation des intervalles de nettoyage des surfaces destin&eacute;es &agrave; la vente et aux expositions<\/li>\n<li>Transformation des mat&eacute;riaux isolants et de charge<\/li>\n<li>Prot\u00e8ge et maintient la fluidit\u00e9 des mati\u00e8res plastiques.<\/li>\n<li>Produits chimiques pour l&rsquo;industrie graphique<\/li>\n<li>Utilisation avec des vernis, r&eacute;sines synth&eacute;tiques, peintures et d&rsquo;autres traitements des surfaces &agrave; base de plastiques<\/li>\n<\/ul>\n<p>Nous nous ferons un plaisir de vous conseiller et de vous encadrer dans la r&eacute;alisation de vos projets. <a href=\"#7\" class=\"link\">N&rsquo;h&eacute;sitez pas &agrave; nous contacter<\/a><\/p>\n<hr \/>\n<p class=\"toTop\"><a href=\"\">Top<\/a><\/p>\n<p class=\"anker\"><a name=\"6\">&nbsp;<\/a><\/p>\n<h3>Durabilit\u00e9<\/h3>\n<p>    Notre qualit&eacute; contr&ocirc;l&eacute;e au laboratoire et dot&eacute;e d&rsquo;un certificat d&rsquo;analyse et notre production en conformit&eacute; avec les Directives de l&rsquo;Union europ&eacute;enne permettent d&rsquo;utiliser NEOSTATIC HB 155, aujourd&rsquo;hui et durablement &agrave; l&rsquo;avenir, comme additif dans vos processus de production.<\/p>\n<p>    NEOSTATIC<sup>&reg;<\/sup> HB 155 est un produit non nocif pour la sant\u00e9, list\u00e9 dans le R\u00e8glement (UE) n\u00ba\u00a010\/2011 et de ce fait homologu\u00e9 comme additif pour le conditionnement de denr\u00e9es alimentaires \/ restriction 15 mg \/ m2<\/p>\n<p>NEOSTATIC<sup>&reg;<\/sup> HB 155 a \u00e9t\u00e9 enregistr\u00e9 en vertu du R\u00e8glement europ\u00e9en n\u00b0 1907\/2006 concernant l\u2018enregistrement, l\u2018\u00e9valuation et l\u2018autorisation des produits chimiques (REACH). <\/p>\n<hr \/>\n<p class=\"toTop\"><a href=\"\">Top<\/a><\/p>\n<p class=\"anker\"><a name=\"7\">&nbsp;<\/a><\/p>\n<h3>Contact<\/h3>\n<h3>NEOSTATIC<sup>&reg;<\/sup><\/h3>\n<p>PETER H. URDAHL GmbH<br \/>\n    Grete-Nevermann-Weg 14<br \/> <br \/>\n    D-22559 Hamburg \/ Germany<\/p>\n<p class=\"mobile-button\"><a href=\"tel:+4940812328\">N&deg; de t&eacute;l&eacute;phone: +49 (0)40 81 23 28<\/a><\/p>\n<p>N&deg; de t&eacute;l&eacute;fax: +49 (0)40 81 30 67<\/p>\n<p class=\"mobile-button\"><script type=\"text\/javascript\">\n               <!--\n               var name = \"urdahl\";\n               var domain = \"neostatic.com\";\n               document.write('<a href=\"mailto:' + name + '&#64;' + domain + '\">Adresse &eacute;lectronique: ');\n               document.write(name + '&#64;' + domain + '<\/a>');\n               \/\/ -->\n               <\/script><\/p>\n<p>Site web: www.neostatic.com<\/p>\n<p>G&eacute;rant de soci&eacute;t&eacute;: Jan Wappler, York Urdahl<br \/>\n    D. TVA: DE 812843649 <br \/>\n    Si&egrave;ge de la soci&eacute;t&eacute;: Hamburg Amtsgericht Hamburg HRB 74452<\/p>\n<p>Plateforme de la Commission europ\u00e9enne relative au r\u00e8glement extrajudiciaire des litiges : <a href=\"https:\/\/ec.europa.eu\/consumers\/odr\" target=\"_blank\" rel=\"noopener\">https:\/\/ec.europa.eu\/consumers\/odr<\/a><\/p>\n<p><a href=\"\/en\/nutzungsbedingungen\" class=\"link\">Conditions d&rsquo;utilisation (en allemand et en anglais)<\/a><br \/>\n    <a href=\"\/en\/agb\" class=\"link\">Conditions g&eacute;n&eacute;rales (en allemand et en anglais)<\/a><\/p>\n<p>\n<div class=\"wpcf7 no-js\" id=\"wpcf7-f44-o3\" lang=\"en-US\" dir=\"ltr\" data-wpcf7-id=\"44\">\n<div class=\"screen-reader-response\"><p role=\"status\" aria-live=\"polite\" aria-atomic=\"true\"><\/p> <ul><\/ul><\/div>\n<form action=\"\/fr\/wp-json\/wp\/v2\/pages\/6#wpcf7-f44-o3\" method=\"post\" class=\"wpcf7-form init\" aria-label=\"Contact form\" novalidate=\"novalidate\" data-status=\"init\">\n<fieldset class=\"hidden-fields-container\"><input type=\"hidden\" name=\"_wpcf7\" value=\"44\" \/><input type=\"hidden\" name=\"_wpcf7_version\" value=\"6.1.5\" \/><input type=\"hidden\" name=\"_wpcf7_locale\" value=\"en_US\" \/><input type=\"hidden\" name=\"_wpcf7_unit_tag\" value=\"wpcf7-f44-o3\" \/><input type=\"hidden\" name=\"_wpcf7_container_post\" value=\"0\" \/><input type=\"hidden\" name=\"_wpcf7_posted_data_hash\" value=\"\" \/>\n<\/fieldset>\n<div class=\"label1\">\n\t<p \/><label for=\"name\">Nom*<\/label>\n\t<\/p>\n\t<p><span class=\"wpcf7-form-control-wrap\" data-name=\"your-name\"><input size=\"40\" maxlength=\"400\" class=\"wpcf7-form-control wpcf7-text wpcf7-validates-as-required\" aria-required=\"true\" aria-invalid=\"false\" value=\"\" type=\"text\" name=\"your-name\" \/><\/span>\n\t<\/p>\n\t<p \/><label for=\"email\">Adresse &eacute;lectronique*<\/label>\n\t<\/p>\n\t<p><span class=\"wpcf7-form-control-wrap\" data-name=\"your-email\"><input size=\"40\" maxlength=\"400\" class=\"wpcf7-form-control wpcf7-email wpcf7-validates-as-required wpcf7-text wpcf7-validates-as-email\" aria-required=\"true\" aria-invalid=\"false\" value=\"\" type=\"email\" name=\"your-email\" \/><\/span>\n\t<\/p>\n\t<p \/><label for=\"anwendung\">Domaine d'application<\/label>\n\t<\/p>\n\t<p><span class=\"wpcf7-form-control-wrap\" data-name=\"anwendungsgebiet\"><input size=\"40\" maxlength=\"400\" class=\"wpcf7-form-control wpcf7-text\" aria-invalid=\"false\" value=\"\" type=\"text\" name=\"anwendungsgebiet\" \/><\/span>\n\t<\/p>\n<\/div>\n<div class=\"label2\">\n\t<p \/><label for=\"firma\">Entreprise*<\/label>\n\t<\/p>\n\t<p><span class=\"wpcf7-form-control-wrap\" data-name=\"firma\"><input size=\"40\" maxlength=\"400\" class=\"wpcf7-form-control wpcf7-text wpcf7-validates-as-required\" aria-required=\"true\" aria-invalid=\"false\" value=\"\" type=\"text\" name=\"firma\" \/><\/span>\n\t<\/p>\n\t<p \/><label for=\"telefon\">N&deg; de t&eacute;l&eacute;phone*<\/label>\n\t<\/p>\n\t<p><span class=\"wpcf7-form-control-wrap\" data-name=\"telefon\"><input size=\"40\" maxlength=\"400\" class=\"wpcf7-form-control wpcf7-text wpcf7-validates-as-required\" aria-required=\"true\" aria-invalid=\"false\" value=\"\" type=\"text\" name=\"telefon\" \/><\/span>\n\t<\/p>\n\t<p \/><label for=\"typ\">Typ de machine<\/label>\n\t<\/p>\n\t<p><span class=\"wpcf7-form-control-wrap\" data-name=\"maschinentyp\"><input size=\"40\" maxlength=\"400\" class=\"wpcf7-form-control wpcf7-text\" aria-invalid=\"false\" value=\"\" type=\"text\" name=\"maschinentyp\" \/><\/span>\n\t<\/p>\n<\/div>\n<div class=\"label3\">\n\t<p \/><label for=\"text\"><b>Message<\/b><\/label>\n\t<\/p>\n\t<p><span class=\"wpcf7-form-control-wrap\" data-name=\"your-message\"><textarea cols=\"40\" rows=\"10\" maxlength=\"2000\" class=\"wpcf7-form-control wpcf7-textarea\" aria-invalid=\"false\" name=\"your-message\"><\/textarea><\/span>\n\t<\/p>\n\t<p><input class=\"wpcf7-form-control wpcf7-submit has-spinner\" type=\"submit\" value=\"Envoyer\" \/>\n\t<\/p>\n<\/div>\n<div class=\"cleaner\" style=\"margin:40px 0\">\n<\/div><div class=\"wpcf7-response-output\" aria-hidden=\"true\"><\/div>\n<\/form>\n<\/div>\n<\/p>","protected":false},"excerpt":{"rendered":"<p>Bienvenue Nous vous remercions de l&rsquo;int&eacute;r&ecirc;t que vous apportez &agrave; notre antistatique NEOSTATIC. Veuillez trouver une vue d&rsquo;ensemble de toutes les propri&eacute;t&eacute;s fondamentales de nos produits antistatiques ci-apr&egrave;s. La rubrique des Produits vous donne une id&eacute;e d&rsquo;ensemble de nos antistatiques. Cette page est seulement destin&eacute;e &agrave; vous donner des informations d&rsquo;ordre g&eacute;n&eacute;ral. Nous demeurons &agrave; &#8230; <a title=\"Antistatique\" class=\"read-more\" href=\"https:\/\/www.neostatic.com\/fr\/\" aria-label=\"En savoir plus sur Antistatique\">Read more<\/a><\/p>\n","protected":false},"author":1,"featured_media":0,"parent":0,"menu_order":0,"comment_status":"closed","ping_status":"closed","template":"","meta":{"generate_page_header":"","footnotes":""},"class_list":["post-6","page","type-page","status-publish"],"_links":{"self":[{"href":"https:\/\/www.neostatic.com\/fr\/wp-json\/wp\/v2\/pages\/6","targetHints":{"allow":["GET"]}}],"collection":[{"href":"https:\/\/www.neostatic.com\/fr\/wp-json\/wp\/v2\/pages"}],"about":[{"href":"https:\/\/www.neostatic.com\/fr\/wp-json\/wp\/v2\/types\/page"}],"author":[{"embeddable":true,"href":"https:\/\/www.neostatic.com\/fr\/wp-json\/wp\/v2\/users\/1"}],"replies":[{"embeddable":true,"href":"https:\/\/www.neostatic.com\/fr\/wp-json\/wp\/v2\/comments?post=6"}],"version-history":[{"count":8,"href":"https:\/\/www.neostatic.com\/fr\/wp-json\/wp\/v2\/pages\/6\/revisions"}],"predecessor-version":[{"id":284,"href":"https:\/\/www.neostatic.com\/fr\/wp-json\/wp\/v2\/pages\/6\/revisions\/284"}],"wp:attachment":[{"href":"https:\/\/www.neostatic.com\/fr\/wp-json\/wp\/v2\/media?parent=6"}],"curies":[{"name":"wp","href":"https:\/\/api.w.org\/{rel}","templated":true}]}}