{"id":6,"date":"2016-07-19T12:56:40","date_gmt":"2016-07-19T10:56:40","guid":{"rendered":"http:\/\/www.2016.neostatic.com\/?page_id=6"},"modified":"2025-03-28T19:18:33","modified_gmt":"2025-03-28T18:18:33","slug":"antistatics","status":"publish","type":"page","link":"https:\/\/www.neostatic.com\/et\/","title":{"rendered":"Antistaatikum"},"content":{"rendered":"<p><\/p>\n<h2 class=\"welcome\">Tere tulemast<\/h2>\n<p>T\u00e4name teid, et tunnete huvi meie antistaatikumi NEOSTATIC vastu. Allj\u00e4rgnevalt saate \u00fclevaate meie antistaatikumide k\u00f5igist olulistest omadustest. \u00dclevaate meie antistaatikumidest leiate jaotisest <a href=\"#2\" class=\"link\">Tooted<\/a>.<\/p>\n<hr \/>\n<p class=\"anker\"><a name=\"1\">&nbsp;<\/a><\/p>\n<h3>NEOSTATIC<sup>&reg;<\/sup> &#8211; Omadused<\/h3>\n<ul class=\"list\">\n<li>sobib plastide antistaatiliseks t\u00f6\u00f6tlemiseks<\/li>\n<li>eriline lisamisv\u00f5imalus EPSi<\/li>\n<li>v\u00e4hendab plastpindadel elektrostaatilist laengut, v\u00e4hendades pindtakistust 10<sup>8<\/sup> \u2013 10<sup>9<\/sup> oomile<\/li>\n<li>suur kattev\u00f5ime \u2013 vajalik on ainult 4\u20136\u00a0mg toimeainet m\u00b2 kohta<\/li>\n<li>t\u00f5hus ka eriti madala \u00f5huniiskuse korral (suhteline \u00f5huniiskus 20%)<\/li>\n<li>pikaajaline toime v\u00e4hemalt 1 aasta \u2013 kuivadel ja h\u00f5\u00f5rdumise eest kaitstud plastpindadel<\/li>\n<li>f\u00fcsioloogiliselt ohutu, lubatud kasutada toidupakenditel (<a href=\"#6\" class=\"link\">vt S\u00e4\u00e4stlikkus<\/a>)<\/li>\n<li>keskkonnas\u00e4\u00e4stlik, laguneb bioloogiliselt kehaomasteks aineteks<\/li>\n<\/ul>\n<hr \/>\n<p class=\"toTop\"><a href=\"\">\u00fcles<\/a><\/p>\n<p class=\"anker\"><a name=\"2\">&nbsp;<\/a><\/p>\n<h3>Tooted<\/h3>\n<div class=\"productLeft\">\n<p>NEOSTATIC<sup>&reg;<\/sup>  antistaatikum sprei\u2028<\/br \/><br \/>\n    kasutusvalmis, 400\u00a0ml spreipudel<\/p>\n<p>    <img loading=\"lazy\" decoding=\"async\" src=\"\/wp-content\/uploads\/2020\/07\/Neostatic_Spraydose.jpg\" alt=\"Antistatikum Spray\" width=\"297\" height=\"403\" class=\"alignnone size-full wp-image-27\" \/>\n    <\/div>\n<div class=\"productRight\">\n<p>NEOSTATIC<sup>&reg;<\/sup> antistaatikum HB 155\u2028<\/br \/><br \/>\n    \u2028kontsentraat, 5\u00a0l kanister<\/p>\n<p>    <img loading=\"lazy\" decoding=\"async\" src=\"\/wp-content\/uploads\/2020\/07\/Neostatic_Kanister.jpg\" alt=\"Neostatic_Kanister\" width=\"297\" height=\"403\" class=\"alignnone size-full wp-image-56\" \/>\n    <\/div>\n<div class=\"cleaner\"><\/div>\n<hr \/>\n<p class=\"toTop\"><a href=\"\">\u00fcles<\/a><\/p>\n<p class=\"anker\"><a name=\"3\">&nbsp;<\/a><\/p>\n<h3>NEOSTATIC<sup>&reg;<\/sup> &#8211; Kasutamine<\/h3>\n<p>    Antistaatilise lahuse pealispinnale kandmine toimub pihustamise, sissekastmise v\u00f5i rullpinnakatmise teel, kasutades 1% NEOSTATICut vees v\u00f5i dest. vee\/alkoholi segus. Suurem alkoholisisaldus (max 20%) kiirendab kuivamist.<\/p>\n<p>EPSist vormitud osade jaoks on antistaatiline t\u00f6\u00f6tlemine NEOSTATICu meetodil v\u00f5imalik eelvahustamisprotsessi ajal v\u00f5i j\u00e4rel. Materjali t\u00f6\u00f6deldakse antistaatiliselt seega juba enne viimast vahustamist. EPSi p\u00e4rlite pealispinnad on seega antistaatiliselt t\u00f6\u00f6deldud ka vormitud osade sees.<\/p>\n<p>Kokkupuutel metallpindadega v\u00f5ivad tekkida korrosioonikahjustused.<\/p>\n<hr \/>\n<p class=\"toTop\"><a href=\"\">\u00fcles<\/a><\/p>\n<p class=\"anker\"><a name=\"4\">&nbsp;<\/a><\/p>\n<h1>Antistaatikum<\/h1>\n<p>Meie antistaatikumid NEOSTATIC kaitsevad plastpindu elektrostaatilise laengu eest. Selle tagaj\u00e4rjel v\u00e4hendatakse ka laengu soovimatut m\u00f5ju, n\u00e4iteks tolmu ligit\u00f5mbamist, s\u00e4demete teket v\u00f5i kile, plastosade ja tekstiilide \u201ek\u00fclgekleepumist\u201c<\/p>\n<hr \/>\n<p class=\"toTop\"><a href=\"\">\u00fcles<\/a><\/p>\n<p class=\"anker\"><a name=\"5\">&nbsp;<\/a><\/p>\n<h3>Kasutuseelised<\/h3>\n<p>Antistaatikume NEOSTATIC kasutatakse edukalt juba j\u00e4rgmistes valdkondades:<\/p>\n<ul class=\"list\">\n<li>EPSi t\u00f6\u00f6tlemisel kaitstakse ja s\u00e4ilitatakse pikaajaliselt sisemise t\u00f6\u00f6tluse kaudu antistaatilist efekti<\/li>\n<li>v\u00f5imalik on t\u00f6\u00f6deldud pinnaga plastplaatide ja kilede hilisem s\u00fcgavt\u00f5mbamine; seejuures s\u00e4ilib antistaatiline toime<\/li>\n<li>sisu kaitseks h\u00f5\u00f5rdumisel tekkiva laengu eest<\/li>\n<li>plastpakenditel, et hoida \u00e4ra tolmu kogunemist (\u201ej\u00e4\u00e4lillemuster\u201c) ja seega mustuse teket<\/li>\n<li>tr\u00fckiprotsesside optimeerimiseks\n<ul>\n<li>head tr\u00fckiomadused ja tr\u00fckiv\u00e4rvi nakkumine plastist valmisosadel (kiled, pudelid, pakendid, sulgurid jne), mille pealispinda on eelnevalt t\u00f6\u00f6deldud antistaatikumiga NEOSTATIC<\/li>\n<li>t\u00e4psed tr\u00fckipildid, v\u00e4rv ei pritsu elektrostaatilise laengu t\u00f5ttu<\/li>\n<li>tr\u00fckiv\u00e4rvidesse lisamine, nt pakendite tr\u00fckkimisel, tagades p\u00fcsivalt hea etikettide nakkumise<\/li>\n<\/ul>\n<\/li>\n<li>kristallselge PVC ja akr\u00fc\u00fclklaasi l\u00e4bipaistvus ning s\u00e4ra s\u00e4ilivad antistaatikumiga NEOSTATIC pihustamisel v\u00f5i puhastamisel<\/li>\n<li>ei moodustu triipe, ka kiletusprotsessis<\/li>\n<li>lubatud kasutada toidupakendite lisandina (<a href=\"#6\" class=\"link\">vt S\u00e4\u00e4stlikkus<\/a>)<\/li>\n<li>antistaatilisel puhastamisel, puhastusvahendina (nt p\u00f5randakatted, hoonete koristust\u00f6\u00f6d, plastuste\/-raamide jne puhastamine)<\/li>\n<\/ul>\n<p><em>Muud kasutusalad:<\/em><\/p>\n<ul class=\"list\">\n<li>tekstiilidel, kunstkiududel ja segariietel protsessi optimeerimiseks<\/li>\n<li>paberil v\u00f5i lamineeritud paberil \u00fcksikute poognate paremaks eraldamiseks<\/li>\n<li>messiehituses, et nt s\u00e4ilitada plasti k\u00f5rgl\u00e4iget ja pikendada puhastusts\u00fckleid<\/li>\n<li>isoleer- ja t\u00e4itematerjalidega t\u00f6\u00f6tlemisel<\/li>\n<li>kaitseb ja s\u00e4ilitab plastide voolavust ja kallatavust<\/li>\n<li>keemiatooted graafikat\u00f6\u00f6stusele<\/li>\n<li>kasutamisel koos lakkide, tehisvaigu ja v\u00e4rvidega ning muudel pinnat\u00f6\u00f6del plastiku baasil<\/li>\n<\/ul>\n<p>Meil on hea meel teid n\u00f5ustada ja aitame teid meeleldi projektide teostamisel. <a href=\"#7\" class=\"link\">V\u00f5tke meie \u00fchendust siin<\/a><\/p>\n<hr \/>\n<p class=\"toTop\"><a href=\"\">\u00fcles<\/a><\/p>\n<p class=\"anker\"><a name=\"6\">&nbsp;<\/a><\/p>\n<h3>S\u00e4\u00e4stlikkus<\/h3>\n<p>    Meie laboris kontrollitud kvaliteet, mida t\u00f5endab anal\u00fc\u00fcsisertifikaat, ja meie tootmine koosk\u00f5las ELi direktiividega v\u00f5imaldavad teil kaasata NEOSTATIC HB 155 ka tulevikus pikaajaliselt lisandina oma tootmisprotsessidesse.<\/p>\n<p>NEOSTATIC HB 155 on f\u00fcsioloogiliselt ohutu, loetletud ELi m\u00e4\u00e4ruses nr\u00a010\/2011\u2028ja seega lubatud kasutada toidupakendite lisandina \/ piirang 15\u00a0mg\u00a0\/\u00a0m\u00b2.<\/p>\n<p>Vastavalt ELi m\u00e4\u00e4rusele nr 1907\/2006, mis k\u00e4sitleb kemikaalide registreerimist, hindamist, autoriseerimist ja piiramist (REACH), on NEOSTATIC HB 155 registreeritud.<\/p>\n<hr \/>\n<p class=\"toTop\"><a href=\"\">\u00fcles<\/a><\/p>\n<p class=\"anker\"><a name=\"7\">&nbsp;<\/a><\/p>\n<h3>Kontakt<\/h3>\n<h3>NEOSTATIC<sup>&reg;<\/sup>&#8211; Impressum<\/h3>\n<p>PETER H. URDAHL GmbH<br \/>\n    Grete-Nevermann-Weg 14<br \/> <br \/>\n    D-22559 Hamburg \/ Germany<\/p>\n<p class=\"mobile-button\"><a href=\"tel:+4940812328\">Tel.: +49 (0)40 81 23 28<\/a><\/p>\n<p>Faks: +49 (0)40 81 30 67<\/p>\n<p class=\"mobile-button\"><script type=\"text\/javascript\">\n               <!--\n               var name = \"urdahl\";\n               var domain = \"neostatic.com\";\n               document.write('<a href=\"mailto:' + name + '&#64;' + domain + '\">E-post: ');\n               document.write(name + '&#64;' + domain + '<\/a>');\n               \/\/ -->\n               <\/script><\/p>\n<p>Veebileht: www.neostatic.com<\/p>\n<p>Juhatuse liikmed: dipl insener Jan Wappler, York Urdahl<br \/>\n    KMKR nr: DE 812843649 <br \/>\n    \u00c4ri\u00fchingu asukoht: Hamburg, Hamburgi Linnakohus HB 74452<\/p>\n<p>Euroopa Komisjoni vaidluste veebip\u00f5hise lahendamise platvorm: <a href=\"https:\/\/ec.europa.eu\/consumers\/odr\" target=\"_blank\" rel=\"noopener\">https:\/\/ec.europa.eu\/consumers\/odr<\/a><br \/>\n    Me ei ole n\u00f5us ega kohustatud osalema tarbijate lepitusasutuses vaidluse lahendamismenetluses.<\/p>\n<p><a href=\"\/nutzungsbedingungen\" class=\"link\">Veebilehe kasutustingimused<\/a><br \/>\n    <a href=\"\/agb\" class=\"link\">\u00dcldtingimused<\/a><br \/>\n    <a href=\"\/datenschutz\" class=\"link\">Andmekaitse <\/a>\n    <\/p>\n<p>   \n<div class=\"wpcf7 no-js\" id=\"wpcf7-f149-o9\" lang=\"de-DE\" dir=\"ltr\" data-wpcf7-id=\"149\">\n<div class=\"screen-reader-response\"><p role=\"status\" aria-live=\"polite\" aria-atomic=\"true\"><\/p> <ul><\/ul><\/div>\n<form action=\"\/et\/wp-json\/wp\/v2\/pages\/6#wpcf7-f149-o9\" method=\"post\" class=\"wpcf7-form init\" aria-label=\"Kontaktformular\" novalidate=\"novalidate\" data-status=\"init\">\n<fieldset class=\"hidden-fields-container\"><input type=\"hidden\" name=\"_wpcf7\" value=\"149\" \/><input type=\"hidden\" name=\"_wpcf7_version\" value=\"6.1.5\" \/><input type=\"hidden\" name=\"_wpcf7_locale\" value=\"de_DE\" \/><input type=\"hidden\" name=\"_wpcf7_unit_tag\" value=\"wpcf7-f149-o9\" \/><input type=\"hidden\" name=\"_wpcf7_container_post\" value=\"0\" \/><input type=\"hidden\" name=\"_wpcf7_posted_data_hash\" value=\"\" \/>\n<\/fieldset>\n<div class=\"label1\">\n\t<p \/><label for=\"name\">Nimi*<\/label>\n\t<\/p>\n\t<p><span class=\"wpcf7-form-control-wrap\" data-name=\"your-name\"><input size=\"40\" maxlength=\"400\" class=\"wpcf7-form-control wpcf7-text wpcf7-validates-as-required\" aria-required=\"true\" aria-invalid=\"false\" value=\"\" type=\"text\" name=\"your-name\" \/><\/span>\n\t<\/p>\n\t<p \/><label for=\"email\">E-post*<\/label>\n\t<\/p>\n\t<p><span class=\"wpcf7-form-control-wrap\" data-name=\"your-email\"><input size=\"40\" maxlength=\"400\" class=\"wpcf7-form-control wpcf7-email wpcf7-validates-as-required wpcf7-text wpcf7-validates-as-email\" aria-required=\"true\" aria-invalid=\"false\" value=\"\" type=\"email\" name=\"your-email\" \/><\/span>\n\t<\/p>\n\t<p \/><label for=\"anwendung\">Kasutusala<\/label>\n\t<\/p>\n\t<p><span class=\"wpcf7-form-control-wrap\" data-name=\"anwendungsgebiet\"><input size=\"40\" maxlength=\"400\" class=\"wpcf7-form-control wpcf7-text\" aria-invalid=\"false\" value=\"\" type=\"text\" name=\"anwendungsgebiet\" \/><\/span>\n\t<\/p>\n<\/div>\n<div class=\"label2\">\n\t<p \/><label for=\"firma\">Ettev\u00f5te*<\/label>\n\t<\/p>\n\t<p><span class=\"wpcf7-form-control-wrap\" data-name=\"firma\"><input size=\"40\" maxlength=\"400\" class=\"wpcf7-form-control wpcf7-text wpcf7-validates-as-required\" aria-required=\"true\" aria-invalid=\"false\" value=\"\" type=\"text\" name=\"firma\" \/><\/span>\n\t<\/p>\n\t<p \/><label for=\"telefon\">Telefon*<\/label>\n\t<\/p>\n\t<p><span class=\"wpcf7-form-control-wrap\" data-name=\"telefon\"><input size=\"40\" maxlength=\"400\" class=\"wpcf7-form-control wpcf7-text wpcf7-validates-as-required\" aria-required=\"true\" aria-invalid=\"false\" value=\"\" type=\"text\" name=\"telefon\" \/><\/span>\n\t<\/p>\n\t<p \/><label for=\"typ\">Masina t\u00fc\u00fcp<\/label>\n\t<\/p>\n\t<p><span class=\"wpcf7-form-control-wrap\" data-name=\"maschinentyp\"><input size=\"40\" maxlength=\"400\" class=\"wpcf7-form-control wpcf7-text\" aria-invalid=\"false\" value=\"\" type=\"text\" name=\"maschinentyp\" \/><\/span>\n\t<\/p>\n<\/div>\n<div class=\"label3\">\n\t<p \/><label for=\"text\"><b>S\u00f5num<\/b><\/label>\n\t<\/p>\n\t<p><span class=\"wpcf7-form-control-wrap\" data-name=\"your-message\"><textarea cols=\"40\" rows=\"10\" maxlength=\"2000\" class=\"wpcf7-form-control wpcf7-textarea\" aria-invalid=\"false\" name=\"your-message\"><\/textarea><\/span>\n\t<\/p>\n\t<p><span class=\"wpcf7-form-control-wrap\" data-name=\"ZustimmungDatenschutz\"><span class=\"wpcf7-form-control wpcf7-acceptance\"><span class=\"wpcf7-list-item\"><input type=\"checkbox\" name=\"ZustimmungDatenschutz\" value=\"1\" aria-invalid=\"false\" \/><\/span><\/span><\/span> &nbsp; \u00a0Saadetud andmeid t\u00f6\u00f6deldakse ainult teie k\u00fcsimuse k\u00e4sitlemise eesm\u00e4rgil.<br \/>\nOlen lugenud teavet <a href=\"\/datenschutz\">Andmekaits<\/a> kohta ja n\u00f5ustun sellega.\n\t<\/p>\n\t<div class=\"cleaner\">\n\t<\/div>\n\t<p><input class=\"wpcf7-form-control wpcf7-submit has-spinner\" type=\"submit\" value=\"Saatma\" \/>\n\t<\/p>\n<\/div>\n<div class=\"cleaner\" style=\"margin:40px 0\">\n<\/div><div class=\"wpcf7-response-output\" aria-hidden=\"true\"><\/div>\n<\/form>\n<\/div>\n<\/p>","protected":false},"excerpt":{"rendered":"<p>Tere tulemast T\u00e4name teid, et tunnete huvi meie antistaatikumi NEOSTATIC vastu. Allj\u00e4rgnevalt saate \u00fclevaate meie antistaatikumide k\u00f5igist olulistest omadustest. \u00dclevaate meie antistaatikumidest leiate jaotisest Tooted. &nbsp; NEOSTATIC&reg; &#8211; Omadused sobib plastide antistaatiliseks t\u00f6\u00f6tlemiseks eriline lisamisv\u00f5imalus EPSi v\u00e4hendab plastpindadel elektrostaatilist laengut, v\u00e4hendades pindtakistust 108 \u2013 109 oomile suur kattev\u00f5ime \u2013 vajalik on ainult 4\u20136\u00a0mg toimeainet m\u00b2 &#8230; <a title=\"Antistaatikum\" class=\"read-more\" href=\"https:\/\/www.neostatic.com\/et\/\" aria-label=\"Read more about Antistaatikum\">Read more<\/a><\/p>\n","protected":false},"author":1,"featured_media":0,"parent":0,"menu_order":0,"comment_status":"closed","ping_status":"closed","template":"","meta":{"generate_page_header":"","footnotes":""},"class_list":["post-6","page","type-page","status-publish"],"_links":{"self":[{"href":"https:\/\/www.neostatic.com\/et\/wp-json\/wp\/v2\/pages\/6","targetHints":{"allow":["GET"]}}],"collection":[{"href":"https:\/\/www.neostatic.com\/et\/wp-json\/wp\/v2\/pages"}],"about":[{"href":"https:\/\/www.neostatic.com\/et\/wp-json\/wp\/v2\/types\/page"}],"author":[{"embeddable":true,"href":"https:\/\/www.neostatic.com\/et\/wp-json\/wp\/v2\/users\/1"}],"replies":[{"embeddable":true,"href":"https:\/\/www.neostatic.com\/et\/wp-json\/wp\/v2\/comments?post=6"}],"version-history":[{"count":8,"href":"https:\/\/www.neostatic.com\/et\/wp-json\/wp\/v2\/pages\/6\/revisions"}],"predecessor-version":[{"id":284,"href":"https:\/\/www.neostatic.com\/et\/wp-json\/wp\/v2\/pages\/6\/revisions\/284"}],"wp:attachment":[{"href":"https:\/\/www.neostatic.com\/et\/wp-json\/wp\/v2\/media?parent=6"}],"curies":[{"name":"wp","href":"https:\/\/api.w.org\/{rel}","templated":true}]}}