{"id":6,"date":"2016-07-19T12:56:40","date_gmt":"2016-07-19T10:56:40","guid":{"rendered":"http:\/\/www.2016.neostatic.com\/?page_id=6"},"modified":"2025-03-28T19:18:33","modified_gmt":"2025-03-28T18:18:33","slug":"antistatics","status":"publish","type":"page","link":"https:\/\/www.neostatic.com\/es\/","title":{"rendered":"Antiest&aacute;tico"},"content":{"rendered":"<p><\/p>\n<h2 class=\"welcome\">&iexcl;Bienvenido!<\/h2>\n<p>Le agradecemos por su inter&eacute;s en nuestro antiest&aacute;tico NEOSTATIC. A continuaci&oacute;n, le proporcionamos un resumen de todas las propiedades relevantes de nuestros productos antiest&aacute;ticos. En la r&uacute;brica <a href=\"#2\" class=\"link\">Productos<\/a> encontrar&aacute; un cuadro general de nuestros productos antiest&aacute;ticos.<\/p>\n<p>Esta p&aacute;gina s&oacute;lo sirve para informarle en general. Para otras preguntas estamos gustosamente a su disposici&oacute;n. Le rogamos comprender que nuestra correspondencia la podemos mantener exclusivamente en alem&aacute;n o ingl&eacute;s. El env&iacute;o de nuestros productos a todo el mundo lo organizamos exclusivamente desde Hamburgo, Alemania.<\/p>\n<hr \/>\n<p class=\"anker\"><a name=\"1\">&nbsp;<\/a><\/p>\n<h3>Propiedades de NEOSTATIC<sup>&reg;<\/sup><\/h3>\n<ul class=\"list\">\n<li>Apropiado para el acabado antiest\u00e1tico de pl\u00e1sticos <\/li>\n<li>Posibilidad especial de incorporaci&oacute;n en EPS (poliestireno expandido)<\/li>\n<li>Reduce la carga electrost&aacute;tica en todas las superficies de pl&aacute;stico disminuyendo la resistencia de superficie a 10<sup>8<\/sup> &#8211; 10<sup>9<\/sup> ohmios<\/li>\n<li>Gran rendimiento: se requiere s&oacute;lo 4-6 mg de sustancia activa por m&sup2;<\/li>\n<li>Eficaz tambi&eacute;n en el caso de una humedad del aire extremadamente baja (20% de humedad relativa.)<\/li>\n<li>Efecto de larga duraci&oacute;n de m&iacute;nimo un a&ntilde;o &#8211; sobre superficies de pl&aacute;stico secas y protegidas de la abrasi&oacute;n<\/li>\n<li>Fisiol&oacute;gicamente inofensivo, por lo tanto, admitido como aditivo para envasado de alimentos (<a href=\"#6\" class=\"link\">ver Duraci\u00f3n<\/a>)<\/li>\n<li>Compatible con el medio ambiente, biodegradable en sustancias producidas naturalmente por el cuerpo<\/li>\n<\/ul>\n<hr \/>\n<p class=\"toTop\"><a href=\"\">Hacia arriba<\/a><\/p>\n<p class=\"anker\"><a name=\"2\">&nbsp;<\/a><\/p>\n<h3>Productos<\/h3>\n<div class=\"productLeft\">\n<p>NEOSTATIC<sup>&reg;<\/sup> Antistatikum Spray<br \/>\n    listo para usar, tubo de spray de 400 ml <\/p>\n<p>    <img loading=\"lazy\" decoding=\"async\" src=\"\/wp-content\/uploads\/2020\/07\/Neostatic_Spraydose.jpg\" alt=\"Antiest&aacute;tico Spray\" width=\"297\" height=\"403\" class=\"alignnone size-full wp-image-27\" \/>\n    <\/div>\n<div class=\"productRight\">\n<p>NEOSTATIC<sup>&reg;<\/sup> Antistatikum HB 155<br \/>\n    concentrado, bid&oacute;n de 5 L <\/p>\n<p>    <img loading=\"lazy\" decoding=\"async\" src=\"\/wp-content\/uploads\/2020\/07\/Neostatic_Kanister.jpg\" alt=\"Antiest&aacute;tico Neostatic concentrado\" width=\"297\" height=\"403\" class=\"alignnone size-full wp-image-56\" \/>\n    <\/div>\n<div class=\"cleaner\"><\/div>\n<hr \/>\n<p class=\"toTop\"><a href=\"\">Hacia arriba<\/a><\/p>\n<p class=\"anker\"><a name=\"3\">&nbsp;<\/a><\/p>\n<h3>Aplicaciones de NEOSTATIC<sup>&reg;<\/sup><\/h3>\n<p>La aplicaci&oacute;n antiest&aacute;tica en superficies se efect&uacute;a por rociado, inmersi&oacute;n o aplicaci&oacute;n por rodillo con una soluci&oacute;n al 1% de NEOSTATIC en agua destilada o una mezcla de agua destilada\/alcohol. Un mayor porcentaje de alcohol (m&aacute;x. 20%) produce un secado m&aacute;s r&aacute;pido.<\/p>\n<p>Las piezas moldeadas de EPS pueden ser dotadas de una protecci&oacute;n antiest&aacute;tica por el m&eacute;todo NEOSTATIC durante o despu&eacute;s del proceso de espumeado previo. Con ello, el material ya es tratado con una capa antiest&aacute;tica antes del &uacute;ltimo espumeado. De ese modo, las superficies de las perlas de EPS (poliestireno expandido) tienen tambi\u00e9n un acabado antiest\u00e1tico en el interior de la pieza moldeada.<\/p>\n<p>Al contacto con superficies met&aacute;licas es posible que se produzcan da&ntilde;os por corrosi&oacute;n.<\/p>\n<hr \/>\n<p class=\"toTop\"><a href=\"\">Hacia arriba<\/a><\/p>\n<p class=\"anker\"><a name=\"4\">&nbsp;<\/a><\/p>\n<h1>Antiest&aacute;tico<\/h1>\n<p>Nuestros productos antiest&aacute;ticos NEOSTATIC protegen superficies de pl&aacute;stico de cargas electrost&aacute;ticas. En consecuencia se contrarrestan tambi&eacute;n efectos desagradables de la carga electrost&aacute;tica, como p. ej. atracci&oacute;n de polvo, formaci&oacute;n de chispas o la &#8220;adherencia&#8221; de hojas pl&aacute;sticas, partes de pl&aacute;stico y textiles.<\/p>\n<hr \/>\n<p class=\"toTop\"><a href=\"\">Hacia arriba<\/a><\/p>\n<p class=\"anker\"><a name=\"5\">&nbsp;<\/a><\/p>\n<h3>Ventajas de aplicaci&oacute;n<\/h3>\n<p>Los productos antiest&aacute;ticos NEOSTATIC se aplican exitosamente en los siguientes campos:<\/p>\n<ul class=\"list\">\n<li>Gracias a la aplicaci&oacute;n interior durante la fabricaci&oacute;n con EPS se protege el efecto antiest&aacute;tico y se conserva a largo plazo<\/li>\n<li>Una embutici&oacute;n posterior de las planchas de pl&aacute;stico y l&aacute;minas pl&aacute;sticas tratadas superficialmente es posible. Aqu&iacute; se conserva la protecci&oacute;n antiest&aacute;tica<\/li>\n<li>Para proteger el contenido de la carga por fricci&oacute;n<\/li>\n<li>En embalajes de pl&aacute;stico, para impedir la formaci&oacute;n de figuras de polvo (&#8220;dibujos de escarcha&#8220;) y, por lo tanto, ensuciamientos<\/li>\n<li>Para la optimizaci&oacute;n de procesos de impresi&oacute;n\n<ul>\n<li>Buena capacidad de impresi&oacute;n o adherencia de las tintas de imprenta en piezas prefabricadas de pl&aacute;stico (hojas pl&aacute;sticas, botellas, embalajes, tapones de cierre, etc.), cuya superficie fue tratada previamente con un producto antiest&aacute;tico NEOSTATIC<\/li>\n<li>Exactos cuadros de impresi&oacute;n, la tinta no sale &#8220;lanzada&#8221; debido a la carga electrost&aacute;tica<\/li>\n<li>Incorporaci&oacute;n en tintas de imprenta, p. ej. para imprimir embalajes conservando una buena adherencia de las etiquetas<\/li>\n<\/ul>\n<\/li>\n<li>La transparencia y la brillantez de PVC y vidrio acr&iacute;lico transparentes se conserva roci&aacute;ndolos o limpi&aacute;ndolos con productos antiest&aacute;ticos NEOSTATIC<\/li>\n<li>No se forman estr&iacute;as, tampoco durante el ba&ntilde;o de inmersi&oacute;n de hojas pl&aacute;sticas<\/li>\n<li>Admitido como aditivo para embalajes de alimentos (<a href=\"#6\" class=\"link\">ver Duraci\u00f3n<\/a>)<\/li>\n<li>En la limpieza antiest&aacute;tica como detergente (p. ej. revestimientos de pisos, limpieza de edificios, limpieza de puertas y marcos de pl&aacute;stico, etc.)<\/li>\n<\/ul>\n<p><em>Otros campos de aplicaci&oacute;n:<\/em><\/p>\n<ul class=\"list\">\n<li>En textiles, fibras sint&eacute;ticas para la optimizaci&oacute;n de procesos<\/li>\n<li>En la industria papelera, papeles recubiertos de hojas pl&aacute;sticas para una mejor separaci&oacute;n de pliegos individuales<\/li>\n<li>En el montaje de ferias, p. ej. para conservar la &oacute;ptica de alto brillo del pl&aacute;stico y prolongar los ciclos de limpieza<\/li>\n<li>En la aplicaci&oacute;n de materiales aislantes y materiales de relleno<\/li>\n<li>En productos qu&iacute;micos para la industria gr&aacute;fica<\/li>\n<li>Protege y preserva la capacidad goteo y de vertido de los pl\u00e1sticos<\/li>\n<li>En la aplicaci&oacute;n con barnices, resinas sint&eacute;ticas, pinturas y otros trabajos de superficies a base de sint&eacute;tica<\/li>\n<\/ul>\n<p>Nos complacer&aacute; poder asesorarle y le ayudaremos gustosamente en la realizaci&oacute;n de sus proyectos. <a href=\"#7\" class=\"link\">Cont&aacute;ctenos aqu&iacute;<\/a><\/p>\n<hr \/>\n<p class=\"toTop\"><a href=\"\">Hacia arriba<\/a><\/p>\n<p class=\"anker\"><a name=\"6\">&nbsp;<\/a><\/p>\n<h3>Duraci\u00f3n<\/h3>\n<p>    Nuestra calidad probada en laboratorio con certificado de an&aacute;lisis y nuestros producci&oacute;n en conformidad con las Directivas de la UE le permiten a usted incorporar NEOSTATIC<sup>\u00ae<\/sup> HB 155 tambi&eacute;n en el futuro a largo plazo como aditivo en sus procesos de producci&oacute;n.<\/p>\n<p>    NEOSTATIC<sup>\u00ae<\/sup> HB 155 es fisiol\u00f3gicamente inofensivo, figura en el listado del Reglamento (UE) n\u00ba 10\/2011 y, por lo tanto, admitido como aditivo para el envasado de alimentos.<\/p>\n<p>NEOSTATIC<sup>\u00ae<\/sup> HB 155 ha sido registrado conforme al Reglamento (CE) n\u00ba 1907\/2006 relativo al registro, la evaluaci\u00f3n, la autorizaci\u00f3n y la restricci\u00f3n de sustancias qu\u00edmicas (REACH).<\/p>\n<hr \/>\n<p class=\"toTop\"><a href=\"\">Hacia arriba<\/a><\/p>\n<p class=\"anker\"><a name=\"7\">&nbsp;<\/a><\/p>\n<h3>Kontakt<\/h3>\n<h3>NEOSTATIC<sup>&reg;<\/sup><\/h3>\n<p>PETER H. URDAHL GmbH<br \/>\n    Grete-Nevermann-Weg 14<br \/> <br \/>\n    D-22559 Hamburg \/ Germany<\/p>\n<p class=\"mobile-button\"><a href=\"tel:+4940812328\">N&uacute;mero de tel&eacute;fono: +49 (0)40 81 23 28<\/a><\/p>\n<p>Fax: +49 (0)40 81 30 67<\/p>\n<p class=\"mobile-button\"><script type=\"text\/javascript\">\n               <!--\n               var name = \"urdahl\";\n               var domain = \"neostatic.com\";\n               document.write('<a href=\"mailto:' + name + '&#64;' + domain + '\">Correo electr\u00f3nico: ');\n               document.write(name + '&#64;' + domain + '<\/a>');\n               \/\/ -->\n               <\/script><\/p>\n<p>P&aacute;gina Web: www.neostatic.com<\/p>\n<p>Gerente: Jan Wappler, York Urdahl<br \/>\n    N&uacute;mero de identificaci\u00f3n fiscal a efectos del IVA: DE 812843649 <br \/>\n    Sede de la sociedad: Hamburg Amtsgericht (Juzgado de primera instancia) Hamburg HRB 74452<\/p>\n<p>    Plataforma de la Comisi\u00f3n Europea para la resoluci\u00f3n de litigios en l\u00ednea: <a href=\"https:\/\/ec.europa.eu\/consumers\/odr\" target=\"_blank\" rel=\"noopener\">https:\/\/ec.europa.eu\/consumers\/odr<\/a><\/p>\n<p><a href=\"\/en\/nutzungsbedingungen\" class=\"link\">Condiciones de utilizaci&oacute;n (en alem&aacute;n e ingl&eacute;s)<\/a><br \/>\n    <a href=\"\/en\/agb\" class=\"link\">Condiciones comerciales generales (en alem&aacute;n e ingl&eacute;s)<\/a><\/p>\n<p>\n<div class=\"wpcf7 no-js\" id=\"wpcf7-f43-o4\" lang=\"en-US\" dir=\"ltr\" data-wpcf7-id=\"43\">\n<div class=\"screen-reader-response\"><p role=\"status\" aria-live=\"polite\" aria-atomic=\"true\"><\/p> <ul><\/ul><\/div>\n<form action=\"\/es\/wp-json\/wp\/v2\/pages\/6#wpcf7-f43-o4\" method=\"post\" class=\"wpcf7-form init\" aria-label=\"Contact form\" novalidate=\"novalidate\" data-status=\"init\">\n<fieldset class=\"hidden-fields-container\"><input type=\"hidden\" name=\"_wpcf7\" value=\"43\" \/><input type=\"hidden\" name=\"_wpcf7_version\" value=\"6.1.5\" \/><input type=\"hidden\" name=\"_wpcf7_locale\" value=\"en_US\" \/><input type=\"hidden\" name=\"_wpcf7_unit_tag\" value=\"wpcf7-f43-o4\" \/><input type=\"hidden\" name=\"_wpcf7_container_post\" value=\"0\" \/><input type=\"hidden\" name=\"_wpcf7_posted_data_hash\" value=\"\" \/>\n<\/fieldset>\n<div class=\"label1\">\n\t<p \/><label for=\"name\">Nombre*<\/label>\n\t<\/p>\n\t<p><span class=\"wpcf7-form-control-wrap\" data-name=\"your-name\"><input size=\"40\" maxlength=\"400\" class=\"wpcf7-form-control wpcf7-text wpcf7-validates-as-required\" aria-required=\"true\" aria-invalid=\"false\" value=\"\" type=\"text\" name=\"your-name\" \/><\/span>\n\t<\/p>\n\t<p \/><label for=\"email\">Direcci&oacute;n E-Mail*<\/label>\n\t<\/p>\n\t<p><span class=\"wpcf7-form-control-wrap\" data-name=\"your-email\"><input size=\"40\" maxlength=\"400\" class=\"wpcf7-form-control wpcf7-email wpcf7-validates-as-required wpcf7-text wpcf7-validates-as-email\" aria-required=\"true\" aria-invalid=\"false\" value=\"\" type=\"email\" name=\"your-email\" \/><\/span>\n\t<\/p>\n\t<p \/><label for=\"anwendung\">Campo de aplicaci&oacute;n<\/label>\n\t<\/p>\n\t<p><span class=\"wpcf7-form-control-wrap\" data-name=\"anwendungsgebiet\"><input size=\"40\" maxlength=\"400\" class=\"wpcf7-form-control wpcf7-text\" aria-invalid=\"false\" value=\"\" type=\"text\" name=\"anwendungsgebiet\" \/><\/span>\n\t<\/p>\n<\/div>\n<div class=\"label2\">\n\t<p \/><label for=\"firma\">Empresa*<\/label>\n\t<\/p>\n\t<p><span class=\"wpcf7-form-control-wrap\" data-name=\"firma\"><input size=\"40\" maxlength=\"400\" class=\"wpcf7-form-control wpcf7-text wpcf7-validates-as-required\" aria-required=\"true\" aria-invalid=\"false\" value=\"\" type=\"text\" name=\"firma\" \/><\/span>\n\t<\/p>\n\t<p \/><label for=\"telefon\">N&uacute;mero de tel&eacute;fono*<\/label>\n\t<\/p>\n\t<p><span class=\"wpcf7-form-control-wrap\" data-name=\"telefon\"><input size=\"40\" maxlength=\"400\" class=\"wpcf7-form-control wpcf7-text wpcf7-validates-as-required\" aria-required=\"true\" aria-invalid=\"false\" value=\"\" type=\"text\" name=\"telefon\" \/><\/span>\n\t<\/p>\n\t<p \/><label for=\"typ\">Tipo de m&aacute;quina<\/label>\n\t<\/p>\n\t<p><span class=\"wpcf7-form-control-wrap\" data-name=\"maschinentyp\"><input size=\"40\" maxlength=\"400\" class=\"wpcf7-form-control wpcf7-text\" aria-invalid=\"false\" value=\"\" type=\"text\" name=\"maschinentyp\" \/><\/span>\n\t<\/p>\n<\/div>\n<div class=\"label3\">\n\t<p \/><label for=\"text\"><b>Mensaje<\/b><\/label>\n\t<\/p>\n\t<p><span class=\"wpcf7-form-control-wrap\" data-name=\"your-message\"><textarea cols=\"40\" rows=\"10\" maxlength=\"2000\" class=\"wpcf7-form-control wpcf7-textarea\" aria-invalid=\"false\" name=\"your-message\"><\/textarea><\/span>\n\t<\/p>\n\t<p><input class=\"wpcf7-form-control wpcf7-submit has-spinner\" type=\"submit\" value=\"Enviar\" \/>\n\t<\/p>\n<\/div>\n<div class=\"cleaner\" style=\"margin:40px 0\">\n<\/div><div class=\"wpcf7-response-output\" aria-hidden=\"true\"><\/div>\n<\/form>\n<\/div>\n<\/p>","protected":false},"excerpt":{"rendered":"<p>&iexcl;Bienvenido! Le agradecemos por su inter&eacute;s en nuestro antiest&aacute;tico NEOSTATIC. A continuaci&oacute;n, le proporcionamos un resumen de todas las propiedades relevantes de nuestros productos antiest&aacute;ticos. En la r&uacute;brica Productos encontrar&aacute; un cuadro general de nuestros productos antiest&aacute;ticos. Esta p&aacute;gina s&oacute;lo sirve para informarle en general. Para otras preguntas estamos gustosamente a su disposici&oacute;n. Le rogamos &#8230; <a title=\"Antiest&aacute;tico\" class=\"read-more\" href=\"https:\/\/www.neostatic.com\/es\/\" aria-label=\"Leer m\u00e1s sobre Antiest&aacute;tico\">Read more<\/a><\/p>\n","protected":false},"author":1,"featured_media":0,"parent":0,"menu_order":0,"comment_status":"closed","ping_status":"closed","template":"","meta":{"generate_page_header":"","footnotes":""},"class_list":["post-6","page","type-page","status-publish"],"_links":{"self":[{"href":"https:\/\/www.neostatic.com\/es\/wp-json\/wp\/v2\/pages\/6","targetHints":{"allow":["GET"]}}],"collection":[{"href":"https:\/\/www.neostatic.com\/es\/wp-json\/wp\/v2\/pages"}],"about":[{"href":"https:\/\/www.neostatic.com\/es\/wp-json\/wp\/v2\/types\/page"}],"author":[{"embeddable":true,"href":"https:\/\/www.neostatic.com\/es\/wp-json\/wp\/v2\/users\/1"}],"replies":[{"embeddable":true,"href":"https:\/\/www.neostatic.com\/es\/wp-json\/wp\/v2\/comments?post=6"}],"version-history":[{"count":8,"href":"https:\/\/www.neostatic.com\/es\/wp-json\/wp\/v2\/pages\/6\/revisions"}],"predecessor-version":[{"id":284,"href":"https:\/\/www.neostatic.com\/es\/wp-json\/wp\/v2\/pages\/6\/revisions\/284"}],"wp:attachment":[{"href":"https:\/\/www.neostatic.com\/es\/wp-json\/wp\/v2\/media?parent=6"}],"curies":[{"name":"wp","href":"https:\/\/api.w.org\/{rel}","templated":true}]}}