{"id":6,"date":"2016-07-19T12:56:40","date_gmt":"2016-07-19T10:56:40","guid":{"rendered":"http:\/\/www.2016.neostatic.com\/?page_id=6"},"modified":"2025-03-28T19:18:33","modified_gmt":"2025-03-28T18:18:33","slug":"antistatics","status":"publish","type":"page","link":"https:\/\/www.neostatic.com\/de\/","title":{"rendered":"Antistatikum"},"content":{"rendered":"<p><\/p>\n<h2 class=\"welcome\">Willkommen<\/h2>\n<p>Vielen Dank f&uuml;r Ihr Interesse an unserem NEOSTATIC Antistatikum. Nachfolgend erhalten Sie eine &Uuml;bersicht aller relevanten Eigenschaften unserer Antistatik-Produkte. Einen &Uuml;berblick unserer Antistatika finden Sie in der Rubrik <a href=\"#2\" class=\"link\">Produkte<\/a>.<\/p>\n<hr \/>\n<p class=\"anker\"><a name=\"1\">&nbsp;<\/a><\/p>\n<h3>NEOSTATIC<sup>&reg;<\/sup> &#8211; Eigenschaften<\/h3>\n<ul class=\"list\">\n<li>geeignet f&uuml;r die antistatische Ausr&uuml;stung von Kunststoffen<\/li>\n<li>besondere Einarbeitungsm&ouml;glichkeit in EPS<\/li>\n<li>reduziert auf Kunststoffoberfl&auml;chen die elektrostatische Aufladung durch Herabsetzung des Oberfl&auml;chenwiderstands auf 10<sup>8<\/sup> &#8211; 10<sup>9<\/sup> Ohm<\/li>\n<li>gro&szlig;e Ergiebigkeit &#8211; nur 4-6 mg Wirkstoff pro m&sup2; erforderlich<\/li>\n<li>wirksam auch noch bei extrem niedriger Luftfeuchtigkeit (20% r. F.)<\/li>\n<li>Langzeitwirkung von mindestens 1 Jahr &#8211; auf trockenen und vor Abrieb gesch&uuml;tzten Kunststoffoberfl&auml;chen<\/li>\n<li>physiologisch unbedenklich, f&uuml;r Lebensmittelverpackungen zugelassen (<a href=\"#6\" class=\"link\">siehe Nachhaltigkeit<\/a>)<\/li>\n<li>umweltvertr&auml;glich, baut biologisch zu k&ouml;rpereigenen Substanzen ab<\/li>\n<\/ul>\n<hr \/>\n<p class=\"toTop\"><a href=\"\">nach oben<\/a><\/p>\n<p class=\"anker\"><a name=\"2\">&nbsp;<\/a><\/p>\n<h3>Produkte<\/h3>\n<div class=\"productLeft\">\n<p>NEOSTATIC<sup>&reg;<\/sup> Antistatikum Spray<br \/>\n    gebrauchsfertig, 400ml Spraydose<\/p>\n<p>    <img loading=\"lazy\" decoding=\"async\" width=\"297\" height=\"403\" src=\"\/wp-content\/uploads\/2020\/07\/Neostatic_Spraydose.jpg\" alt=\"Antistatikum Spray\" class=\"alignnone size-full wp-image-27\" \/>\n    <\/div>\n<div class=\"productRight\">\n<p>NEOSTATIC<sup>&reg;<\/sup> Antistatikum HB 155<br \/>\n    Konzentrat, 5 L Kanister<\/p>\n<p>    <img loading=\"lazy\" decoding=\"async\" width=\"297\" height=\"403\" src=\"\/wp-content\/uploads\/2020\/07\/Neostatic_Kanister.jpg\" alt=\"Neostatic_Kanister\" class=\"alignnone size-full wp-image-56\" \/>\n    <\/div>\n<div class=\"cleaner\"><\/div>\n<hr \/>\n<p class=\"toTop\"><a href=\"\">nach oben<\/a><\/p>\n<p class=\"anker\"><a name=\"3\">&nbsp;<\/a><\/p>\n<h3>NEOSTATIC<sup>&reg;<\/sup> &#8211; Anwendungen<\/h3>\n<p>Der antistatische Oberfl&auml;chenauftrag erfolgt durch Spr&uuml;hen, Tauchen oder Walzenauftrag mit einer 1%igen L&ouml;sung von NEOSTATIC in dest. Wasser oder dest. Wasser\/Alkohol &#8211; Gemisch. Ein h&ouml;herer Alkoholanteil (max. 20%) bewirkt eine schnellere Trocknung.<\/p>\n<p>F&uuml;r Formteile aus EPS ist eine antistatische Ausr&uuml;stung durch das NEOSTATIC &#8211; Verfahren w&auml;hrend oder nach dem Vorsch&auml;umprozess m&ouml;glich. Das Material wird damit schon vor dem letzten Aussch&auml;umen antistatisch behandelt. Die Oberfl\u00e4chen der EPS &#8211; Perlen sind so auch im Inneren des Formteils antistatisch ausger\u00fcstet. <\/p>\n<p>Bei Kontakt mit metallischen Oberfl&auml;chen k&ouml;nnen m&ouml;glicherweise Korrosionssch&auml;den auftreten.<\/p>\n<hr \/>\n<p class=\"toTop\"><a href=\"\">nach oben<\/a><\/p>\n<p class=\"anker\"><a name=\"4\">&nbsp;<\/a><\/p>\n<h1>Antistatikum<\/h1>\n<p>Unsere NEOSTATIC Antistatika sch&uuml;tzen Kunststoffoberfl&auml;chen vor elektrostatischer Aufladung. Infolgedessen werden auch die unerw&uuml;nschten Auswirkungen der Aufladung abgebaut, wie z.B. Staubanziehung, Funkenbildung oder das &quot;Anhaften&quot; von Folien, Kunststoffteilen und Textilien.<\/p>\n<hr \/>\n<p class=\"toTop\"><a href=\"\">nach oben<\/a><\/p>\n<p class=\"anker\"><a name=\"5\">&nbsp;<\/a><\/p>\n<h3>Anwendungsvorteile<\/h3>\n<p>NEOSTATIC Antistatika werden bereits in folgenden Bereichen erfolgreich eingesetzt:<\/p>\n<ul class=\"list\">\n<li>bei der Verarbeitung mit EPS wird durch die innere Ausstattung der antistatische Effekt gesch&uuml;tzt und langfristig aufrechterhalten<\/li>\n<li>sp&auml;teres Tiefziehen von oberfl&auml;chenbehandelten Kunststoffplatten und Folien ist m&ouml;glich. Hierbei bleibt die antistatische Ausr&uuml;stung erhalten<\/li>\n<li>zum Schutz des Inhalts vor Reibungsladung<\/li>\n<li>bei Kunststoffverpackungen, um Staubbilder (&quot;Eisblumenmuster&quot;) und damit Verschmutzungen zu verhindern<\/li>\n<li>zur Optimierung von Druckprozessen\n<ul>\n<li>gute Bedruckbarkeit bzw. Druckfarbenhaftung auf Kunststoff-Fertigteilen (Folien, Flaschen, Verpackungen, Verschl&uuml;sse etc.), deren Oberfl&auml;che vorher mit NEOSTATIC Antistatikum behandelt wurde<\/li>\n<li>exakte Druckbilder, kein &#8220;Wegspritzen&#8220; der Farbe durch elektrostatische Aufladung<\/li>\n<li>Einarbeitung in Druckfarben z.B. f&uuml;r Verpackungsdruck bei gleichbleibend guter Etikettenhaftung<\/li>\n<\/ul>\n<\/li>\n<li>Transparenz und Brillanz von glasklarem PVC und Acrylglas  bleibt beim Bespr&uuml;hen oder Reinigen mit NEOSTATIC Antistatika erhalten<\/li>\n<li>keine Schlierenbildung, auch beim Folientauchbad<\/li>\n<li>zugelassen als Additiv f&uuml;r Lebensmittelverpackungen (<a href=\"#6\" class=\"link\">siehe Nachhaltigkeit<\/a>)<\/li>\n<li>bei der antistatischen Reinigung, als  Reinigungsmittel (z.B. Bodenbel&auml;ge, Geb&auml;udereinigung, Reinigung von Kunststofft&uuml;ren\/-rahmen, etc.)<\/li>\n<\/ul>\n<p><em>Weitere Anwendungsbereiche:<\/em><\/p>\n<ul class=\"list\">\n<li>bei Textilien, Kunstfasern und Mischgeweben zur Prozessoptimierung<\/li>\n<li>bei Papier, folienbeschichteten Papier zum verbesserten Trennen von Einzelb&ouml;gen<\/li>\n<li>beim Messebau, um z.B. Hochglanzoptik von Kunststoff zu erhalten und Reinigungszyklen zu verl&auml;ngern<\/li>\n<li>bei der Verarbeitung mit D&auml;mmstoffen und F&uuml;llmaterialien<\/li>\n<li>sch\u00fctzt und erh\u00e4lt die Riesel- und Sch\u00fcttf\u00e4higkeit von Kunststoffen<\/li>\n<li>chemische Erzeugnisse f&uuml;r die grafische Industrie<\/li>\n<li>bei der Anwendung mit Lacken, Kunstharzen, Farben und weiteren Oberfl&auml;chenarbeiten auf Kunststoffbasis<\/li>\n<\/ul>\n<p>Wir freuen uns darauf Sie beraten zu d&uuml;rfen und helfen Ihnen gern bei der Verwirklichung Ihrer Projekte. <a href=\"#7\" class=\"link\">Kontaktieren sie uns hier<\/a><\/p>\n<hr \/>\n<p class=\"toTop\"><a href=\"\">nach oben<\/a><\/p>\n<p class=\"anker\"><a name=\"6\">&nbsp;<\/a><\/p>\n<h3>Nachhaltigkeit<\/h3>\n<p>Unsere laborgepr&uuml;fte Qualit&auml;t mit Analysenzertifikat und unsere Produktion in &Uuml;bereinstimmung mit den EU-Richtlinien erm&ouml;glichen Ihnen, NEOSTATIC HB 155 auch in Zukunft langfristig als Additiv in Ihre Produktionsprozesse einzubinden.<\/p>\n<p> NEOSTATIC HB 155 ist physiologisch unbedenklich, in der EU Verordnung Nr.\u00a010\/2011 gelisted<br \/>\nund somit zugelassen als Additiv f\u00fcr Lebensmittelverpackungen \/ Beschr\u00e4nkung 15 mg \/ m\u00b2<\/p>\n<p>Gem\u00e4\u00df der Europ\u00e4ischen Verordnung Nr. 1907\/2006 \u00fcber die Registrierung, Bewertung, Zulassung und Beschr\u00e4nkung chemischer Stoffe (REACH) ist NEOSTATIC HB 155 NEOSTATIC HB 155 registriert. <\/p>\n<hr \/>\n<p class=\"toTop\"><a href=\"\">nach oben<\/a><\/p>\n<p class=\"anker\"><a name=\"7\">&nbsp;<\/a><\/p>\n<h3>Kontakt<\/h3>\n<h3>NEOSTATIC<sup>&reg;<\/sup>&#8211; Impressum<\/h3>\n<p>PETER H. URDAHL GmbH<br \/>\n    Grete-Nevermann-Weg 14<br \/> <br \/>\n    D-22559 Hamburg \/ Germany<\/p>\n<p class=\"mobile-button\"><a href=\"tel:+4940812328\">Tel.: +49 (0)40 81 23 28<\/a><\/p>\n<p>Fax: +49 (0)40 81 30 67<\/p>\n<p class=\"mobile-button\"><script type=\"text\/javascript\">\n               <!--\n               var name = \"urdahl\";\n               var domain = \"neostatic.com\";\n               document.write('<a href=\"mailto:' + name + '&#64;' + domain + '\">E-Mail: ');\n               document.write(name + '&#64;' + domain + '<\/a>');\n               \/\/ -->\n               <\/script><\/p>\n<p>Website: www.neostatic.com<\/p>\n<p>Gesch&auml;ftsf&uuml;hrer: Jan Wappler, York Urdahl<br \/>\n    USt.-Id.Nr.: DE 812843649 <br \/>\n    Sitz der Gesellschaft: Hamburg Amtsgericht Hamburg HRB 74452<\/p>\n<p>Plattform der EU-Kommission zur Online-Streitbeilegung: <a href=\"https:\/\/ec.europa.eu\/consumers\/odr\" target=\"_blank\" rel=\"noopener\">https:\/\/ec.europa.eu\/consumers\/odr<\/a><br \/>\n    Wir sind zur Teilnahme an einem Streitbeilegungsverfahren vor einer Verbraucherschlichtungsstelle weder verpflichtet noch bereit.<\/p>\n<p><a href=\"\/nutzungsbedingungen\" class=\"link\">Nutzungsbedingungen \/ Site policy<\/a><br \/>\n    <a href=\"\/agb\" class=\"link\">Allgemeine Gesch&auml;ftsbedingungen<\/a><br \/>\n    <a href=\"\/datenschutz\" class=\"link\">Datenschutz<\/a>\n    <\/p>\n<p>    \n<div class=\"wpcf7 no-js\" id=\"wpcf7-f4-o1\" lang=\"de-DE\" dir=\"ltr\" data-wpcf7-id=\"4\">\n<div class=\"screen-reader-response\"><p role=\"status\" aria-live=\"polite\" aria-atomic=\"true\"><\/p> <ul><\/ul><\/div>\n<form action=\"\/de\/wp-json\/wp\/v2\/pages\/6#wpcf7-f4-o1\" method=\"post\" class=\"wpcf7-form init\" aria-label=\"Kontaktformular\" novalidate=\"novalidate\" data-status=\"init\">\n<fieldset class=\"hidden-fields-container\"><input type=\"hidden\" name=\"_wpcf7\" value=\"4\" \/><input type=\"hidden\" name=\"_wpcf7_version\" value=\"6.1.5\" \/><input type=\"hidden\" name=\"_wpcf7_locale\" value=\"de_DE\" \/><input type=\"hidden\" name=\"_wpcf7_unit_tag\" value=\"wpcf7-f4-o1\" \/><input type=\"hidden\" name=\"_wpcf7_container_post\" value=\"0\" \/><input type=\"hidden\" name=\"_wpcf7_posted_data_hash\" value=\"\" \/>\n<\/fieldset>\n<div class=\"label1\">\n\t<p \/><label for=\"name\">Name*<\/label>\n\t<\/p>\n\t<p><span class=\"wpcf7-form-control-wrap\" data-name=\"your-name\"><input size=\"40\" maxlength=\"400\" class=\"wpcf7-form-control wpcf7-text wpcf7-validates-as-required\" aria-required=\"true\" aria-invalid=\"false\" value=\"\" type=\"text\" name=\"your-name\" \/><\/span>\n\t<\/p>\n\t<p \/><label for=\"email\">E-Mail*<\/label>\n\t<\/p>\n\t<p><span class=\"wpcf7-form-control-wrap\" data-name=\"your-email\"><input size=\"40\" maxlength=\"400\" class=\"wpcf7-form-control wpcf7-email wpcf7-validates-as-required wpcf7-text wpcf7-validates-as-email\" aria-required=\"true\" aria-invalid=\"false\" value=\"\" type=\"email\" name=\"your-email\" \/><\/span>\n\t<\/p>\n\t<p \/><label for=\"anwendung\">Anwendungsgebiet<\/label>\n\t<\/p>\n\t<p><span class=\"wpcf7-form-control-wrap\" data-name=\"anwendungsgebiet\"><input size=\"40\" maxlength=\"400\" class=\"wpcf7-form-control wpcf7-text\" aria-invalid=\"false\" value=\"\" type=\"text\" name=\"anwendungsgebiet\" \/><\/span>\n\t<\/p>\n<\/div>\n<div class=\"label2\">\n\t<p \/><label for=\"firma\">Firma*<\/label>\n\t<\/p>\n\t<p><span class=\"wpcf7-form-control-wrap\" data-name=\"firma\"><input size=\"40\" maxlength=\"400\" class=\"wpcf7-form-control wpcf7-text wpcf7-validates-as-required\" aria-required=\"true\" aria-invalid=\"false\" value=\"\" type=\"text\" name=\"firma\" \/><\/span>\n\t<\/p>\n\t<p \/><label for=\"telefon\">Telefon*<\/label>\n\t<\/p>\n\t<p><span class=\"wpcf7-form-control-wrap\" data-name=\"telefon\"><input size=\"40\" maxlength=\"400\" class=\"wpcf7-form-control wpcf7-text wpcf7-validates-as-required\" aria-required=\"true\" aria-invalid=\"false\" value=\"\" type=\"text\" name=\"telefon\" \/><\/span>\n\t<\/p>\n\t<p \/><label for=\"typ\">Maschinentyp<\/label>\n\t<\/p>\n\t<p><span class=\"wpcf7-form-control-wrap\" data-name=\"maschinentyp\"><input size=\"40\" maxlength=\"400\" class=\"wpcf7-form-control wpcf7-text\" aria-invalid=\"false\" value=\"\" type=\"text\" name=\"maschinentyp\" \/><\/span>\n\t<\/p>\n<\/div>\n<div class=\"label3\">\n\t<p \/><label for=\"text\"><b>Nachricht<\/b><\/label>\n\t<\/p>\n\t<p><span class=\"wpcf7-form-control-wrap\" data-name=\"your-message\"><textarea cols=\"40\" rows=\"10\" maxlength=\"2000\" class=\"wpcf7-form-control wpcf7-textarea\" aria-invalid=\"false\" name=\"your-message\"><\/textarea><\/span>\n\t<\/p>\n\t<p><span class=\"wpcf7-form-control-wrap\" data-name=\"ZustimmungDatenschutz\"><span class=\"wpcf7-form-control wpcf7-acceptance\"><span class=\"wpcf7-list-item\"><input type=\"checkbox\" name=\"ZustimmungDatenschutz\" value=\"1\" aria-invalid=\"false\" \/><\/span><\/span><\/span> &nbsp; Die abgesendeten Daten werden nur zum Zweck der Bearbeitung Ihres Anliegens verarbeitet.<br \/>\nInformationen zur <a href=\"\/datenschutz\">Datenschutzbelehrung<\/a> habe ich gelesen und stimme zu.\n\t<\/p>\n\t<div class=\"cleaner\">\n\t<\/div>\n\t<p><input class=\"wpcf7-form-control wpcf7-submit has-spinner\" type=\"submit\" value=\"Senden\" \/>\n\t<\/p>\n<\/div>\n<div class=\"cleaner\" style=\"margin:40px 0\">\n<\/div><div class=\"wpcf7-response-output\" aria-hidden=\"true\"><\/div>\n<\/form>\n<\/div>\n<\/p>","protected":false},"excerpt":{"rendered":"<p>Willkommen Vielen Dank f&uuml;r Ihr Interesse an unserem NEOSTATIC Antistatikum. Nachfolgend erhalten Sie eine &Uuml;bersicht aller relevanten Eigenschaften unserer Antistatik-Produkte. Einen &Uuml;berblick unserer Antistatika finden Sie in der Rubrik Produkte. &nbsp; NEOSTATIC&reg; &#8211; Eigenschaften geeignet f&uuml;r die antistatische Ausr&uuml;stung von Kunststoffen besondere Einarbeitungsm&ouml;glichkeit in EPS reduziert auf Kunststoffoberfl&auml;chen die elektrostatische Aufladung durch Herabsetzung des Oberfl&auml;chenwiderstands &#8230; <a title=\"Antistatikum\" class=\"read-more\" href=\"https:\/\/www.neostatic.com\/de\/\" aria-label=\"Mehr Informationen \u00fcber Antistatikum\">Read more<\/a><\/p>\n","protected":false},"author":1,"featured_media":0,"parent":0,"menu_order":0,"comment_status":"closed","ping_status":"closed","template":"","meta":{"generate_page_header":"","footnotes":""},"class_list":["post-6","page","type-page","status-publish"],"_links":{"self":[{"href":"https:\/\/www.neostatic.com\/de\/wp-json\/wp\/v2\/pages\/6","targetHints":{"allow":["GET"]}}],"collection":[{"href":"https:\/\/www.neostatic.com\/de\/wp-json\/wp\/v2\/pages"}],"about":[{"href":"https:\/\/www.neostatic.com\/de\/wp-json\/wp\/v2\/types\/page"}],"author":[{"embeddable":true,"href":"https:\/\/www.neostatic.com\/de\/wp-json\/wp\/v2\/users\/1"}],"replies":[{"embeddable":true,"href":"https:\/\/www.neostatic.com\/de\/wp-json\/wp\/v2\/comments?post=6"}],"version-history":[{"count":8,"href":"https:\/\/www.neostatic.com\/de\/wp-json\/wp\/v2\/pages\/6\/revisions"}],"predecessor-version":[{"id":284,"href":"https:\/\/www.neostatic.com\/de\/wp-json\/wp\/v2\/pages\/6\/revisions\/284"}],"wp:attachment":[{"href":"https:\/\/www.neostatic.com\/de\/wp-json\/wp\/v2\/media?parent=6"}],"curies":[{"name":"wp","href":"https:\/\/api.w.org\/{rel}","templated":true}]}}