{"id":6,"date":"2016-07-19T12:56:40","date_gmt":"2016-07-19T10:56:40","guid":{"rendered":"http:\/\/www.2016.neostatic.com\/?page_id=6"},"modified":"2025-03-28T19:18:33","modified_gmt":"2025-03-28T18:18:33","slug":"antistatics","status":"publish","type":"page","link":"https:\/\/www.neostatic.com\/cz\/","title":{"rendered":"Antistatick&yacute; p\u0159&iacute;pravek"},"content":{"rendered":"<p><\/p>\n<h2 class=\"welcome\">V\u00edtejte<\/h2>\n<p>D&#283;kujeme za V&aacute;&#353; z&aacute;jem o n&aacute;&#353; antistatick&yacute; p&#345;&iacute;pravek NEOSTATIC Antistatikum. V n&aacute;sleduj&iacute;c&iacute;m textu najdete p&#345;ehled v&#353;ech relevantn&iacute;ch vlastnost&iacute; na&#353;ich antistatick&yacute;ch v&yacute;robk&#367;. P&#345;ehled antistatick&yacute;ch p&#345;&iacute;pravk&#367; najdete v rubrice <a href=\"#2\" class=\"link\">Produkty<\/a>.<\/p>\n<p>Tato str&aacute;nka je ur&#269;ena pouze pro Va&#353;i informaci. R&aacute;di V&aacute;m odpov&iacute;me na p&#345;&iacute;padn&eacute; dal&#353;&iacute; ot&aacute;zky. M&#283;jte pros&iacute;m pochopen&iacute;, &#382;e korespondenci jsme schopni v&eacute;st pouze v n&#283;m&#269;in&#283; nebo angli&#269;tin&#283;. Odes&iacute;l&aacute;n&iacute; do cel&eacute;ho sv&#283;ta organizujeme v&yacute;hradn&#283; z Hamburgu (N&#283;mecko).<\/p>\n<hr \/>\n<p class=\"anker\"><a name=\"1\">&nbsp;<\/a><\/p>\n<h3>NEOSTATIC<sup>&reg;<\/sup> &#8211; vlastnosti<\/h3>\n<ul class=\"list\">\n<li>Vhodn\u00fd pro antistatickou \u00fapravu plast\u016f<\/li>\n<li>Zvl&aacute;&#353;tn&iacute; mo&#382;nost zapracov&aacute;n&iacute; do materi&aacute;lu EPS<\/li>\n<li>Na povrchu plastu redukuje elektrostatick&yacute; n&aacute;boj sn&iacute;&#382;en&iacute;m povrchov&eacute;ho odporu na 10<sup>8<\/sup> &#8211; 10<sup>9<\/sup> Ohm<\/li>\n<li>Vysok&aacute; vydatnost &#8211; pouze 4-6 mg &uacute;&#269;inn&eacute; l&aacute;tky vysta&#269;&iacute; na 1 m&sup2;<\/li>\n<li>&Uacute;&#269;innost i p&#345;i mimo&#345;&aacute;dn&#283; n&iacute;zk&eacute; vlhkosti vzduchu (20% rel. vlhkost)<\/li>\n<li>Dlouhotrvaj&iacute;c&iacute; &uacute;&#269;inek nejm&eacute;n&#283; po dobu 1 roku &#8211; Na such&yacute;ch povr&#353;&iacute;ch nebo na povr&#353;&iacute;ch s ochranou proti od&iacute;r&aacute;n\u00ed<\/li>\n<li>Fyziologicky nez&aacute;vadn&yacute;, schv\u00e1len jako aditivum pro potravin\u00e1\u0159sk\u00e9 obaly (<a href=\"#6\" class=\"link\">viz St&aacute;lost<\/a>)<\/li>\n<li>Ekologick&yacute;, odbour&aacute;v&aacute; se na biologick&eacute; l&aacute;tky, kter&eacute; jsou t&#283;lu vlastn&iacute;<\/li>\n<\/ul>\n<hr \/>\n<p class=\"toTop\"><a href=\"\">Nahoru<\/a><\/p>\n<p class=\"anker\"><a name=\"2\">&nbsp;<\/a><\/p>\n<h3>V\u00fdrobek<\/h3>\n<div class=\"productLeft\">\n<p>Antistatick\u00fd sprej NEOSTATIC<sup>&reg;<\/sup><br \/>\n    K okam&#382;it&eacute;mu pou&#382;it&iacute;, obsah d&oacute;zy 400 ml<\/p>\n<p>    <img loading=\"lazy\" decoding=\"async\" src=\"\/wp-content\/uploads\/2020\/07\/Neostatic_Spraydose.jpg\" alt=\"antistatick\u00fd p\u0159\u00edpravek\" width=\"297\" height=\"403\" class=\"alignnone size-full wp-image-27\" \/>\n    <\/div>\n<div class=\"productRight\">\n<p>Antistatick\u00fd p\u0159\u00edpravek NEOSTATIC<sup>&reg;<\/sup> HB 155<br \/>\n    koncentr&aacute;t, kanystr 5 L<\/p>\n<p>    <img loading=\"lazy\" decoding=\"async\" src=\"\/wp-content\/uploads\/2020\/07\/Neostatic_Kanister.jpg\" alt=\"antistatick\u00fd p\u0159\u00edpravek hb 155\" width=\"297\" height=\"403\" class=\"alignnone size-full wp-image-56\" \/>\n    <\/div>\n<div class=\"cleaner\"><\/div>\n<hr \/>\n<p class=\"toTop\"><a href=\"\">Nahoru<\/a><\/p>\n<p class=\"anker\"><a name=\"3\">&nbsp;<\/a><\/p>\n<h3>NEOSTATIC<sup>&reg;<\/sup> &#8211; pou\u017eit\u00ed<\/h3>\n<p>Antistatickou vrstvu nanesete na povrch nast&#345;&iacute;k&aacute;n&iacute;m, m&aacute;&#269;en&iacute;m nebo v&aacute;le&#269;kov&aacute;n&iacute;m. K tomu pou&#382;ijte jednoprocentn&iacute; roztok NEOSTATIC v destilovan&eacute; vod&#283; nebo ve sm&#283;si destilovan&eacute; vody a alkoholu. Vy&#353;&#353;&iacute; pod&iacute;l alkoholu (max. 20 %) zp&#367;sobuje rychlej&#353;&iacute; zasych&aacute;n&iacute;.<\/p>\n<p>U v&yacute;lisk&#367; z EPS je mo&#382;n&eacute; prov&eacute;st antistatickou &uacute;pravu metodou, p&#345;i n&iacute;&#382; se  NEOSTATIC pou&#382;ije b&#283;hem p&#345;edp&#283;&#328;ovac&iacute;ho procesu nebo po n&#283;m. K antistatick&eacute; &uacute;prav&#283; materi&aacute;lu tak dojde je&#353;t&#283; p&#345;ed fin&aacute;ln&iacute;m vyp&#283;n&#283;n&iacute;m. Povrchy kuli\u010dek EPS jsou antistatick\u00e9 tak\u00e9 uvnit\u0159 v\u00fdlisku. <\/p>\n<p>P&#345;i styku s kovov&yacute;mi povrchy m&#367;&#382;e doj&iacute;t ke vzniku koroze.<\/p>\n<hr \/>\n<p class=\"toTop\"><a href=\"\">Nahoru<\/a><\/p>\n<p class=\"anker\"><a name=\"4\">&nbsp;<\/a><\/p>\n<h1>Antistatick&yacute; p&#345;&iacute;pravek<\/h1>\n<p>Na&#353;e antistatick&eacute; p&#345;&iacute;pravky NEOSTATIC chr&aacute;n&iacute; povrchy plast&#367; p&#345;ed elektrostatick&yacute;m n&aacute;bojem. Eliminuj&iacute; tak ne&#382;&aacute;douc&iacute; &uacute;&#269;inky n&aacute;boje, jako nap&#345;. p&#345;itahov&aacute;n&iacute; prachu, jisk&#345;en&iacute; &#269;i &quot;p&#345;ilepen&iacute;&quot; f&oacute;li&iacute;, plastov&yacute;ch sou&#269;&aacute;stek a textili&iacute;.<\/p>\n<hr \/>\n<p class=\"toTop\"><a href=\"\">Nahoru<\/a><\/p>\n<p class=\"anker\"><a name=\"5\">&nbsp;<\/a><\/p>\n<h3>V&yacute;hody pou&#382;it&iacute;<\/h3>\n<p>Antistatick&eacute; p&#345;&iacute;pravky NEOSTATIC se &uacute;sp&#283;&#353;n&#283; pou&#382;&iacute;vaj&iacute; ji&#382; v t&#283;chto oblastech:<\/p>\n<ul class=\"list\">\n<li>P&#345;i v&yacute;rob&#283; EPS se jeho vnit&#345;n&iacute; &uacute;pravou pomoc&iacute; tohoto p&#345;&iacute;pravku chr&aacute;n&iacute; antistatick&yacute; &uacute;&#269;inek a zvy&#353;uje se d&eacute;lka jeho p&#367;soben&iacute;<\/li>\n<li>Umo&#382;&#328;uje pozd&#283;j&#353;&iacute; hlubok&eacute; ta&#382;en&iacute; povrchov&#283; upraven&yacute;ch plastov&yacute;ch desek a f&oacute;li&iacute;. Antistatick&aacute; &uacute;prava p&#345;itom z&#367;stane zachov&aacute;na.<\/li>\n<li>Chr&aacute;n&iacute; obsah p&#345;ed n&aacute;bojem vznikaj&iacute;c&iacute;m p&#345;i t&#345;en&iacute;<\/li>\n<li>U plastov&yacute;ch obal&#367; slou&#382;&iacute; jako ochrana p&#345;ed zachyt&aacute;v&aacute;n&iacute;m prachu a t&iacute;m p&aacute;dem ne&#269;istotami<\/li>\n<li>Pro optimalizaci tiskov&yacute;ch proces&#367;\n<ul>\n<li>Dobr&aacute; potiskovatelnost resp. p&#345;ilnavost barev na plastov&eacute; d&iacute;ly (f&oacute;lie, l&aacute;hve, balen&iacute;, kryty atd.), jejich&#382; povrch byl p&#345;edt&iacute;m o&#353;et&#345;en antistatick&yacute;m p&#345;&iacute;pravkem NEOSTATIC Antistatikum<\/li>\n<li>P&#345;esn&yacute; ti&#353;t&#283;n&yacute; obraz, &#382;&aacute;dn&eacute; &#8222;odskakov&aacute;n&iacute;&#8220; barvy v d&#367;sledku elektrostatick&eacute;ho n&aacute;boje<\/li>\n<li>Zapracov&aacute;n&iacute; do tiska&#345;sk&yacute;ch barev nap&#345;. pro potisk obal&#367; s konstantn&#283; dobr&yacute;m p&#345;ilnut&iacute;m etiket<\/li>\n<\/ul>\n<\/li>\n<li>Pr&#367;hlednost a jasnost &#269;ir&eacute;ho PVC a akrylov&eacute;ho skla z&#367;st&aacute;v&aacute; p&#345;i post&#345;&iacute;k&aacute;n&iacute; nebo &#269;i&#353;t&#283;n&iacute; p&#345;&iacute;pravkem NEOSTATIC zachov&aacute;na<\/li>\n<li>Nevytv&aacute;&#345;&iacute; se &#382;&aacute;dn&eacute; &#353;mouhy, ani p&#345;i ponorn&eacute; l&aacute;zni<\/li>\n<li>Dovoleno pou&#382;&iacute;vat jako aditivum pro potravin&aacute;&#345;sk&eacute; obaly (<a href=\"#6\" class=\"link\">viz St&aacute;lost<\/a>)<\/li>\n<li>Pou&#382;&iacute;v&aacute; se jako &#269;istic&iacute; prost&#345;edek pro antistatick&eacute;m &#269;ist&#283;n&iacute; (nap&#345;. podlahov&eacute; krytiny, &uacute;klid budov, &#269;i&#353;t&#283;n&iacute; plastov&yacute;ch dve&#345;&iacute; a r&aacute;m&#367; atd.)<\/li>\n<\/ul>\n<p><em>Dal&#353;&iacute; oblasti pou&#382;it&iacute;:<\/em><\/p>\n<ul class=\"list\">\n<li>U textili&iacute;, um&#283;l&yacute;ch vl&aacute;ken a sm&#283;sov&yacute;ch tkanin k optimalizaci procesu<\/li>\n<li>U pap&iacute;ru resp. pap&iacute;ru s f&oacute;li&iacute; pro lep&#353;&iacute; odd&#283;lov&aacute;n&iacute; jednotliv&yacute;ch list&#367;<\/li>\n<li>U veletr&#382;n&iacute;ch staveb pro zachov&aacute;n&iacute; vysok&eacute;ho lesku plastu a pro prodlou&#382;en&iacute; intervalu &#269;i&#353;t&#283;n&iacute;<\/li>\n<li>P&#345;i zpracov&aacute;v&aacute;n&iacute; izola&#269;n&iacute;ch a plnic&iacute;ch materi&aacute;l&#367;<\/li>\n<li>Chr\u00e1n\u00ed a udr\u017euje tekutost a sypkost plast\u016f<\/li>\n<li>Chemick&eacute; v&yacute;robky pro grafick&yacute; pr&#367;mysl<\/li>\n<li>P&#345;i pou&#382;it&iacute; s laky, um&#283;l&yacute;mi prysky&#345;icemi, barvami a pro dal&#353;&iacute; povrchov&eacute; pr&aacute;ce s plastem<\/li>\n<\/ul>\n<p>T&#283;&#353;&iacute;me se, &#382;e V&aacute;m budeme moci poradit, a r&aacute;di V&aacute;m pom&#367;&#382;eme p&#345;i realizaci Va&#353;ich projekt&#367;. <a href=\"#7\" class=\"link\">Kontaktujte n&aacute;s zde<\/a><\/p>\n<hr \/>\n<p class=\"toTop\"><a href=\"\">Nahoru<\/a><\/p>\n<p class=\"anker\"><a name=\"6\">&nbsp;<\/a><\/p>\n<h3>St&aacute;lost<\/h3>\n<p>    Na&#353;e laboratorn&#283; testovan&aacute; kvalita s osv&#283;d&#269;en&iacute;m o rozboru a na&#353;e v&yacute;roba v souladu se sm&#283;rnicemi EU V&aacute;m umo&#382;&#328;uj&iacute; pou&#382;&iacute;vat p&#345;&iacute;pravek NEOSTATIC<sup>\u00ae<\/sup> HB 155 dlouhodob&#283; jako aditivum ve Va&#353;ich v&yacute;robn&iacute;ch procesech i v budoucnu.<\/p>\n<p>NEOSTATIC<sup>\u00ae<\/sup> HB 155 je fyziologicky ne\u0161kodn\u00fd, uveden\u00fd v na\u0159\u00edzen\u00ed EU \u010d. 10\/2011 a jako takov\u00fd schv\u00e1len jako p\u0159\u00edsada pro potravin\u00e1\u0159sk\u00e9 obaly \/ omezen\u00ed 15 mg \/ m\u00b2.<\/p>\n<p>Podle evropsk\u00e9ho na\u0159\u00edzen\u00ed \u010d. 1907\/2006 o registraci, hodnocen\u00ed, povolov\u00e1n\u00ed a omezov\u00e1n\u00ed chemick\u00fdch l\u00e1tek (REACH) je p\u0159\u00edpravek NEOSTATIC<sup>\u00ae<\/sup> HB 155 zaregistrov\u00e1n.<\/p>\n<p class=\"toTop\"><a href=\"\">Nahoru<\/a><\/p>\n<p class=\"anker\"><a name=\"7\">&nbsp;<\/a><\/p>\n<h3>Kontakt<\/h3>\n<h3>NEOSTATIC<sup>&reg;<\/sup><\/h3>\n<p>PETER H. URDAHL GmbH<br \/>\n    Grete-Nevermann-Weg 14<br \/> <br \/>\n    D-22559 Hamburg \/ Germany<\/p>\n<p class=\"mobile-button\"><a href=\"tel:+4940812328\">Telefonn&iacute; &#269;&iacute;slo: +49 (0)40 81 23 28<\/a><\/p>\n<p>Fax: +49 (0)40 81 30 67<\/p>\n<p class=\"mobile-button\"><script type=\"text\/javascript\">\n               <!--\n               var name = \"urdahl\";\n               var domain = \"neostatic.com\";\n               document.write('<a href=\"mailto:' + name + '&#64;' + domain + '\">Emailov&aacute; adresa: ');\n               document.write(name + '&#64;' + domain + '<\/a>');\n               \/\/ -->\n               <\/script><\/p>\n<p>Webov&aacute; str&aacute;nka: www.neostatic.com<\/p>\n<p>Jednatel: Jan Wappler, York Urdahl<br \/>\n    &#268; DPH : DE 812843649 <br \/>\n    S&iacute;dlo spole&#269;nosti: Hamburg Amtsgericht Hamburg HRB 74452<\/p>\n<p>Platforma Komise EU pro \u0159e\u0161en\u00ed spor\u016f on-line: <a href=\"https:\/\/ec.europa.eu\/consumers\/odr\" target=\"_blank\" rel=\"noopener\">https:\/\/ec.europa.eu\/consumers\/odr<\/a><\/p>\n<p><a href=\"\/en\/nutzungsbedingungen\" class=\"link\">Podm&iacute;nky pro pou&#382;&iacute;v&aacute;n&iacute; (v n&#283;m&#269;in&#283; a angli&#269;tin&#283;)<\/a><br \/>\n    <a href=\"\/en\/agb\" class=\"link\">V&#353;eobecn&eacute; obchodn&iacute; podm&iacute;nky (v n&#283;m&#269;in&#283; a angli&#269;tin&#283;)<\/a><\/p>\n<p>\n<div class=\"wpcf7 no-js\" id=\"wpcf7-f38-o7\" lang=\"en-US\" dir=\"ltr\" data-wpcf7-id=\"38\">\n<div class=\"screen-reader-response\"><p role=\"status\" aria-live=\"polite\" aria-atomic=\"true\"><\/p> <ul><\/ul><\/div>\n<form action=\"\/cz\/wp-json\/wp\/v2\/pages\/6#wpcf7-f38-o7\" method=\"post\" class=\"wpcf7-form init\" aria-label=\"Contact form\" novalidate=\"novalidate\" data-status=\"init\">\n<fieldset class=\"hidden-fields-container\"><input type=\"hidden\" name=\"_wpcf7\" value=\"38\" \/><input type=\"hidden\" name=\"_wpcf7_version\" value=\"6.1.5\" \/><input type=\"hidden\" name=\"_wpcf7_locale\" value=\"en_US\" \/><input type=\"hidden\" name=\"_wpcf7_unit_tag\" value=\"wpcf7-f38-o7\" \/><input type=\"hidden\" name=\"_wpcf7_container_post\" value=\"0\" \/><input type=\"hidden\" name=\"_wpcf7_posted_data_hash\" value=\"\" \/>\n<\/fieldset>\n<div class=\"label1\">\n\t<p \/><label for=\"name\">Jm&eacute;no*<\/label>\n\t<\/p>\n\t<p><span class=\"wpcf7-form-control-wrap\" data-name=\"your-name\"><input size=\"40\" maxlength=\"400\" class=\"wpcf7-form-control wpcf7-text wpcf7-validates-as-required\" aria-required=\"true\" aria-invalid=\"false\" value=\"\" type=\"text\" name=\"your-name\" \/><\/span>\n\t<\/p>\n\t<p \/><label for=\"email\">Emailov&aacute; adresa*<\/label>\n\t<\/p>\n\t<p><span class=\"wpcf7-form-control-wrap\" data-name=\"your-email\"><input size=\"40\" maxlength=\"400\" class=\"wpcf7-form-control wpcf7-email wpcf7-validates-as-required wpcf7-text wpcf7-validates-as-email\" aria-required=\"true\" aria-invalid=\"false\" value=\"\" type=\"email\" name=\"your-email\" \/><\/span>\n\t<\/p>\n\t<p \/><label for=\"anwendung\">Oblast pou&#382;it&iacute;<\/label>\n\t<\/p>\n\t<p><span class=\"wpcf7-form-control-wrap\" data-name=\"anwendungsgebiet\"><input size=\"40\" maxlength=\"400\" class=\"wpcf7-form-control wpcf7-text\" aria-invalid=\"false\" value=\"\" type=\"text\" name=\"anwendungsgebiet\" \/><\/span>\n\t<\/p>\n<\/div>\n<div class=\"label2\">\n\t<p \/><label for=\"firma\">Firma*<\/label>\n\t<\/p>\n\t<p><span class=\"wpcf7-form-control-wrap\" data-name=\"firma\"><input size=\"40\" maxlength=\"400\" class=\"wpcf7-form-control wpcf7-text wpcf7-validates-as-required\" aria-required=\"true\" aria-invalid=\"false\" value=\"\" type=\"text\" name=\"firma\" \/><\/span>\n\t<\/p>\n\t<p \/><label for=\"telefon\">Telefonn\u00ed \u010d\u00edslo*<\/label>\n\t<\/p>\n\t<p><span class=\"wpcf7-form-control-wrap\" data-name=\"telefon\"><input size=\"40\" maxlength=\"400\" class=\"wpcf7-form-control wpcf7-text wpcf7-validates-as-required\" aria-required=\"true\" aria-invalid=\"false\" value=\"\" type=\"text\" name=\"telefon\" \/><\/span>\n\t<\/p>\n\t<p \/><label for=\"typ\">Typ stroje<\/label>\n\t<\/p>\n\t<p><span class=\"wpcf7-form-control-wrap\" data-name=\"maschinentyp\"><input size=\"40\" maxlength=\"400\" class=\"wpcf7-form-control wpcf7-text\" aria-invalid=\"false\" value=\"\" type=\"text\" name=\"maschinentyp\" \/><\/span>\n\t<\/p>\n<\/div>\n<div class=\"label3\">\n\t<p \/><label for=\"text\"><b>Zpr&aacute;va<\/b><\/label>\n\t<\/p>\n\t<p><span class=\"wpcf7-form-control-wrap\" data-name=\"your-message\"><textarea cols=\"40\" rows=\"10\" maxlength=\"2000\" class=\"wpcf7-form-control wpcf7-textarea\" aria-invalid=\"false\" name=\"your-message\"><\/textarea><\/span>\n\t<\/p>\n\t<p><input class=\"wpcf7-form-control wpcf7-submit has-spinner\" type=\"submit\" value=\"Send\" \/>\n\t<\/p>\n<\/div>\n<div class=\"cleaner\" style=\"margin:40px 0\">\n<\/div><div class=\"wpcf7-response-output\" aria-hidden=\"true\"><\/div>\n<\/form>\n<\/div>\n<\/p>","protected":false},"excerpt":{"rendered":"<p>V\u00edtejte D&#283;kujeme za V&aacute;&#353; z&aacute;jem o n&aacute;&#353; antistatick&yacute; p&#345;&iacute;pravek NEOSTATIC Antistatikum. V n&aacute;sleduj&iacute;c&iacute;m textu najdete p&#345;ehled v&#353;ech relevantn&iacute;ch vlastnost&iacute; na&#353;ich antistatick&yacute;ch v&yacute;robk&#367;. P&#345;ehled antistatick&yacute;ch p&#345;&iacute;pravk&#367; najdete v rubrice Produkty. Tato str&aacute;nka je ur&#269;ena pouze pro Va&#353;i informaci. R&aacute;di V&aacute;m odpov&iacute;me na p&#345;&iacute;padn&eacute; dal&#353;&iacute; ot&aacute;zky. M&#283;jte pros&iacute;m pochopen&iacute;, &#382;e korespondenci jsme schopni v&eacute;st pouze v n&#283;m&#269;in&#283; &#8230; <a title=\"Antistatick&yacute; p\u0159&iacute;pravek\" class=\"read-more\" href=\"https:\/\/www.neostatic.com\/cz\/\" aria-label=\"Read more about Antistatick&yacute; p\u0159&iacute;pravek\">Read more<\/a><\/p>\n","protected":false},"author":1,"featured_media":0,"parent":0,"menu_order":0,"comment_status":"closed","ping_status":"closed","template":"","meta":{"generate_page_header":"","footnotes":""},"class_list":["post-6","page","type-page","status-publish"],"_links":{"self":[{"href":"https:\/\/www.neostatic.com\/cz\/wp-json\/wp\/v2\/pages\/6","targetHints":{"allow":["GET"]}}],"collection":[{"href":"https:\/\/www.neostatic.com\/cz\/wp-json\/wp\/v2\/pages"}],"about":[{"href":"https:\/\/www.neostatic.com\/cz\/wp-json\/wp\/v2\/types\/page"}],"author":[{"embeddable":true,"href":"https:\/\/www.neostatic.com\/cz\/wp-json\/wp\/v2\/users\/1"}],"replies":[{"embeddable":true,"href":"https:\/\/www.neostatic.com\/cz\/wp-json\/wp\/v2\/comments?post=6"}],"version-history":[{"count":8,"href":"https:\/\/www.neostatic.com\/cz\/wp-json\/wp\/v2\/pages\/6\/revisions"}],"predecessor-version":[{"id":284,"href":"https:\/\/www.neostatic.com\/cz\/wp-json\/wp\/v2\/pages\/6\/revisions\/284"}],"wp:attachment":[{"href":"https:\/\/www.neostatic.com\/cz\/wp-json\/wp\/v2\/media?parent=6"}],"curies":[{"name":"wp","href":"https:\/\/api.w.org\/{rel}","templated":true}]}}